{"id":2598,"date":"2022-07-25T16:05:32","date_gmt":"2022-07-25T16:05:32","guid":{"rendered":"https:\/\/www.aeropuertodetoluca.com.mx\/inicio\/?page_id=2598"},"modified":"2023-03-28T18:27:43","modified_gmt":"2023-03-28T18:27:43","slug":"carga","status":"publish","type":"page","link":"https:\/\/www.aeropuertodetoluca.com.mx\/inicio\/negocios\/carga\/","title":{"rendered":"Carga"},"content":{"rendered":"<p>[vc_row][vc_column]\n\t\t\t<!-- START Carga REVOLUTION SLIDER 6.5.24 --><p class=\"rs-p-wp-fix\"><\/p>\n\t\t\t<rs-module-wrap id=\"rev_slider_20_1_wrapper\" data-source=\"gallery\" style=\"visibility:hidden;background:transparent;padding:0;margin:0px auto;margin-top:0;margin-bottom:0;\">\n\t\t\t\t<rs-module id=\"rev_slider_20_1\" style=\"\" data-version=\"6.5.24\">\n\t\t\t\t\t<rs-slides>\n\t\t\t\t\t\t<rs-slide style=\"position: absolute;\" data-key=\"rs-20\" data-title=\"ait\" data-anim=\"f:random;\" data-in=\"o:0;sx:1.1;sy:1.1;m:true;row:5;col:5;\" data-out=\"a:false;\">\n\t\t\t\t\t\t\t<img fetchpriority=\"high\" decoding=\"async\" src=\"\/\/www.aeropuertodetoluca.com.mx\/inicio\/wp-content\/plugins\/revslider\/public\/assets\/assets\/dummy.png\" alt=\"\" title=\"carga\" width=\"2000\" height=\"1012\" class=\"rev-slidebg tp-rs-img rs-lazyload\" data-lazyload=\"\/\/www.aeropuertodetoluca.com.mx\/inicio\/wp-content\/uploads\/2022\/07\/carga.jpg\" data-no-retina>\n<!--\n\t\t\t\t\t\t\t--><rs-layer\n\t\t\t\t\t\t\t\tid=\"slider-20-slide-20-layer-0\" \n\t\t\t\t\t\t\t\tdata-type=\"text\"\n\t\t\t\t\t\t\t\tdata-color=\"#fff\"\n\t\t\t\t\t\t\t\tdata-rsp_ch=\"on\"\n\t\t\t\t\t\t\t\tdata-xy=\"xo:615px,507px,385px,237px;yo:369px,304px,230px,141px;\"\n\t\t\t\t\t\t\t\tdata-text=\"w:nowrap;s:117,96,72,44;l:148,122,92,56;fw:900;a:right;\"\n\t\t\t\t\t\t\t\tdata-dim=\"w:565px,466px,354px,218px;minh:0,none,none,none;\"\n\t\t\t\t\t\t\t\tdata-frame_0=\"sX:0.9;sY:0.9;\"\n\t\t\t\t\t\t\t\tdata-frame_1=\"x:57px,47px,35px,21px;y:-45px,-37px,-28px,-17px;e:power2.inOut;st:270;sp:1000;sR:270;\"\n\t\t\t\t\t\t\t\tdata-frame_999=\"sX:0.7;sY:0.7;o:0;e:back.in;st:w;sp:500;sR:7730;\"\n\t\t\t\t\t\t\t\tstyle=\"z-index:5;background-color:rgba(0,173,187,0.33);font-family:'Roboto';text-transform:uppercase;\"\n\t\t\t\t\t\t\t>Carga \n\t\t\t\t\t\t\t<\/rs-layer><!--\n\n\t\t\t\t\t\t\t--><rs-layer\n\t\t\t\t\t\t\t\tid=\"slider-20-slide-20-layer-1\" \n\t\t\t\t\t\t\t\tdata-type=\"image\"\n\t\t\t\t\t\t\t\tdata-rsp_ch=\"on\"\n\t\t\t\t\t\t\t\tdata-xy=\"xo:726px,599px,455px,280px;yo:344px,284px,215px,132px;\"\n\t\t\t\t\t\t\t\tdata-text=\"w:normal;s:20,16,12,7;l:0,20,15,9;\"\n\t\t\t\t\t\t\t\tdata-dim=\"w:102px,84px,63px,38px;h:82px,67px,50px,30px;\"\n\t\t\t\t\t\t\t\tdata-frame_0=\"x:-100%;\"\n\t\t\t\t\t\t\t\tdata-frame_0_mask=\"u:t;\"\n\t\t\t\t\t\t\t\tdata-frame_1=\"x:1px,0px,0px,0px;y:1px,0px,0px,0px;st:1570;sp:1000;\"\n\t\t\t\t\t\t\t\tdata-frame_1_mask=\"u:t;\"\n\t\t\t\t\t\t\t\tdata-frame_999=\"o:0;st:w;sR:6430;\"\n\t\t\t\t\t\t\t\tstyle=\"z-index:6;\"\n\t\t\t\t\t\t\t><img decoding=\"async\" src=\"\/\/www.aeropuertodetoluca.com.mx\/inicio\/wp-content\/plugins\/revslider\/public\/assets\/assets\/dummy.png\" alt=\"\" class=\"tp-rs-img rs-lazyload\" width=\"2667\" height=\"2134\" data-lazyload=\"\/\/www.aeropuertodetoluca.com.mx\/inicio\/wp-content\/uploads\/2022\/07\/truck-solid.png\" data-no-retina> \n\t\t\t\t\t\t\t<\/rs-layer><!--\n-->\t\t\t\t\t\t<\/rs-slide>\n\t\t\t\t\t<\/rs-slides>\n\t\t\t\t<\/rs-module>\n\t\t\t\t<script>\n\t\t\t\t\tsetREVStartSize({c: 'rev_slider_20_1',rl:[1240,1024,778,480],el:[900,743,960,720],gw:[1240,1024,778,480],gh:[900,768,960,600],type:'standard',justify:'',layout:'fullwidth',mh:\"0\"});if (window.RS_MODULES!==undefined && window.RS_MODULES.modules!==undefined && window.RS_MODULES.modules[\"revslider201\"]!==undefined) {window.RS_MODULES.modules[\"revslider201\"].once = false;window.revapi20 = undefined;if (window.RS_MODULES.checkMinimal!==undefined) window.RS_MODULES.checkMinimal()}\n\t\t\t\t<\/script>\n\t\t\t<\/rs-module-wrap>\n\t\t\t<!-- END REVOLUTION SLIDER -->\n[\/vc_column][\/vc_row][vc_row full_width=\u00bbstretch_row\u00bb wrap_container=\u00bbyes\u00bb el_class=\u00bbpt-5 custom-zindex\u00bb css=\u00bb.vc_custom_1658765202277{background-color: #00adbb !important;}\u00bb][vc_column][vc_custom_heading text=\u00bbEmpresas encargadas de carga\u00bb font_container=\u00bbtag:h2|font_size:3em|text_align:center|color:%23ffffff|line_height:1.4em\u00bb use_theme_fonts=\u00bbyes\u00bb font_weight=\u00bb700&#8243; animation_delay=\u00bb\u00bb el_class=\u00bbmb-5&#8243;][vc_column_text css=\u00bb.vc_custom_1669228283634{margin-right: 20px !important;margin-left: 20px !important;}\u00bb]<span style=\"font-size: 28px; color: #ffffff;\">En el Aeropuerto Internacional de Toluca ocupamos el 4to lugar en M\u00e9xico de aviaci\u00f3n de Carga Nacional e Internacional, gracias a 2 grandes empresas que han confiado en este aeropuerto y que contin\u00faan creciendo a pasaos agigantados.<\/span>[\/vc_column_text][\/vc_column][\/vc_row][vc_row][vc_column][\/vc_column][\/vc_row][vc_row content_placement=\u00bbmiddle\u00bb no_padding=\u00bbyes\u00bb css=\u00bb.vc_custom_1658766226841{border-top-width: 1px !important;border-right-width: 1px !important;border-bottom-width: 1px !important;border-left-width: 1px !important;padding-bottom: 20px !important;border-left-color: #e7e7e7 !important;border-left-style: solid !important;border-right-color: #e7e7e7 !important;border-right-style: solid !important;border-top-color: #e7e7e7 !important;border-top-style: solid !important;border-bottom-color: #e7e7e7 !important;border-bottom-style: solid !important;}\u00bb el_class=\u00bbheader-top-ads\u00bb][vc_column offset=\u00bbvc_col-md-4&#8243;]<a class=\"porto-sicon-box-link\" href=\"https:\/\/www.mcs-aerocarga.com\"><div class=\"porto-sicon-box  wpb_custom_c4162c14e73d4693fb008a6308923e91 style_2 top-icon\"><div class=\"porto-sicon-top\"><div id=\"porto-icon-212401669269d87efab486a\" class=\"porto-just-icon-wrapper porto-sicon-img\" style=\"font-size: 140px;\" data-appear-animation=\"pulse\"><img decoding=\"async\" class=\"img-icon\" alt=\"\" src=\"https:\/\/www.aeropuertodetoluca.com.mx\/inicio\/wp-content\/uploads\/2022\/07\/tum.jpg\" width=\"211\" height=\"109\" \/><\/div><\/div><div class=\"porto-sicon-header\"><h3 class=\"porto-sicon-title\" style=\"margin-bottom:10px;\">TUM Carga<\/h3><p>Es una empresa mexicana con 25 a\u00f1os de experiencia en la industria en el transporte de carga. En abril del 2017 mud\u00f3 sus operaciones del Aeropuerto Internacional de la Ciudad de M\u00e9xico al Aeropuerto Internacional de Toluca (AIT).<\/p><\/div> <!-- header --><\/div><!-- porto-sicon-box --><\/a>[\/vc_column][vc_column offset=\u00bbvc_col-md-4&#8243;][\/vc_column][vc_column offset=\u00bbvc_col-md-4&#8243;]<a class=\"porto-sicon-box-link\" href=\"https:\/\/www.fedex.com\/es-mx\/home.html\"><div class=\"porto-sicon-box  wpb_custom_8100ae7c07847c159a3ded82d460ec20 style_2 top-icon\"><div class=\"porto-sicon-top\"><div id=\"porto-icon-3247135469d87efab50af\" class=\"porto-just-icon-wrapper porto-sicon-img\" style=\"font-size: 150px;\" data-appear-animation=\"pulse\"><img loading=\"lazy\" decoding=\"async\" class=\"img-icon\" alt=\"\" src=\"https:\/\/www.aeropuertodetoluca.com.mx\/inicio\/wp-content\/uploads\/2022\/07\/fedex.png\" width=\"450\" height=\"200\" \/><\/div><\/div><div class=\"porto-sicon-header\"><h3 class=\"porto-sicon-title\" style=\"margin-bottom:16px;\">Federal Express (FedEx)<\/h3><p>Principal empresa internacional de carga, que opera en el Aeropuerto Internacional Toluca desde el 2 de enero de 1990. Realiza dos vuelos diarios con equipos B-767, DC 10 y MD 11 a su principal \"SuperHub\"en el Aeropuerto Internacional de Memphis, Estados Unidos.<\/p><\/div> <!-- header --><\/div><!-- porto-sicon-box --><\/a>[\/vc_column][\/vc_row]<\/p>\n","protected":false},"excerpt":{"rendered":"<p>[vc_row][vc_column][\/vc_column][\/vc_row][vc_row full_width=\u00bbstretch_row\u00bb wrap_container=\u00bbyes\u00bb el_class=\u00bbpt-5 custom-zindex\u00bb css=\u00bb.vc_custom_1658765202277{background-color: #00adbb !important;}\u00bb][vc_column][vc_custom_heading text=\u00bbEmpresas encargadas de carga\u00bb font_container=\u00bbtag:h2|font_size:3em|text_align:center|color:%23ffffff|line_height:1.4em\u00bb use_theme_fonts=\u00bbyes\u00bb font_weight=\u00bb700&#8243; animation_delay=\u00bb\u00bb el_class=\u00bbmb-5&#8243;][vc_column_text css=\u00bb.vc_custom_1669228283634{margin-right: 20px !important;margin-left: 20px !important;}\u00bb]En el Aeropuerto Internacional de Toluca ocupamos el 4to lugar en M\u00e9xico de aviaci\u00f3n de Carga Nacional e Internacional, gracias a 2 grandes empresas que han confiado en este aeropuerto y que contin\u00faan creciendo [&hellip;]<\/p>\n","protected":false},"author":1,"featured_media":0,"parent":2614,"menu_order":0,"comment_status":"closed","ping_status":"closed","template":"elementor_canvas","meta":{"_acf_changed":false,"footnotes":""},"class_list":["post-2598","page","type-page","status-publish","hentry"],"acf":[],"yoast_head":"<!-- This site is optimized with the Yoast SEO plugin v24.0 - https:\/\/yoast.com\/wordpress\/plugins\/seo\/ -->\n<title>Carga - Aeropuerto Internacional de Toluca<\/title>\n<meta name=\"robots\" content=\"index, follow, max-snippet:-1, max-image-preview:large, max-video-preview:-1\" \/>\n<link rel=\"canonical\" href=\"https:\/\/www.aeropuertodetoluca.com.mx\/inicio\/negocios\/carga\/\" \/>\n<meta property=\"og:locale\" content=\"es_ES\" \/>\n<meta property=\"og:type\" content=\"article\" \/>\n<meta property=\"og:title\" content=\"Carga - Aeropuerto Internacional de Toluca\" \/>\n<meta property=\"og:description\" content=\"[vc_row][vc_column][\/vc_column][\/vc_row][vc_row full_width=\u00bbstretch_row\u00bb wrap_container=\u00bbyes\u00bb el_class=\u00bbpt-5 custom-zindex\u00bb css=\u00bb.vc_custom_1658765202277{background-color: #00adbb !important;}\u00bb][vc_column][vc_custom_heading text=\u00bbEmpresas encargadas de carga\u00bb font_container=\u00bbtag:h2|font_size:3em|text_align:center|color:%23ffffff|line_height:1.4em\u00bb use_theme_fonts=\u00bbyes\u00bb font_weight=\u00bb700&#8243; animation_delay=\u00bb\u00bb el_class=\u00bbmb-5&#8243;][vc_column_text css=\u00bb.vc_custom_1669228283634{margin-right: 20px !important;margin-left: 20px !important;}\u00bb]En el Aeropuerto Internacional de Toluca ocupamos el 4to lugar en M\u00e9xico de aviaci\u00f3n de Carga Nacional e Internacional, gracias a 2 grandes empresas que han confiado en este aeropuerto y que contin\u00faan creciendo [&hellip;]\" \/>\n<meta property=\"og:url\" content=\"https:\/\/www.aeropuertodetoluca.com.mx\/inicio\/negocios\/carga\/\" \/>\n<meta property=\"og:site_name\" content=\"Aeropuerto Internacional de Toluca\" \/>\n<meta property=\"article:modified_time\" content=\"2023-03-28T18:27:43+00:00\" \/>\n<meta name=\"twitter:card\" content=\"summary_large_image\" \/>\n<meta name=\"twitter:label1\" content=\"Tiempo de lectura\" \/>\n\t<meta name=\"twitter:data1\" content=\"1 minuto\" \/>\n<script type=\"application\/ld+json\" class=\"yoast-schema-graph\">{\"@context\":\"https:\/\/schema.org\",\"@graph\":[{\"@type\":\"WebPage\",\"@id\":\"https:\/\/www.aeropuertodetoluca.com.mx\/inicio\/negocios\/carga\/\",\"url\":\"https:\/\/www.aeropuertodetoluca.com.mx\/inicio\/negocios\/carga\/\",\"name\":\"Carga - Aeropuerto Internacional de Toluca\",\"isPartOf\":{\"@id\":\"https:\/\/www.aeropuertodetoluca.com.mx\/inicio\/#website\"},\"datePublished\":\"2022-07-25T16:05:32+00:00\",\"dateModified\":\"2023-03-28T18:27:43+00:00\",\"breadcrumb\":{\"@id\":\"https:\/\/www.aeropuertodetoluca.com.mx\/inicio\/negocios\/carga\/#breadcrumb\"},\"inLanguage\":\"es\",\"potentialAction\":[{\"@type\":\"ReadAction\",\"target\":[\"https:\/\/www.aeropuertodetoluca.com.mx\/inicio\/negocios\/carga\/\"]}]},{\"@type\":\"BreadcrumbList\",\"@id\":\"https:\/\/www.aeropuertodetoluca.com.mx\/inicio\/negocios\/carga\/#breadcrumb\",\"itemListElement\":[{\"@type\":\"ListItem\",\"position\":1,\"name\":\"Portada\",\"item\":\"https:\/\/www.aeropuertodetoluca.com.mx\/inicio\/\"},{\"@type\":\"ListItem\",\"position\":2,\"name\":\"Negocios\",\"item\":\"https:\/\/www.aeropuertodetoluca.com.mx\/inicio\/negocios\/\"},{\"@type\":\"ListItem\",\"position\":3,\"name\":\"Carga\"}]},{\"@type\":\"WebSite\",\"@id\":\"https:\/\/www.aeropuertodetoluca.com.mx\/inicio\/#website\",\"url\":\"https:\/\/www.aeropuertodetoluca.com.mx\/inicio\/\",\"name\":\"Aeropuerto Internacional de Toluca\",\"description\":\"Por ti y para ti\",\"publisher\":{\"@id\":\"https:\/\/www.aeropuertodetoluca.com.mx\/inicio\/#organization\"},\"potentialAction\":[{\"@type\":\"SearchAction\",\"target\":{\"@type\":\"EntryPoint\",\"urlTemplate\":\"https:\/\/www.aeropuertodetoluca.com.mx\/inicio\/?s={search_term_string}\"},\"query-input\":{\"@type\":\"PropertyValueSpecification\",\"valueRequired\":true,\"valueName\":\"search_term_string\"}}],\"inLanguage\":\"es\"},{\"@type\":\"Organization\",\"@id\":\"https:\/\/www.aeropuertodetoluca.com.mx\/inicio\/#organization\",\"name\":\"Aeropuerto Internacional de Toluca\",\"url\":\"https:\/\/www.aeropuertodetoluca.com.mx\/inicio\/\",\"logo\":{\"@type\":\"ImageObject\",\"inLanguage\":\"es\",\"@id\":\"https:\/\/www.aeropuertodetoluca.com.mx\/inicio\/#\/schema\/logo\/image\/\",\"url\":\"https:\/\/www.aeropuertodetoluca.com.mx\/inicio\/wp-content\/uploads\/2022\/06\/logosmall.png\",\"contentUrl\":\"https:\/\/www.aeropuertodetoluca.com.mx\/inicio\/wp-content\/uploads\/2022\/06\/logosmall.png\",\"width\":388,\"height\":154,\"caption\":\"Aeropuerto Internacional de Toluca\"},\"image\":{\"@id\":\"https:\/\/www.aeropuertodetoluca.com.mx\/inicio\/#\/schema\/logo\/image\/\"}}]}<\/script>\n<!-- \/ Yoast SEO plugin. -->","yoast_head_json":{"title":"Carga - Aeropuerto Internacional de Toluca","robots":{"index":"index","follow":"follow","max-snippet":"max-snippet:-1","max-image-preview":"max-image-preview:large","max-video-preview":"max-video-preview:-1"},"canonical":"https:\/\/www.aeropuertodetoluca.com.mx\/inicio\/negocios\/carga\/","og_locale":"es_ES","og_type":"article","og_title":"Carga - Aeropuerto Internacional de Toluca","og_description":"[vc_row][vc_column][\/vc_column][\/vc_row][vc_row full_width=\u00bbstretch_row\u00bb wrap_container=\u00bbyes\u00bb el_class=\u00bbpt-5 custom-zindex\u00bb css=\u00bb.vc_custom_1658765202277{background-color: #00adbb !important;}\u00bb][vc_column][vc_custom_heading text=\u00bbEmpresas encargadas de carga\u00bb font_container=\u00bbtag:h2|font_size:3em|text_align:center|color:%23ffffff|line_height:1.4em\u00bb use_theme_fonts=\u00bbyes\u00bb font_weight=\u00bb700&#8243; animation_delay=\u00bb\u00bb el_class=\u00bbmb-5&#8243;][vc_column_text css=\u00bb.vc_custom_1669228283634{margin-right: 20px !important;margin-left: 20px !important;}\u00bb]En el Aeropuerto Internacional de Toluca ocupamos el 4to lugar en M\u00e9xico de aviaci\u00f3n de Carga Nacional e Internacional, gracias a 2 grandes empresas que han confiado en este aeropuerto y que contin\u00faan creciendo [&hellip;]","og_url":"https:\/\/www.aeropuertodetoluca.com.mx\/inicio\/negocios\/carga\/","og_site_name":"Aeropuerto Internacional de Toluca","article_modified_time":"2023-03-28T18:27:43+00:00","twitter_card":"summary_large_image","twitter_misc":{"Tiempo de lectura":"1 minuto"},"schema":{"@context":"https:\/\/schema.org","@graph":[{"@type":"WebPage","@id":"https:\/\/www.aeropuertodetoluca.com.mx\/inicio\/negocios\/carga\/","url":"https:\/\/www.aeropuertodetoluca.com.mx\/inicio\/negocios\/carga\/","name":"Carga - Aeropuerto Internacional de Toluca","isPartOf":{"@id":"https:\/\/www.aeropuertodetoluca.com.mx\/inicio\/#website"},"datePublished":"2022-07-25T16:05:32+00:00","dateModified":"2023-03-28T18:27:43+00:00","breadcrumb":{"@id":"https:\/\/www.aeropuertodetoluca.com.mx\/inicio\/negocios\/carga\/#breadcrumb"},"inLanguage":"es","potentialAction":[{"@type":"ReadAction","target":["https:\/\/www.aeropuertodetoluca.com.mx\/inicio\/negocios\/carga\/"]}]},{"@type":"BreadcrumbList","@id":"https:\/\/www.aeropuertodetoluca.com.mx\/inicio\/negocios\/carga\/#breadcrumb","itemListElement":[{"@type":"ListItem","position":1,"name":"Portada","item":"https:\/\/www.aeropuertodetoluca.com.mx\/inicio\/"},{"@type":"ListItem","position":2,"name":"Negocios","item":"https:\/\/www.aeropuertodetoluca.com.mx\/inicio\/negocios\/"},{"@type":"ListItem","position":3,"name":"Carga"}]},{"@type":"WebSite","@id":"https:\/\/www.aeropuertodetoluca.com.mx\/inicio\/#website","url":"https:\/\/www.aeropuertodetoluca.com.mx\/inicio\/","name":"Aeropuerto Internacional de Toluca","description":"Por ti y para ti","publisher":{"@id":"https:\/\/www.aeropuertodetoluca.com.mx\/inicio\/#organization"},"potentialAction":[{"@type":"SearchAction","target":{"@type":"EntryPoint","urlTemplate":"https:\/\/www.aeropuertodetoluca.com.mx\/inicio\/?s={search_term_string}"},"query-input":{"@type":"PropertyValueSpecification","valueRequired":true,"valueName":"search_term_string"}}],"inLanguage":"es"},{"@type":"Organization","@id":"https:\/\/www.aeropuertodetoluca.com.mx\/inicio\/#organization","name":"Aeropuerto Internacional de Toluca","url":"https:\/\/www.aeropuertodetoluca.com.mx\/inicio\/","logo":{"@type":"ImageObject","inLanguage":"es","@id":"https:\/\/www.aeropuertodetoluca.com.mx\/inicio\/#\/schema\/logo\/image\/","url":"https:\/\/www.aeropuertodetoluca.com.mx\/inicio\/wp-content\/uploads\/2022\/06\/logosmall.png","contentUrl":"https:\/\/www.aeropuertodetoluca.com.mx\/inicio\/wp-content\/uploads\/2022\/06\/logosmall.png","width":388,"height":154,"caption":"Aeropuerto Internacional de Toluca"},"image":{"@id":"https:\/\/www.aeropuertodetoluca.com.mx\/inicio\/#\/schema\/logo\/image\/"}}]}},"_links":{"self":[{"href":"https:\/\/www.aeropuertodetoluca.com.mx\/inicio\/wp-json\/wp\/v2\/pages\/2598","targetHints":{"allow":["GET"]}}],"collection":[{"href":"https:\/\/www.aeropuertodetoluca.com.mx\/inicio\/wp-json\/wp\/v2\/pages"}],"about":[{"href":"https:\/\/www.aeropuertodetoluca.com.mx\/inicio\/wp-json\/wp\/v2\/types\/page"}],"author":[{"embeddable":true,"href":"https:\/\/www.aeropuertodetoluca.com.mx\/inicio\/wp-json\/wp\/v2\/users\/1"}],"replies":[{"embeddable":true,"href":"https:\/\/www.aeropuertodetoluca.com.mx\/inicio\/wp-json\/wp\/v2\/comments?post=2598"}],"version-history":[{"count":16,"href":"https:\/\/www.aeropuertodetoluca.com.mx\/inicio\/wp-json\/wp\/v2\/pages\/2598\/revisions"}],"predecessor-version":[{"id":3049,"href":"https:\/\/www.aeropuertodetoluca.com.mx\/inicio\/wp-json\/wp\/v2\/pages\/2598\/revisions\/3049"}],"up":[{"embeddable":true,"href":"https:\/\/www.aeropuertodetoluca.com.mx\/inicio\/wp-json\/wp\/v2\/pages\/2614"}],"wp:attachment":[{"href":"https:\/\/www.aeropuertodetoluca.com.mx\/inicio\/wp-json\/wp\/v2\/media?parent=2598"}],"curies":[{"name":"wp","href":"https:\/\/api.w.org\/{rel}","templated":true}]}}