{"id":2501,"date":"2022-07-13T21:42:01","date_gmt":"2022-07-13T21:42:01","guid":{"rendered":"https:\/\/www.aeropuertodetoluca.com.mx\/inicio\/?page_id=2501"},"modified":"2022-07-13T21:42:01","modified_gmt":"2022-07-13T21:42:01","slug":"conectividad2","status":"publish","type":"page","link":"https:\/\/www.aeropuertodetoluca.com.mx\/inicio\/servicios\/conectividad2\/","title":{"rendered":"Conectividad2"},"content":{"rendered":"<p>[vc_row full_width=\u00bbstretch_row_content_no_spaces\u00bb no_padding=\u00bbyes\u00bb][vc_column]<div class=\"porto-carousel owl-carousel has-ccols ccols-1 intro-carousel mb-0 wpb_custom_c86c2fb53cae9eced42d4b8900a042f3 nav-pos-inside nav-style-1 show-nav-hover\" data-plugin-options=\"{&quot;themeConfig&quot;:true,&quot;stagePadding&quot;:0,&quot;margin&quot;:0,&quot;autoplay&quot;:&quot;yes&quot;,&quot;mouseDrag&quot;:false,&quot;touchDrag&quot;:false,&quot;autoplayTimeout&quot;:7000,&quot;autoplayHoverPause&quot;:false,&quot;items&quot;:1,&quot;xl&quot;:1,&quot;lg&quot;:1,&quot;md&quot;:1,&quot;sm&quot;:1,&quot;xs&quot;:1,&quot;nav&quot;:&quot;yes&quot;,&quot;dots&quot;:false,&quot;animateIn&quot;:&quot;fadeIn&quot;,&quot;animateOut&quot;:&quot;fadeOut&quot;,&quot;loop&quot;:&quot;yes&quot;,&quot;center&quot;:false,&quot;video&quot;:false,&quot;lazyLoad&quot;:false,&quot;fullscreen&quot;:false}\"><div id=\"interactive-banner-wrap-uvex\" class=\"porto-ibanner mb-0\" style=\"background:#f4f4f4;\"><div class=\"banner-effect-wrapper\"><div class=\"banner-effect kenBurnsToLeft\" style=\"background-image: url(https:\/\/www.aeropuertodetoluca.com.mx\/inicio\/wp-content\/uploads\/2022\/06\/servicios-3-scaled.jpg); background-size: cover;background-position: center;animation-duration: 30s;\"><\/div><\/div><img fetchpriority=\"high\" decoding=\"async\" alt=\"\" width=\"2560\" height=\"1109\" class=\"porto-ibanner-img invisible\" src=\"https:\/\/www.aeropuertodetoluca.com.mx\/inicio\/wp-content\/uploads\/2022\/06\/servicios-3-scaled.jpg\" srcset=\"https:\/\/www.aeropuertodetoluca.com.mx\/inicio\/wp-content\/uploads\/2022\/06\/servicios-3-scaled.jpg 2560w, https:\/\/www.aeropuertodetoluca.com.mx\/inicio\/wp-content\/uploads\/2022\/06\/servicios-3-1024x444.jpg 1024w, https:\/\/www.aeropuertodetoluca.com.mx\/inicio\/wp-content\/uploads\/2022\/06\/servicios-3-768x333.jpg 768w, https:\/\/www.aeropuertodetoluca.com.mx\/inicio\/wp-content\/uploads\/2022\/06\/servicios-3-600x260.jpg 600w, https:\/\/www.aeropuertodetoluca.com.mx\/inicio\/wp-content\/uploads\/2022\/06\/servicios-3-1536x666.jpg 1536w, https:\/\/www.aeropuertodetoluca.com.mx\/inicio\/wp-content\/uploads\/2022\/06\/servicios-3-2048x887.jpg 2048w, https:\/\/www.aeropuertodetoluca.com.mx\/inicio\/wp-content\/uploads\/2022\/06\/servicios-3-640x277.jpg 640w, https:\/\/www.aeropuertodetoluca.com.mx\/inicio\/wp-content\/uploads\/2022\/06\/servicios-3-400x173.jpg 400w\" sizes=\"(max-width: 2560px) 100vw, 2560px\"><div class=\"porto-ibanner-desc no-padding d-flex\"><div class=\"container\"><div class=\"porto-ibanner-container\"><div class=\"porto-ibanner-layer col-lg-8 col-xl-7 wpb_custom_2c5109c031829f9c54153ed0e6239ff6 banner-pos-355d025a516a461b07ae4ae4f5e1a32c\">[vc_custom_heading text=\u00bbCONECTIVIDAD\u00bb font_container=\u00bbtag:h1|font_size:3.8em|text_align:center|color:%23ffffff|line_height:1.4&#8243; use_theme_fonts=\u00bbyes\u00bb font_weight=\u00bb700&#8243; animation_delay=\u00bb800&#8243; el_class=\u00bbmb-2&#8243; animation_type=\u00bbfadeInUp\u00bb][vc_custom_heading text=\u00bbBIENVENIDO AL AIT\u00bb font_container=\u00bbtag:h2|font_size:2em|text_align:center|color:%23ffffff|line_height:1.2&#8243; use_theme_fonts=\u00bbyes\u00bb font_weight=\u00bb700&#8243; animation_delay=\u00bb1100&#8243; el_class=\u00bbmb-4&#8243; animation_type=\u00bbfadeInUp\u00bb]<style>.banner-pos-355d025a516a461b07ae4ae4f5e1a32c {right:0%;left: unset;top: 50%;bottom: unset;transform: translateY(-50%);}<\/style><\/div><\/div><\/div><\/div><\/div><\/div>[\/vc_column][\/vc_row][vc_row full_width=\u00bbstretch_row\u00bb wrap_container=\u00bbyes\u00bb el_class=\u00bbpt-5 custom-zindex\u00bb css=\u00bb.vc_custom_1655955635645{background-color: #78bc42 !important;}\u00bb][vc_column][vc_custom_heading text=\u00bbConectividad\u00bb font_container=\u00bbtag:h2|font_size:3.65em|text_align:center|color:%23ffffff|line_height:1.4em\u00bb use_theme_fonts=\u00bbyes\u00bb font_weight=\u00bb700&#8243; animation_delay=\u00bb\u00bb el_class=\u00bbmb-5&#8243;][vc_column_text css=\u00bb.vc_custom_1657553080147{margin-right: 20px !important;margin-left: 2px !important;}\u00bb]<\/p>\n<p style=\"color: #ffffff; font-size: 20px; text-align: center;\"><span style=\"font-size: 24px;\">Ubicado en el Estado de M\u00e9xico, el Aeropuerto Internacional de Toluca es la terminal a\u00e9rea m\u00e1s cercana a la Ciudad de M\u00e9xico.<\/span><\/p>\n<p style=\"color: #ffffff; font-size: 20px; text-align: center;\"><span style=\"font-size: 24px;\">Est\u00e1 localizado a tan s\u00f3lo 43 kil\u00f3metros de distancia del centro financiero y empresarial m\u00e1s importante de M\u00e9xico, Santa Fe; desde aqu\u00ed puedes viajar v\u00eda terrestre a: Cuernavaca, Quer\u00e9taro, Morelia, Ciudad de M\u00e9xico y los Pueblos M\u00e1gicos del Estado de M\u00e9xico como Valle de Bravo y Metepec.<\/span><\/p>\n<p>[\/vc_column_text][\/vc_column][\/vc_row][vc_row full_height=\u00bbyes\u00bb columns_placement=\u00bbtop\u00bb wrap_container=\u00bbyes\u00bb is_section=\u00bbyes\u00bb section_skin=\u00bbparallax\u00bb remove_margin_top=\u00bbyes\u00bb remove_margin_bottom=\u00bbyes\u00bb remove_border=\u00bbyes\u00bb el_id=\u00bbsection_6&#8243;][vc_column][vc_row_inner animation_delay=\u00bb1100&#8243; el_class=\u00bbmx-0&#8243; css=\u00bb.vc_custom_1557009748261{background-color: #f7f7f7 !important;}\u00bb animation_type=\u00bbfadeInUp\u00bb][vc_column_inner el_class=\u00bbp-5&#8243; offset=\u00bbvc_col-md-9&#8243;][vc_separator color=\u00bbcustom\u00bb style=\u00bbsolid\u00bb accent_color=\u00bbrgba(0,0,0,0.06)\u00bb][vc_column_text el_class=\u00bbmb-0&#8243;]<\/p>\n<div class=\"row\">\n<div class=\"col-md-4\">\n<ul class=\"list list-icons list-primary mb-0\">\n<li><strong>Ciudad<\/strong><\/li>\n<li>Santa.Fe<\/li>\n<li>CDMX<\/li>\n<li>Morelia<\/li>\n<li>Quer\u00e9taro<\/li>\n<li>Pachuca<\/li>\n<li>Cuernavaca<\/li>\n<li>Guanajuato<\/li>\n<\/ul>\n<\/div>\n<div class=\"col-md-4\">\n<ul class=\"list list-icons list-primary mb-0\">\n<li><strong>Kilometros<\/strong><\/li>\n<li>43<\/li>\n<li>59<\/li>\n<li>241<\/li>\n<li>209<\/li>\n<li>169<\/li>\n<li>131<\/li>\n<li>325<\/li>\n<\/ul>\n<\/div>\n<div class=\"col-md-4\">\n<ul class=\"list list-icons list-primary mb-0\">\n<li><strong>Mapa<\/strong><\/li>\n<li><span style=\"color: #000000;\"><a style=\"color: #000000;\" href=\"https:\/\/goo.gl\/maps\/yVtN97xPTirbpMBT6\"> VER MAPA<\/a><\/span><\/li>\n<li><span style=\"color: #000000;\"><a style=\"color: #000000;\" href=\"https:\/\/goo.gl\/maps\/Ut4ggxfBMfTNko777 \"> VER MAPA<\/a><\/span><\/li>\n<li><span style=\"color: #000000;\"><a style=\"color: #000000;\" href=\"https:\/\/goo.gl\/maps\/XFRwsJqpfwRFsPBQ6 \"> VER MAPA<\/a><\/span><\/li>\n<li><span style=\"color: #000000;\"><a style=\"color: #000000;\" href=\"https:\/\/goo.gl\/maps\/DfQKck4BiYpHQHvU6 \"> VER MAPA<\/a><\/span><\/li>\n<li><span style=\"color: #000000;\"><a style=\"color: #000000;\" href=\"https:\/\/goo.gl\/maps\/GNH2KGeZ9hBp1b1aA \"> VER MAPA<\/a><\/span><\/li>\n<li><span style=\"color: #000000;\"><a style=\"color: #000000;\" href=\"https:\/\/goo.gl\/maps\/TQeHsnroGZu9jHjm6 \"> VER MAPA<\/a><\/span><\/li>\n<li><span style=\"color: #000000;\"><a style=\"color: #000000;\" href=\"https:\/\/goo.gl\/maps\/CxneiwaY9Q1o6WZ77 \"> VER MAPA<\/a><\/span><\/li>\n<\/ul>\n<\/div>\n<\/div>\n<p>[\/vc_column_text][\/vc_column_inner][vc_column_inner el_class=\u00bbp-2 d-flex align-items-stretch\u00bb offset=\u00bbvc_col-md-3&#8243;][vc_column_text el_class=\u00bbh-100 mb-0 d-flex align-items-center justify-content-center text-center py-5&#8243; css=\u00bb.vc_custom_1656673190089{background-color: #ffffff !important;}\u00bb]<img decoding=\"async\" class=\"alignnone size-medium wp-image-1092\" src=\"http:\/\/www.aeropuertodetoluca.com.mx\/inicio\/wp-content\/uploads\/2022\/06\/logosmall-300x119.png\" alt=\"\" width=\"300\" height=\"119\" \/>[\/vc_column_text][\/vc_column_inner][\/vc_row_inner][\/vc_column][\/vc_row][vc_row][vc_column]<div id='wrap_map_69d366d970e56' class='porto-map-wrapper porto-adjust-bottom-margin ' style='height:300px;'><div id='map_69d366d970e56' data-map_override='0' class='porto_google_map page_margin_top' style='width:100%;height:300px;'><\/div><\/div><script>\r\n( function() {\r\n\tvar porto_init_map = function() {\r\n\t\t( function( $ ) {\r\n\t\t\t'use strict';\r\n\t\t\tif (typeof google == 'undefined') {\r\n\t\t\t\treturn;\r\n\t\t\t}\r\n\t\t\tvar map_map_69d366d970e56 = null;\r\n\t\t\tvar coordinate_map_69d366d970e56;\r\n\t\t\ttry {\r\n\t\t\t\tcoordinate_map_69d366d970e56=new google.maps.LatLng(19.340406090521814, -99.56983204402465);\r\n\t\t\t\tvar isDraggable = $(document).width() > 640 ? true : true;\r\n\t\t\t\tvar mapOptions = {\r\n\t\t\t\t\tzoom: 1,\r\n\t\t\t\t\tcenter: coordinate_map_69d366d970e56,\r\n\t\t\t\t\tscaleControl: true,\r\n\t\t\t\t\tstreetViewControl: false,\r\n\t\t\t\t\tmapTypeControl: false,\r\n\t\t\t\t\tpanControl: false,\r\n\t\t\t\t\tzoomControl: false,\r\n\t\t\t\t\tscrollwheel: true,\r\n\t\t\t\t\tdraggable: isDraggable,\r\n\t\t\t\t\tzoomControlOptions: {\r\n\t\t\t\t\t\tposition: google.maps.ControlPosition.RIGHT_BOTTOM\r\n\t\t\t\t\t},mapTypeId: google.maps.MapTypeId.ROADMAP,};var map_map_69d366d970e56 = new google.maps.Map(document.getElementById('map_69d366d970e56'),mapOptions);\r\n\t\t\t\t\t\tvar x = 'on';\r\n\t\t\t\t\t\tvar marker_map_69d366d970e56 = new google.maps.Marker({\r\n\t\t\t\t\t\tposition: new google.maps.LatLng(19.340406090521814, -99.56983204402465),\r\n\t\t\t\t\t\tanimation:  google.maps.Animation.DROP,\r\n\t\t\t\t\t\tmap: map_map_69d366d970e56,\r\n\t\t\t\t\t\ticon: ''\r\n\t\t\t\t\t});\r\n\t\t\t\t\tgoogle.maps.event.addListener(marker_map_69d366d970e56, 'click', toggleBounce);}\r\n\t\t\tcatch(e){};\r\n\t\t\tgoogle.maps.event.trigger(map_map_69d366d970e56, 'resize');\r\n\t\t\t$(window).on('resize', function(){\r\n\t\t\t\tgoogle.maps.event.trigger(map_map_69d366d970e56, 'resize');\r\n\t\t\t\tif(map_map_69d366d970e56!=null) {\r\n\t\t\t\t\tmap_map_69d366d970e56.setCenter(coordinate_map_69d366d970e56);\r\n\t\t\t\t}\r\n\t\t\t});\r\n\t\t\t$('.ui-tabs').on('tabsactivate', function(event, ui) {\r\n\t\t\t   if($(this).find('.porto-map-wrapper').length > 0)\r\n\t\t\t\t{\r\n\t\t\t\t\tsetTimeout(function(){\r\n\t\t\t\t\t\t$(window).trigger('resize');\r\n\t\t\t\t\t},200);\r\n\t\t\t\t}\r\n\t\t\t});\r\n\t\t\t$('.ui-accordion').on('accordionactivate', function(event, ui) {\r\n\t\t\t\tif($(this).find('.porto-map-wrapper').length > 0) {\r\n\t\t\t\t\tsetTimeout(function(){\r\n\t\t\t\t\t\t$(window).trigger('resize');\r\n\t\t\t\t\t},200);\r\n\t\t\t\t}\r\n\t\t\t});\r\n\t\t\t$(document).on('onPortoModalPopupOpen', function(){\r\n\t\t\t\tif($(map_map_69d366d970e56).parents('.porto_modal-content')) {\r\n\t\t\t\t\tsetTimeout(function(){\r\n\t\t\t\t\t\t$(window).trigger('resize');\r\n\t\t\t\t\t},200);\r\n\t\t\t\t}\r\n\t\t\t});\r\n\t\t\tfunction toggleBounce() {\r\n\t\t\t\tif (marker_map_69d366d970e56.getAnimation() != null) {\r\n\t\t\t\t\tmarker_map_69d366d970e56.setAnimation(null);\r\n\t\t\t\t} else {\r\n\t\t\t\t\tmarker_map_69d366d970e56.setAnimation(google.maps.Animation.BOUNCE);\r\n\t\t\t\t}\r\n\t\t\t}\r\n\t\t} )( window.jQuery );\r\n\t};\r\n\r\n\tif ( window.jQuery ) {\r\n\t\tjQuery( document ).ready(function() {\r\n\t\t\tporto_init_map();\r\n\t\t} );\r\n\t} else {\r\n\t\tdocument.addEventListener( 'DOMContentLoaded', porto_init_map );\r\n\t}\r\n\r\n\twindow.addEventListener( 'load', function() {\r\n\t\tsetTimeout( function() {\r\n\t\t\tjQuery( window ).trigger( 'resize' );\r\n\t\t}, 200 );\r\n\t} );\r\n} )();\r\n<\/script>[\/vc_column][\/vc_row]<\/p>\n","protected":false},"excerpt":{"rendered":"<p>[vc_row full_width=\u00bbstretch_row_content_no_spaces\u00bb no_padding=\u00bbyes\u00bb][vc_column][\/vc_column][\/vc_row][vc_row full_width=\u00bbstretch_row\u00bb wrap_container=\u00bbyes\u00bb el_class=\u00bbpt-5 custom-zindex\u00bb css=\u00bb.vc_custom_1655955635645{background-color: #78bc42 !important;}\u00bb][vc_column][vc_custom_heading text=\u00bbConectividad\u00bb font_container=\u00bbtag:h2|font_size:3.65em|text_align:center|color:%23ffffff|line_height:1.4em\u00bb use_theme_fonts=\u00bbyes\u00bb font_weight=\u00bb700&#8243; animation_delay=\u00bb\u00bb el_class=\u00bbmb-5&#8243;][vc_column_text css=\u00bb.vc_custom_1657553080147{margin-right: 20px !important;margin-left: 2px !important;}\u00bb] Ubicado en el Estado de M\u00e9xico, el Aeropuerto Internacional de Toluca es la terminal a\u00e9rea m\u00e1s cercana a la Ciudad de M\u00e9xico. Est\u00e1 localizado a tan s\u00f3lo 43 kil\u00f3metros de distancia del centro financiero [&hellip;]<\/p>\n","protected":false},"author":1,"featured_media":0,"parent":2351,"menu_order":0,"comment_status":"closed","ping_status":"closed","template":"elementor_canvas","meta":{"_acf_changed":false,"footnotes":""},"class_list":["post-2501","page","type-page","status-publish","hentry"],"acf":[],"yoast_head":"<!-- This site is optimized with the Yoast SEO plugin v24.0 - https:\/\/yoast.com\/wordpress\/plugins\/seo\/ -->\n<title>Conectividad2 - Aeropuerto Internacional de Toluca<\/title>\n<meta name=\"robots\" content=\"index, follow, max-snippet:-1, max-image-preview:large, max-video-preview:-1\" \/>\n<link rel=\"canonical\" href=\"https:\/\/www.aeropuertodetoluca.com.mx\/inicio\/servicios\/conectividad2\/\" \/>\n<meta property=\"og:locale\" content=\"es_ES\" \/>\n<meta property=\"og:type\" content=\"article\" \/>\n<meta property=\"og:title\" content=\"Conectividad2 - Aeropuerto Internacional de Toluca\" \/>\n<meta property=\"og:description\" content=\"[vc_row full_width=\u00bbstretch_row_content_no_spaces\u00bb no_padding=\u00bbyes\u00bb][vc_column][\/vc_column][\/vc_row][vc_row full_width=\u00bbstretch_row\u00bb wrap_container=\u00bbyes\u00bb el_class=\u00bbpt-5 custom-zindex\u00bb css=\u00bb.vc_custom_1655955635645{background-color: #78bc42 !important;}\u00bb][vc_column][vc_custom_heading text=\u00bbConectividad\u00bb font_container=\u00bbtag:h2|font_size:3.65em|text_align:center|color:%23ffffff|line_height:1.4em\u00bb use_theme_fonts=\u00bbyes\u00bb font_weight=\u00bb700&#8243; animation_delay=\u00bb\u00bb el_class=\u00bbmb-5&#8243;][vc_column_text css=\u00bb.vc_custom_1657553080147{margin-right: 20px !important;margin-left: 2px !important;}\u00bb] Ubicado en el Estado de M\u00e9xico, el Aeropuerto Internacional de Toluca es la terminal a\u00e9rea m\u00e1s cercana a la Ciudad de M\u00e9xico. Est\u00e1 localizado a tan s\u00f3lo 43 kil\u00f3metros de distancia del centro financiero [&hellip;]\" \/>\n<meta property=\"og:url\" content=\"https:\/\/www.aeropuertodetoluca.com.mx\/inicio\/servicios\/conectividad2\/\" \/>\n<meta property=\"og:site_name\" content=\"Aeropuerto Internacional de Toluca\" \/>\n<meta property=\"og:image\" content=\"http:\/\/www.aeropuertodetoluca.com.mx\/inicio\/wp-content\/uploads\/2022\/06\/logosmall-300x119.png\" \/>\n<meta name=\"twitter:card\" content=\"summary_large_image\" \/>\n<meta name=\"twitter:label1\" content=\"Tiempo de lectura\" \/>\n\t<meta name=\"twitter:data1\" content=\"1 minuto\" \/>\n<script type=\"application\/ld+json\" class=\"yoast-schema-graph\">{\"@context\":\"https:\/\/schema.org\",\"@graph\":[{\"@type\":\"WebPage\",\"@id\":\"https:\/\/www.aeropuertodetoluca.com.mx\/inicio\/servicios\/conectividad2\/\",\"url\":\"https:\/\/www.aeropuertodetoluca.com.mx\/inicio\/servicios\/conectividad2\/\",\"name\":\"Conectividad2 - Aeropuerto Internacional de Toluca\",\"isPartOf\":{\"@id\":\"https:\/\/www.aeropuertodetoluca.com.mx\/inicio\/#website\"},\"primaryImageOfPage\":{\"@id\":\"https:\/\/www.aeropuertodetoluca.com.mx\/inicio\/servicios\/conectividad2\/#primaryimage\"},\"image\":{\"@id\":\"https:\/\/www.aeropuertodetoluca.com.mx\/inicio\/servicios\/conectividad2\/#primaryimage\"},\"thumbnailUrl\":\"http:\/\/www.aeropuertodetoluca.com.mx\/inicio\/wp-content\/uploads\/2022\/06\/logosmall-300x119.png\",\"datePublished\":\"2022-07-13T21:42:01+00:00\",\"dateModified\":\"2022-07-13T21:42:01+00:00\",\"breadcrumb\":{\"@id\":\"https:\/\/www.aeropuertodetoluca.com.mx\/inicio\/servicios\/conectividad2\/#breadcrumb\"},\"inLanguage\":\"es\",\"potentialAction\":[{\"@type\":\"ReadAction\",\"target\":[\"https:\/\/www.aeropuertodetoluca.com.mx\/inicio\/servicios\/conectividad2\/\"]}]},{\"@type\":\"ImageObject\",\"inLanguage\":\"es\",\"@id\":\"https:\/\/www.aeropuertodetoluca.com.mx\/inicio\/servicios\/conectividad2\/#primaryimage\",\"url\":\"https:\/\/www.aeropuertodetoluca.com.mx\/inicio\/wp-content\/uploads\/2022\/06\/logosmall.png\",\"contentUrl\":\"https:\/\/www.aeropuertodetoluca.com.mx\/inicio\/wp-content\/uploads\/2022\/06\/logosmall.png\",\"width\":388,\"height\":154},{\"@type\":\"BreadcrumbList\",\"@id\":\"https:\/\/www.aeropuertodetoluca.com.mx\/inicio\/servicios\/conectividad2\/#breadcrumb\",\"itemListElement\":[{\"@type\":\"ListItem\",\"position\":1,\"name\":\"Portada\",\"item\":\"https:\/\/www.aeropuertodetoluca.com.mx\/inicio\/\"},{\"@type\":\"ListItem\",\"position\":2,\"name\":\"servicios\",\"item\":\"https:\/\/www.aeropuertodetoluca.com.mx\/inicio\/servicios\/\"},{\"@type\":\"ListItem\",\"position\":3,\"name\":\"Conectividad2\"}]},{\"@type\":\"WebSite\",\"@id\":\"https:\/\/www.aeropuertodetoluca.com.mx\/inicio\/#website\",\"url\":\"https:\/\/www.aeropuertodetoluca.com.mx\/inicio\/\",\"name\":\"Aeropuerto Internacional de Toluca\",\"description\":\"Por ti y para ti\",\"publisher\":{\"@id\":\"https:\/\/www.aeropuertodetoluca.com.mx\/inicio\/#organization\"},\"potentialAction\":[{\"@type\":\"SearchAction\",\"target\":{\"@type\":\"EntryPoint\",\"urlTemplate\":\"https:\/\/www.aeropuertodetoluca.com.mx\/inicio\/?s={search_term_string}\"},\"query-input\":{\"@type\":\"PropertyValueSpecification\",\"valueRequired\":true,\"valueName\":\"search_term_string\"}}],\"inLanguage\":\"es\"},{\"@type\":\"Organization\",\"@id\":\"https:\/\/www.aeropuertodetoluca.com.mx\/inicio\/#organization\",\"name\":\"Aeropuerto Internacional de Toluca\",\"url\":\"https:\/\/www.aeropuertodetoluca.com.mx\/inicio\/\",\"logo\":{\"@type\":\"ImageObject\",\"inLanguage\":\"es\",\"@id\":\"https:\/\/www.aeropuertodetoluca.com.mx\/inicio\/#\/schema\/logo\/image\/\",\"url\":\"https:\/\/www.aeropuertodetoluca.com.mx\/inicio\/wp-content\/uploads\/2022\/06\/logosmall.png\",\"contentUrl\":\"https:\/\/www.aeropuertodetoluca.com.mx\/inicio\/wp-content\/uploads\/2022\/06\/logosmall.png\",\"width\":388,\"height\":154,\"caption\":\"Aeropuerto Internacional de Toluca\"},\"image\":{\"@id\":\"https:\/\/www.aeropuertodetoluca.com.mx\/inicio\/#\/schema\/logo\/image\/\"}}]}<\/script>\n<!-- \/ Yoast SEO plugin. -->","yoast_head_json":{"title":"Conectividad2 - Aeropuerto Internacional de Toluca","robots":{"index":"index","follow":"follow","max-snippet":"max-snippet:-1","max-image-preview":"max-image-preview:large","max-video-preview":"max-video-preview:-1"},"canonical":"https:\/\/www.aeropuertodetoluca.com.mx\/inicio\/servicios\/conectividad2\/","og_locale":"es_ES","og_type":"article","og_title":"Conectividad2 - Aeropuerto Internacional de Toluca","og_description":"[vc_row full_width=\u00bbstretch_row_content_no_spaces\u00bb no_padding=\u00bbyes\u00bb][vc_column][\/vc_column][\/vc_row][vc_row full_width=\u00bbstretch_row\u00bb wrap_container=\u00bbyes\u00bb el_class=\u00bbpt-5 custom-zindex\u00bb css=\u00bb.vc_custom_1655955635645{background-color: #78bc42 !important;}\u00bb][vc_column][vc_custom_heading text=\u00bbConectividad\u00bb font_container=\u00bbtag:h2|font_size:3.65em|text_align:center|color:%23ffffff|line_height:1.4em\u00bb use_theme_fonts=\u00bbyes\u00bb font_weight=\u00bb700&#8243; animation_delay=\u00bb\u00bb el_class=\u00bbmb-5&#8243;][vc_column_text css=\u00bb.vc_custom_1657553080147{margin-right: 20px !important;margin-left: 2px !important;}\u00bb] Ubicado en el Estado de M\u00e9xico, el Aeropuerto Internacional de Toluca es la terminal a\u00e9rea m\u00e1s cercana a la Ciudad de M\u00e9xico. Est\u00e1 localizado a tan s\u00f3lo 43 kil\u00f3metros de distancia del centro financiero [&hellip;]","og_url":"https:\/\/www.aeropuertodetoluca.com.mx\/inicio\/servicios\/conectividad2\/","og_site_name":"Aeropuerto Internacional de Toluca","og_image":[{"url":"http:\/\/www.aeropuertodetoluca.com.mx\/inicio\/wp-content\/uploads\/2022\/06\/logosmall-300x119.png","type":"","width":"","height":""}],"twitter_card":"summary_large_image","twitter_misc":{"Tiempo de lectura":"1 minuto"},"schema":{"@context":"https:\/\/schema.org","@graph":[{"@type":"WebPage","@id":"https:\/\/www.aeropuertodetoluca.com.mx\/inicio\/servicios\/conectividad2\/","url":"https:\/\/www.aeropuertodetoluca.com.mx\/inicio\/servicios\/conectividad2\/","name":"Conectividad2 - Aeropuerto Internacional de Toluca","isPartOf":{"@id":"https:\/\/www.aeropuertodetoluca.com.mx\/inicio\/#website"},"primaryImageOfPage":{"@id":"https:\/\/www.aeropuertodetoluca.com.mx\/inicio\/servicios\/conectividad2\/#primaryimage"},"image":{"@id":"https:\/\/www.aeropuertodetoluca.com.mx\/inicio\/servicios\/conectividad2\/#primaryimage"},"thumbnailUrl":"http:\/\/www.aeropuertodetoluca.com.mx\/inicio\/wp-content\/uploads\/2022\/06\/logosmall-300x119.png","datePublished":"2022-07-13T21:42:01+00:00","dateModified":"2022-07-13T21:42:01+00:00","breadcrumb":{"@id":"https:\/\/www.aeropuertodetoluca.com.mx\/inicio\/servicios\/conectividad2\/#breadcrumb"},"inLanguage":"es","potentialAction":[{"@type":"ReadAction","target":["https:\/\/www.aeropuertodetoluca.com.mx\/inicio\/servicios\/conectividad2\/"]}]},{"@type":"ImageObject","inLanguage":"es","@id":"https:\/\/www.aeropuertodetoluca.com.mx\/inicio\/servicios\/conectividad2\/#primaryimage","url":"https:\/\/www.aeropuertodetoluca.com.mx\/inicio\/wp-content\/uploads\/2022\/06\/logosmall.png","contentUrl":"https:\/\/www.aeropuertodetoluca.com.mx\/inicio\/wp-content\/uploads\/2022\/06\/logosmall.png","width":388,"height":154},{"@type":"BreadcrumbList","@id":"https:\/\/www.aeropuertodetoluca.com.mx\/inicio\/servicios\/conectividad2\/#breadcrumb","itemListElement":[{"@type":"ListItem","position":1,"name":"Portada","item":"https:\/\/www.aeropuertodetoluca.com.mx\/inicio\/"},{"@type":"ListItem","position":2,"name":"servicios","item":"https:\/\/www.aeropuertodetoluca.com.mx\/inicio\/servicios\/"},{"@type":"ListItem","position":3,"name":"Conectividad2"}]},{"@type":"WebSite","@id":"https:\/\/www.aeropuertodetoluca.com.mx\/inicio\/#website","url":"https:\/\/www.aeropuertodetoluca.com.mx\/inicio\/","name":"Aeropuerto Internacional de Toluca","description":"Por ti y para ti","publisher":{"@id":"https:\/\/www.aeropuertodetoluca.com.mx\/inicio\/#organization"},"potentialAction":[{"@type":"SearchAction","target":{"@type":"EntryPoint","urlTemplate":"https:\/\/www.aeropuertodetoluca.com.mx\/inicio\/?s={search_term_string}"},"query-input":{"@type":"PropertyValueSpecification","valueRequired":true,"valueName":"search_term_string"}}],"inLanguage":"es"},{"@type":"Organization","@id":"https:\/\/www.aeropuertodetoluca.com.mx\/inicio\/#organization","name":"Aeropuerto Internacional de Toluca","url":"https:\/\/www.aeropuertodetoluca.com.mx\/inicio\/","logo":{"@type":"ImageObject","inLanguage":"es","@id":"https:\/\/www.aeropuertodetoluca.com.mx\/inicio\/#\/schema\/logo\/image\/","url":"https:\/\/www.aeropuertodetoluca.com.mx\/inicio\/wp-content\/uploads\/2022\/06\/logosmall.png","contentUrl":"https:\/\/www.aeropuertodetoluca.com.mx\/inicio\/wp-content\/uploads\/2022\/06\/logosmall.png","width":388,"height":154,"caption":"Aeropuerto Internacional de Toluca"},"image":{"@id":"https:\/\/www.aeropuertodetoluca.com.mx\/inicio\/#\/schema\/logo\/image\/"}}]}},"_links":{"self":[{"href":"https:\/\/www.aeropuertodetoluca.com.mx\/inicio\/wp-json\/wp\/v2\/pages\/2501","targetHints":{"allow":["GET"]}}],"collection":[{"href":"https:\/\/www.aeropuertodetoluca.com.mx\/inicio\/wp-json\/wp\/v2\/pages"}],"about":[{"href":"https:\/\/www.aeropuertodetoluca.com.mx\/inicio\/wp-json\/wp\/v2\/types\/page"}],"author":[{"embeddable":true,"href":"https:\/\/www.aeropuertodetoluca.com.mx\/inicio\/wp-json\/wp\/v2\/users\/1"}],"replies":[{"embeddable":true,"href":"https:\/\/www.aeropuertodetoluca.com.mx\/inicio\/wp-json\/wp\/v2\/comments?post=2501"}],"version-history":[{"count":2,"href":"https:\/\/www.aeropuertodetoluca.com.mx\/inicio\/wp-json\/wp\/v2\/pages\/2501\/revisions"}],"predecessor-version":[{"id":2503,"href":"https:\/\/www.aeropuertodetoluca.com.mx\/inicio\/wp-json\/wp\/v2\/pages\/2501\/revisions\/2503"}],"up":[{"embeddable":true,"href":"https:\/\/www.aeropuertodetoluca.com.mx\/inicio\/wp-json\/wp\/v2\/pages\/2351"}],"wp:attachment":[{"href":"https:\/\/www.aeropuertodetoluca.com.mx\/inicio\/wp-json\/wp\/v2\/media?parent=2501"}],"curies":[{"name":"wp","href":"https:\/\/api.w.org\/{rel}","templated":true}]}}