{"id":2351,"date":"2022-07-07T04:02:01","date_gmt":"2022-07-07T04:02:01","guid":{"rendered":"https:\/\/www.aeropuertodetoluca.com.mx\/inicio\/?page_id=2351"},"modified":"2023-03-29T23:51:50","modified_gmt":"2023-03-29T23:51:50","slug":"servicios","status":"publish","type":"page","link":"https:\/\/www.aeropuertodetoluca.com.mx\/inicio\/servicios\/","title":{"rendered":"servicios"},"content":{"rendered":"<p>[vc_row full_width=\u00bbstretch_row\u00bb wrap_container=\u00bbyes\u00bb el_class=\u00bbpt-5 custom-zindex\u00bb css=\u00bb.vc_custom_1657166465488{background-color: #78bc42 !important;}\u00bb][vc_column][vc_custom_heading text=\u00bbServicios\u00bb font_container=\u00bbtag:h2|font_size:3.65em|text_align:center|color:%23ffffff|line_height:1.4&#8243; use_theme_fonts=\u00bbyes\u00bb font_weight=\u00bb700&#8243; el_class=\u00bbmb-5&#8243;][vc_column_text css=\u00bb.vc_custom_1657638805082{margin-right: 20px !important;margin-left: 20px !important;}\u00bb]<\/p>\n<p class=\"vc_custom_heading m-b-md\" style=\"font-size: 24px; color: #ffffff; text-align: center;\">En el Aeropuerto Internacional de Toluca estamos listos para recibirte. Conoce todas las facilidades que hemos preparado para ti para que tu estancia sea de lo m\u00e1s placentera.<\/p>\n<p style=\"font-size: 24px; color: #ffffff; text-align: center;\">En nuestras instalaciones encontrar\u00e1s: m\u00f3dulo de informaci\u00f3n, restaurantes; cajeros y casas de cambio; tiendas para comprar alimentos, art\u00ed\u00adculos de viaje o souvenirs; sala VIP; oficinas de autoridades aeroportuarias; entre otros.<\/p>\n<p>[\/vc_column_text][\/vc_column][\/vc_row][vc_row wrap_container=\u00bbyes\u00bb el_class=\u00bbp-t-xxl pb-5&#8243;][vc_column css=\u00bb.vc_custom_1643418759160{margin-top: 38px !important;}\u00bb][vc_row_inner animation_delay=\u00bb300&#8243; animation_type=\u00bbfadeIn\u00bb][vc_column_inner width=\u00bb1\/3&#8243;]<a class=\"porto-sicon-box-link\" href=\"https:\/\/www.aeropuertodetoluca.com.mx\/inicio\/servicios\/restaurantes\/\"><div class=\"porto-sicon-box  vc_custom_1657168590307 svg-primary custom-icon-box custom-icon-box-1 overflow-hidden box-shadow-hover translate-top-10 rounded-2 position-relative  wpb_custom_50ae9529ca26e349ad792336e3c5dd53 style_2 top-icon\"><div class=\"porto-sicon-top\"><div id=\"porto-icon-100338930069ee3b0c4fcab\" class=\"porto-just-icon-wrapper porto-sicon-img\" style=\"font-size: 160px;margin-bottom:26px;\" data-appear-animation=\"pulse\"><img fetchpriority=\"high\" decoding=\"async\" class=\"img-icon\" alt=\"\" src=\"https:\/\/www.aeropuertodetoluca.com.mx\/inicio\/wp-content\/uploads\/2022\/07\/restaurante.png\" width=\"1450\" height=\"1443\" \/><\/div><\/div><div class=\"porto-sicon-header\"><h3 class=\"porto-sicon-title\" style=\"margin-bottom:9px;\">Restaurantes<\/h3><\/div> <!-- header --><\/div><!-- porto-sicon-box --><\/a>[\/vc_column_inner][vc_column_inner width=\u00bb1\/3&#8243;]<a class=\"porto-sicon-box-link\" href=\"https:\/\/www.aeropuertodetoluca.com.mx\/inicio\/servicios\/cajerosycasasdecambio\/\"><div class=\"porto-sicon-box  vc_custom_1680133883902 svg-primary custom-icon-box position-relative custom-icon-box-2 overflow-hidden box-shadow-hover translate-top-10 rounded-2  wpb_custom_50ae9529ca26e349ad792336e3c5dd53 style_2 top-icon\"><div class=\"porto-sicon-top\"><div id=\"porto-icon-15726146869ee3b0c50516\" class=\"porto-just-icon-wrapper porto-sicon-img\" style=\"font-size: 130px;margin-bottom:26px;\" data-appear-animation=\"pulse\"><img decoding=\"async\" class=\"img-icon\" alt=\"\" src=\"https:\/\/www.aeropuertodetoluca.com.mx\/inicio\/wp-content\/uploads\/2022\/07\/dinero.png\" width=\"1380\" height=\"1742\" \/><\/div><\/div><div class=\"porto-sicon-header\"><h3 class=\"porto-sicon-title\" style=\"margin-bottom:9px;\">Cajeros Autom\u00e1ticos <\/h3><\/div> <!-- header --><\/div><!-- porto-sicon-box --><\/a>[\/vc_column_inner][vc_column_inner width=\u00bb1\/3&#8243;]<a class=\"porto-sicon-box-link\" href=\"https:\/\/www.aeropuertodetoluca.com.mx\/inicio\/servicios\/tienda\/\"><div class=\"porto-sicon-box  vc_custom_1657168674148 svg-primary custom-icon-box position-relative custom-icon-box-3 overflow-hidden box-shadow-hover translate-top-10 rounded-2  wpb_custom_50ae9529ca26e349ad792336e3c5dd53 style_2 top-icon\"><div class=\"porto-sicon-top\"><div id=\"porto-icon-103774995069ee3b0c50a55\" class=\"porto-just-icon-wrapper porto-sicon-img\" style=\"font-size: 125px;margin-bottom:26px;\" data-appear-animation=\"pulse\"><img decoding=\"async\" class=\"img-icon\" alt=\"\" src=\"https:\/\/www.aeropuertodetoluca.com.mx\/inicio\/wp-content\/uploads\/2022\/07\/bolsa.png\" width=\"1506\" height=\"1959\" \/><\/div><\/div><div class=\"porto-sicon-header\"><h3 class=\"porto-sicon-title\" style=\"margin-bottom:9px;\">Tiendas<\/h3><\/div> <!-- header --><\/div><!-- porto-sicon-box --><\/a>[\/vc_column_inner][\/vc_row_inner][vc_row_inner animation_delay=\u00bb300&#8243; animation_type=\u00bbfadeIn\u00bb][vc_column_inner width=\u00bb1\/3&#8243;]<a class=\"porto-sicon-box-link\" href=\"https:\/\/www.aeropuertodetoluca.com.mx\/inicio\/servicios\/salas\/\"><div class=\"porto-sicon-box  vc_custom_1657168713217 svg-primary custom-icon-box custom-icon-box-1 overflow-hidden box-shadow-hover translate-top-10 rounded-2 position-relative  wpb_custom_50ae9529ca26e349ad792336e3c5dd53 style_2 top-icon\"><div class=\"porto-sicon-top\"><div id=\"porto-icon-115543423369ee3b0c51098\" class=\"porto-just-icon-wrapper porto-sicon-img\" style=\"font-size: 150px;margin-bottom:26px;\" data-appear-animation=\"pulse\"><img loading=\"lazy\" decoding=\"async\" class=\"img-icon\" alt=\"\" src=\"https:\/\/www.aeropuertodetoluca.com.mx\/inicio\/wp-content\/uploads\/2022\/07\/vip.png\" width=\"2141\" height=\"2049\" \/><\/div><\/div><div class=\"porto-sicon-header\"><h3 class=\"porto-sicon-title\" style=\"margin-bottom:9px;\">Salas VIP<\/h3><\/div> <!-- header --><\/div><!-- porto-sicon-box --><\/a>[\/vc_column_inner][vc_column_inner width=\u00bb1\/3&#8243;]<a class=\"porto-sicon-box-link\" href=\"https:\/\/www.aeropuertodetoluca.com.mx\/inicio\/servicios\/transporte\/\"><div class=\"porto-sicon-box  vc_custom_1657168994838 svg-primary custom-icon-box position-relative custom-icon-box-2 overflow-hidden box-shadow-hover translate-top-10 rounded-2  wpb_custom_50ae9529ca26e349ad792336e3c5dd53 style_2 top-icon\"><div class=\"porto-sicon-top\"><div id=\"porto-icon-210435006469ee3b0c51566\" class=\"porto-just-icon-wrapper porto-sicon-img\" style=\"font-size: 140px;margin-bottom:26px;\" data-appear-animation=\"pulse\"><img loading=\"lazy\" decoding=\"async\" class=\"img-icon\" alt=\"\" src=\"https:\/\/www.aeropuertodetoluca.com.mx\/inicio\/wp-content\/uploads\/2022\/07\/bus-solid.png\" width=\"2134\" height=\"2134\" \/><\/div><\/div><div class=\"porto-sicon-header\"><h3 class=\"porto-sicon-title\" style=\"margin-bottom:9px;\">Transporte<\/h3><\/div> <!-- header --><\/div><!-- porto-sicon-box --><\/a>[\/vc_column_inner][vc_column_inner width=\u00bb1\/3&#8243;]<a class=\"porto-sicon-box-link\" href=\"https:\/\/www.aeropuertodetoluca.com.mx\/inicio\/servicios\/conectividad\/\"><div class=\"porto-sicon-box  vc_custom_1658779552618 svg-primary custom-icon-box position-relative custom-icon-box-2 overflow-hidden box-shadow-hover translate-top-10 rounded-2  wpb_custom_50ae9529ca26e349ad792336e3c5dd53 style_2 top-icon\"><div class=\"porto-sicon-top\"><div id=\"porto-icon-55861058069ee3b0c51bee\" class=\"porto-just-icon-wrapper porto-sicon-img\" style=\"font-size: 160px;margin-bottom:26px;\" data-appear-animation=\"pulse\"><img loading=\"lazy\" decoding=\"async\" class=\"img-icon\" alt=\"\" src=\"https:\/\/www.aeropuertodetoluca.com.mx\/inicio\/wp-content\/uploads\/2022\/07\/conect.png\" width=\"2400\" height=\"2102\" \/><\/div><\/div><div class=\"porto-sicon-header\"><h3 class=\"porto-sicon-title\" style=\"margin-bottom:9px;\">Conectividad<\/h3><\/div> <!-- header --><\/div><!-- porto-sicon-box --><\/a>[\/vc_column_inner][\/vc_row_inner][vc_row_inner animation_delay=\u00bb300&#8243; animation_type=\u00bbfadeIn\u00bb][vc_column_inner width=\u00bb1\/3&#8243;]<a class=\"porto-sicon-box-link\" href=\"https:\/\/www.aeropuertodetoluca.com.mx\/inicio\/servicios\/arrendadoras\/\"><div class=\"porto-sicon-box  vc_custom_1657169469531 svg-primary custom-icon-box custom-icon-box-1 overflow-hidden box-shadow-hover translate-top-10 rounded-2 position-relative  wpb_custom_50ae9529ca26e349ad792336e3c5dd53 style_2 top-icon\"><div class=\"porto-sicon-top\"><div id=\"porto-icon-82059914369ee3b0c52301\" class=\"porto-just-icon-wrapper porto-sicon-img\" style=\"font-size: 150px;margin-bottom:26px;\" data-appear-animation=\"pulse\"><img loading=\"lazy\" decoding=\"async\" class=\"img-icon\" alt=\"\" src=\"https:\/\/www.aeropuertodetoluca.com.mx\/inicio\/wp-content\/uploads\/2022\/07\/hand-holding-dollar-solid.png\" width=\"2400\" height=\"2134\" \/><\/div><\/div><div class=\"porto-sicon-header\"><h3 class=\"porto-sicon-title\" style=\"margin-bottom:9px;\">Arrendadoras<\/h3><\/div> <!-- header --><\/div><!-- porto-sicon-box --><\/a>[\/vc_column_inner][vc_column_inner width=\u00bb1\/3&#8243;]<a class=\"porto-sicon-box-link\" href=\"https:\/\/www.aeropuertodetoluca.com.mx\/inicio\/servicios\/estacionamiento\/\"><div class=\"porto-sicon-box  vc_custom_1657169773335 svg-primary custom-icon-box position-relative custom-icon-box-2 overflow-hidden box-shadow-hover translate-top-10 rounded-2  wpb_custom_50ae9529ca26e349ad792336e3c5dd53 style_2 top-icon\"><div class=\"porto-sicon-top\"><div id=\"porto-icon-148022464769ee3b0c527d1\" class=\"porto-just-icon-wrapper porto-sicon-img\" style=\"font-size: 160px;margin-bottom:26px;\" data-appear-animation=\"pulse\"><img loading=\"lazy\" decoding=\"async\" class=\"img-icon\" alt=\"\" src=\"https:\/\/www.aeropuertodetoluca.com.mx\/inicio\/wp-content\/uploads\/2022\/07\/building-car.png\" width=\"2636\" height=\"2134\" \/><\/div><\/div><div class=\"porto-sicon-header\"><h3 class=\"porto-sicon-title\" style=\"margin-bottom:9px;\">Estacionamiento<\/h3><\/div> <!-- header --><\/div><!-- porto-sicon-box --><\/a>[\/vc_column_inner][vc_column_inner width=\u00bb1\/3&#8243;]<a class=\"porto-sicon-box-link\" href=\"https:\/\/www.aeropuertodetoluca.com.mx\/inicio\/servicios\/salalactancia\/\"><div class=\"porto-sicon-box  vc_custom_1668216368770 svg-primary custom-icon-box position-relative custom-icon-box-2 overflow-hidden box-shadow-hover translate-top-10 rounded-2  wpb_custom_50ae9529ca26e349ad792336e3c5dd53 style_2 top-icon\"><div class=\"porto-sicon-top\"><div id=\"porto-icon-42171885769ee3b0c52ecb\" class=\"porto-just-icon-wrapper porto-sicon-img\" style=\"font-size: 88px;margin-bottom:26px;\" data-appear-animation=\"pulse\"><img loading=\"lazy\" decoding=\"async\" class=\"img-icon\" alt=\"\" src=\"https:\/\/www.aeropuertodetoluca.com.mx\/inicio\/wp-content\/uploads\/2022\/11\/lactancia2.png\" width=\"106\" height=\"162\" \/><\/div><\/div><div class=\"porto-sicon-header\"><h3 class=\"porto-sicon-title\" style=\"margin-bottom:9px;\">Sala de Lactancia<\/h3><\/div> <!-- header --><\/div><!-- porto-sicon-box --><\/a>[\/vc_column_inner][\/vc_row_inner][\/vc_column][\/vc_row]<\/p>\n","protected":false},"excerpt":{"rendered":"<p>[vc_row full_width=\u00bbstretch_row\u00bb wrap_container=\u00bbyes\u00bb el_class=\u00bbpt-5 custom-zindex\u00bb css=\u00bb.vc_custom_1657166465488{background-color: #78bc42 !important;}\u00bb][vc_column][vc_custom_heading text=\u00bbServicios\u00bb font_container=\u00bbtag:h2|font_size:3.65em|text_align:center|color:%23ffffff|line_height:1.4&#8243; use_theme_fonts=\u00bbyes\u00bb font_weight=\u00bb700&#8243; el_class=\u00bbmb-5&#8243;][vc_column_text css=\u00bb.vc_custom_1657638805082{margin-right: 20px !important;margin-left: 20px !important;}\u00bb] En el Aeropuerto Internacional de Toluca estamos listos para recibirte. Conoce todas las facilidades que hemos preparado para ti para que tu estancia sea de lo m\u00e1s placentera. En nuestras instalaciones encontrar\u00e1s: m\u00f3dulo de informaci\u00f3n, restaurantes; cajeros [&hellip;]<\/p>\n","protected":false},"author":1,"featured_media":0,"parent":0,"menu_order":0,"comment_status":"closed","ping_status":"closed","template":"","meta":{"_acf_changed":false,"footnotes":""},"class_list":["post-2351","page","type-page","status-publish","hentry"],"acf":[],"yoast_head":"<!-- This site is optimized with the Yoast SEO plugin v24.0 - https:\/\/yoast.com\/wordpress\/plugins\/seo\/ -->\n<title>servicios - Aeropuerto Internacional de Toluca<\/title>\n<meta name=\"robots\" content=\"index, follow, max-snippet:-1, max-image-preview:large, max-video-preview:-1\" \/>\n<link rel=\"canonical\" href=\"https:\/\/www.aeropuertodetoluca.com.mx\/inicio\/servicios\/\" \/>\n<meta property=\"og:locale\" content=\"es_ES\" \/>\n<meta property=\"og:type\" content=\"article\" \/>\n<meta property=\"og:title\" content=\"servicios - Aeropuerto Internacional de Toluca\" \/>\n<meta property=\"og:description\" content=\"[vc_row full_width=\u00bbstretch_row\u00bb wrap_container=\u00bbyes\u00bb el_class=\u00bbpt-5 custom-zindex\u00bb css=\u00bb.vc_custom_1657166465488{background-color: #78bc42 !important;}\u00bb][vc_column][vc_custom_heading text=\u00bbServicios\u00bb font_container=\u00bbtag:h2|font_size:3.65em|text_align:center|color:%23ffffff|line_height:1.4&#8243; use_theme_fonts=\u00bbyes\u00bb font_weight=\u00bb700&#8243; el_class=\u00bbmb-5&#8243;][vc_column_text css=\u00bb.vc_custom_1657638805082{margin-right: 20px !important;margin-left: 20px !important;}\u00bb] En el Aeropuerto Internacional de Toluca estamos listos para recibirte. Conoce todas las facilidades que hemos preparado para ti para que tu estancia sea de lo m\u00e1s placentera. En nuestras instalaciones encontrar\u00e1s: m\u00f3dulo de informaci\u00f3n, restaurantes; cajeros [&hellip;]\" \/>\n<meta property=\"og:url\" content=\"https:\/\/www.aeropuertodetoluca.com.mx\/inicio\/servicios\/\" \/>\n<meta property=\"og:site_name\" content=\"Aeropuerto Internacional de Toluca\" \/>\n<meta property=\"article:modified_time\" content=\"2023-03-29T23:51:50+00:00\" \/>\n<meta name=\"twitter:card\" content=\"summary_large_image\" \/>\n<meta name=\"twitter:label1\" content=\"Tiempo de lectura\" \/>\n\t<meta name=\"twitter:data1\" content=\"2 minutos\" \/>\n<script type=\"application\/ld+json\" class=\"yoast-schema-graph\">{\"@context\":\"https:\/\/schema.org\",\"@graph\":[{\"@type\":\"WebPage\",\"@id\":\"https:\/\/www.aeropuertodetoluca.com.mx\/inicio\/servicios\/\",\"url\":\"https:\/\/www.aeropuertodetoluca.com.mx\/inicio\/servicios\/\",\"name\":\"servicios - Aeropuerto Internacional de Toluca\",\"isPartOf\":{\"@id\":\"https:\/\/www.aeropuertodetoluca.com.mx\/inicio\/#website\"},\"datePublished\":\"2022-07-07T04:02:01+00:00\",\"dateModified\":\"2023-03-29T23:51:50+00:00\",\"breadcrumb\":{\"@id\":\"https:\/\/www.aeropuertodetoluca.com.mx\/inicio\/servicios\/#breadcrumb\"},\"inLanguage\":\"es\",\"potentialAction\":[{\"@type\":\"ReadAction\",\"target\":[\"https:\/\/www.aeropuertodetoluca.com.mx\/inicio\/servicios\/\"]}]},{\"@type\":\"BreadcrumbList\",\"@id\":\"https:\/\/www.aeropuertodetoluca.com.mx\/inicio\/servicios\/#breadcrumb\",\"itemListElement\":[{\"@type\":\"ListItem\",\"position\":1,\"name\":\"Portada\",\"item\":\"https:\/\/www.aeropuertodetoluca.com.mx\/inicio\/\"},{\"@type\":\"ListItem\",\"position\":2,\"name\":\"servicios\"}]},{\"@type\":\"WebSite\",\"@id\":\"https:\/\/www.aeropuertodetoluca.com.mx\/inicio\/#website\",\"url\":\"https:\/\/www.aeropuertodetoluca.com.mx\/inicio\/\",\"name\":\"Aeropuerto Internacional de Toluca\",\"description\":\"Por ti y para ti\",\"publisher\":{\"@id\":\"https:\/\/www.aeropuertodetoluca.com.mx\/inicio\/#organization\"},\"potentialAction\":[{\"@type\":\"SearchAction\",\"target\":{\"@type\":\"EntryPoint\",\"urlTemplate\":\"https:\/\/www.aeropuertodetoluca.com.mx\/inicio\/?s={search_term_string}\"},\"query-input\":{\"@type\":\"PropertyValueSpecification\",\"valueRequired\":true,\"valueName\":\"search_term_string\"}}],\"inLanguage\":\"es\"},{\"@type\":\"Organization\",\"@id\":\"https:\/\/www.aeropuertodetoluca.com.mx\/inicio\/#organization\",\"name\":\"Aeropuerto Internacional de Toluca\",\"url\":\"https:\/\/www.aeropuertodetoluca.com.mx\/inicio\/\",\"logo\":{\"@type\":\"ImageObject\",\"inLanguage\":\"es\",\"@id\":\"https:\/\/www.aeropuertodetoluca.com.mx\/inicio\/#\/schema\/logo\/image\/\",\"url\":\"https:\/\/www.aeropuertodetoluca.com.mx\/inicio\/wp-content\/uploads\/2022\/06\/logosmall.png\",\"contentUrl\":\"https:\/\/www.aeropuertodetoluca.com.mx\/inicio\/wp-content\/uploads\/2022\/06\/logosmall.png\",\"width\":388,\"height\":154,\"caption\":\"Aeropuerto Internacional de Toluca\"},\"image\":{\"@id\":\"https:\/\/www.aeropuertodetoluca.com.mx\/inicio\/#\/schema\/logo\/image\/\"}}]}<\/script>\n<!-- \/ Yoast SEO plugin. -->","yoast_head_json":{"title":"servicios - Aeropuerto Internacional de Toluca","robots":{"index":"index","follow":"follow","max-snippet":"max-snippet:-1","max-image-preview":"max-image-preview:large","max-video-preview":"max-video-preview:-1"},"canonical":"https:\/\/www.aeropuertodetoluca.com.mx\/inicio\/servicios\/","og_locale":"es_ES","og_type":"article","og_title":"servicios - Aeropuerto Internacional de Toluca","og_description":"[vc_row full_width=\u00bbstretch_row\u00bb wrap_container=\u00bbyes\u00bb el_class=\u00bbpt-5 custom-zindex\u00bb css=\u00bb.vc_custom_1657166465488{background-color: #78bc42 !important;}\u00bb][vc_column][vc_custom_heading text=\u00bbServicios\u00bb font_container=\u00bbtag:h2|font_size:3.65em|text_align:center|color:%23ffffff|line_height:1.4&#8243; use_theme_fonts=\u00bbyes\u00bb font_weight=\u00bb700&#8243; el_class=\u00bbmb-5&#8243;][vc_column_text css=\u00bb.vc_custom_1657638805082{margin-right: 20px !important;margin-left: 20px !important;}\u00bb] En el Aeropuerto Internacional de Toluca estamos listos para recibirte. Conoce todas las facilidades que hemos preparado para ti para que tu estancia sea de lo m\u00e1s placentera. En nuestras instalaciones encontrar\u00e1s: m\u00f3dulo de informaci\u00f3n, restaurantes; cajeros [&hellip;]","og_url":"https:\/\/www.aeropuertodetoluca.com.mx\/inicio\/servicios\/","og_site_name":"Aeropuerto Internacional de Toluca","article_modified_time":"2023-03-29T23:51:50+00:00","twitter_card":"summary_large_image","twitter_misc":{"Tiempo de lectura":"2 minutos"},"schema":{"@context":"https:\/\/schema.org","@graph":[{"@type":"WebPage","@id":"https:\/\/www.aeropuertodetoluca.com.mx\/inicio\/servicios\/","url":"https:\/\/www.aeropuertodetoluca.com.mx\/inicio\/servicios\/","name":"servicios - Aeropuerto Internacional de Toluca","isPartOf":{"@id":"https:\/\/www.aeropuertodetoluca.com.mx\/inicio\/#website"},"datePublished":"2022-07-07T04:02:01+00:00","dateModified":"2023-03-29T23:51:50+00:00","breadcrumb":{"@id":"https:\/\/www.aeropuertodetoluca.com.mx\/inicio\/servicios\/#breadcrumb"},"inLanguage":"es","potentialAction":[{"@type":"ReadAction","target":["https:\/\/www.aeropuertodetoluca.com.mx\/inicio\/servicios\/"]}]},{"@type":"BreadcrumbList","@id":"https:\/\/www.aeropuertodetoluca.com.mx\/inicio\/servicios\/#breadcrumb","itemListElement":[{"@type":"ListItem","position":1,"name":"Portada","item":"https:\/\/www.aeropuertodetoluca.com.mx\/inicio\/"},{"@type":"ListItem","position":2,"name":"servicios"}]},{"@type":"WebSite","@id":"https:\/\/www.aeropuertodetoluca.com.mx\/inicio\/#website","url":"https:\/\/www.aeropuertodetoluca.com.mx\/inicio\/","name":"Aeropuerto Internacional de Toluca","description":"Por ti y para ti","publisher":{"@id":"https:\/\/www.aeropuertodetoluca.com.mx\/inicio\/#organization"},"potentialAction":[{"@type":"SearchAction","target":{"@type":"EntryPoint","urlTemplate":"https:\/\/www.aeropuertodetoluca.com.mx\/inicio\/?s={search_term_string}"},"query-input":{"@type":"PropertyValueSpecification","valueRequired":true,"valueName":"search_term_string"}}],"inLanguage":"es"},{"@type":"Organization","@id":"https:\/\/www.aeropuertodetoluca.com.mx\/inicio\/#organization","name":"Aeropuerto Internacional de Toluca","url":"https:\/\/www.aeropuertodetoluca.com.mx\/inicio\/","logo":{"@type":"ImageObject","inLanguage":"es","@id":"https:\/\/www.aeropuertodetoluca.com.mx\/inicio\/#\/schema\/logo\/image\/","url":"https:\/\/www.aeropuertodetoluca.com.mx\/inicio\/wp-content\/uploads\/2022\/06\/logosmall.png","contentUrl":"https:\/\/www.aeropuertodetoluca.com.mx\/inicio\/wp-content\/uploads\/2022\/06\/logosmall.png","width":388,"height":154,"caption":"Aeropuerto Internacional de Toluca"},"image":{"@id":"https:\/\/www.aeropuertodetoluca.com.mx\/inicio\/#\/schema\/logo\/image\/"}}]}},"_links":{"self":[{"href":"https:\/\/www.aeropuertodetoluca.com.mx\/inicio\/wp-json\/wp\/v2\/pages\/2351","targetHints":{"allow":["GET"]}}],"collection":[{"href":"https:\/\/www.aeropuertodetoluca.com.mx\/inicio\/wp-json\/wp\/v2\/pages"}],"about":[{"href":"https:\/\/www.aeropuertodetoluca.com.mx\/inicio\/wp-json\/wp\/v2\/types\/page"}],"author":[{"embeddable":true,"href":"https:\/\/www.aeropuertodetoluca.com.mx\/inicio\/wp-json\/wp\/v2\/users\/1"}],"replies":[{"embeddable":true,"href":"https:\/\/www.aeropuertodetoluca.com.mx\/inicio\/wp-json\/wp\/v2\/comments?post=2351"}],"version-history":[{"count":18,"href":"https:\/\/www.aeropuertodetoluca.com.mx\/inicio\/wp-json\/wp\/v2\/pages\/2351\/revisions"}],"predecessor-version":[{"id":3054,"href":"https:\/\/www.aeropuertodetoluca.com.mx\/inicio\/wp-json\/wp\/v2\/pages\/2351\/revisions\/3054"}],"wp:attachment":[{"href":"https:\/\/www.aeropuertodetoluca.com.mx\/inicio\/wp-json\/wp\/v2\/media?parent=2351"}],"curies":[{"name":"wp","href":"https:\/\/api.w.org\/{rel}","templated":true}]}}