{"id":2072,"date":"2022-07-01T11:24:58","date_gmt":"2022-07-01T11:24:58","guid":{"rendered":"https:\/\/www.aeropuertodetoluca.com.mx\/inicio\/?page_id=2072"},"modified":"2024-08-20T16:25:11","modified_gmt":"2024-08-20T22:25:11","slug":"arrendadoras","status":"publish","type":"page","link":"https:\/\/www.aeropuertodetoluca.com.mx\/inicio\/servicios\/arrendadoras\/","title":{"rendered":"Arrendadoras"},"content":{"rendered":"<p>[vc_row][vc_column]\n\t\t\t<!-- START Arrendadoras REVOLUTION SLIDER 6.5.24 --><p class=\"rs-p-wp-fix\"><\/p>\n\t\t\t<rs-module-wrap id=\"rev_slider_8_1_wrapper\" data-source=\"gallery\" style=\"visibility:hidden;background:transparent;padding:0;margin:0px auto;margin-top:0;margin-bottom:0;\">\n\t\t\t\t<rs-module id=\"rev_slider_8_1\" style=\"\" data-version=\"6.5.24\">\n\t\t\t\t\t<rs-slides>\n\t\t\t\t\t\t<rs-slide style=\"position: absolute;\" data-key=\"rs-8\" data-title=\"ait\" data-anim=\"f:random;\" data-in=\"o:0;sx:1.1;sy:1.1;m:true;row:5;col:5;\" data-out=\"a:false;\">\n\t\t\t\t\t\t\t<img fetchpriority=\"high\" decoding=\"async\" src=\"\/\/www.aeropuertodetoluca.com.mx\/inicio\/wp-content\/plugins\/revslider\/public\/assets\/assets\/dummy.png\" alt=\"\" title=\"servicios\" width=\"2560\" height=\"1109\" class=\"rev-slidebg tp-rs-img rs-lazyload\" data-lazyload=\"\/\/www.aeropuertodetoluca.com.mx\/inicio\/wp-content\/uploads\/2022\/06\/servicios-3-scaled.jpg\" data-no-retina>\n<!--\n\t\t\t\t\t\t\t--><rs-layer\n\t\t\t\t\t\t\t\tid=\"slider-8-slide-8-layer-0\" \n\t\t\t\t\t\t\t\tdata-type=\"text\"\n\t\t\t\t\t\t\t\tdata-color=\"#fff\"\n\t\t\t\t\t\t\t\tdata-rsp_ch=\"on\"\n\t\t\t\t\t\t\t\tdata-xy=\"xo:80px,66px,50px,30px;yo:401px,331px,251px,154px;\"\n\t\t\t\t\t\t\t\tdata-text=\"w:nowrap;s:117,96,72,44;l:148,122,92,56;fw:900;a:right;\"\n\t\t\t\t\t\t\t\tdata-dim=\"w:1105px,912px,692px,426px;h:152px,125px,94px,57px;minh:0,none,none,none;\"\n\t\t\t\t\t\t\t\tdata-frame_0=\"sX:0.9;sY:0.9;\"\n\t\t\t\t\t\t\t\tdata-frame_1=\"x:57px,47px,35px,21px;y:-45px,-37px,-28px,-17px;e:power2.inOut;st:270;sp:1000;sR:270;\"\n\t\t\t\t\t\t\t\tdata-frame_999=\"sX:0.7;sY:0.7;o:0;e:back.in;st:w;sp:500;sR:7730;\"\n\t\t\t\t\t\t\t\tstyle=\"z-index:5;background-color:rgba(120,188,66,0.33);font-family:'Roboto';text-transform:uppercase;\"\n\t\t\t\t\t\t\t>Arrendadoras \n\t\t\t\t\t\t\t<\/rs-layer><!--\n\n\t\t\t\t\t\t\t--><rs-layer\n\t\t\t\t\t\t\t\tid=\"slider-8-slide-8-layer-1\" \n\t\t\t\t\t\t\t\tdata-type=\"image\"\n\t\t\t\t\t\t\t\tdata-rsp_ch=\"on\"\n\t\t\t\t\t\t\t\tdata-xy=\"xo:166px,137px,104px,64px;yo:380px,313px,237px,146px;\"\n\t\t\t\t\t\t\t\tdata-text=\"w:normal;s:20,16,12,7;l:0,20,15,9;\"\n\t\t\t\t\t\t\t\tdata-dim=\"w:102px,84px,63px,38px;h:91px,75px,56px,34px;\"\n\t\t\t\t\t\t\t\tdata-frame_0=\"x:-100%;\"\n\t\t\t\t\t\t\t\tdata-frame_0_mask=\"u:t;\"\n\t\t\t\t\t\t\t\tdata-frame_1=\"x:1px,0px,0px,0px;y:1px,0px,0px,0px;st:1570;sp:1000;\"\n\t\t\t\t\t\t\t\tdata-frame_1_mask=\"u:t;\"\n\t\t\t\t\t\t\t\tdata-frame_999=\"o:0;st:w;sR:6430;\"\n\t\t\t\t\t\t\t\tstyle=\"z-index:6;\"\n\t\t\t\t\t\t\t><img decoding=\"async\" src=\"\/\/www.aeropuertodetoluca.com.mx\/inicio\/wp-content\/plugins\/revslider\/public\/assets\/assets\/dummy.png\" alt=\"\" class=\"tp-rs-img rs-lazyload\" width=\"2400\" height=\"2134\" data-lazyload=\"\/\/www.aeropuertodetoluca.com.mx\/inicio\/wp-content\/uploads\/2022\/07\/hand-holding-dollar-solid.png\" data-no-retina> \n\t\t\t\t\t\t\t<\/rs-layer><!--\n-->\t\t\t\t\t\t<\/rs-slide>\n\t\t\t\t\t<\/rs-slides>\n\t\t\t\t<\/rs-module>\n\t\t\t\t<script>\n\t\t\t\t\tsetREVStartSize({c: 'rev_slider_8_1',rl:[1240,1024,778,480],el:[900,743,960,720],gw:[1240,1024,778,480],gh:[900,768,960,600],type:'standard',justify:'',layout:'fullwidth',mh:\"0\"});if (window.RS_MODULES!==undefined && window.RS_MODULES.modules!==undefined && window.RS_MODULES.modules[\"revslider81\"]!==undefined) {window.RS_MODULES.modules[\"revslider81\"].once = false;window.revapi8 = undefined;if (window.RS_MODULES.checkMinimal!==undefined) window.RS_MODULES.checkMinimal()}\n\t\t\t\t<\/script>\n\t\t\t<\/rs-module-wrap>\n\t\t\t<!-- END REVOLUTION SLIDER -->\n[\/vc_column][\/vc_row][vc_row full_width=\u00bbstretch_row\u00bb wrap_container=\u00bbyes\u00bb el_class=\u00bbpt-5 custom-zindex\u00bb css=\u00bb.vc_custom_1655955635645{background-color: #78bc42 !important;}\u00bb][vc_column][vc_column_text css=\u00bb.vc_custom_1679522782446{margin-right: 20px !important;margin-left: 20px !important;}\u00bb]<\/p>\n<p class=\"vc_custom_heading m-b-md\" style=\"text-align: center;\"><span style=\"font-size: 28px; color: #ffffff;\">En el\u00a0<b>Aeropuerto Internacional de Toluca<\/b>\u00a0se ofrece transportaci\u00f3n privada a cualquier destino de la Rep\u00fablica Mexicana con un servicio c\u00f3modo y seguro. Los m\u00f3dulos de venta de boletos para los taxis autorizados se encuentran frente a la sala de llegadas nacionales. Las tarifas que se aplican, est\u00e1n a la vista del usuario y dependen de cada prestador de servicio.\u00a0<\/span><\/p>\n<p style=\"font-size: 20px; text-align: center;\"><span style=\"color: #ffffff; font-size: 28px;\">Por su seguridad, le recomendamos que s\u00f3lo utilice los servicios de los taxis autorizados en el Aeropuerto Internacional de Toluca, los cuales son: Caminante, Transporte Terrestre de Morelos, Lomont y Turismo del Valle de Chalco.<\/span><\/p>\n<p style=\"text-align: center;\"><span style=\"font-size: 28px; color: #ffffff;\">Existen dos modalidades de servicio:<\/span><\/p>\n<p style=\"text-align: center;\"><span style=\"font-size: 28px; color: #ffffff;\">Ordinario, en veh\u00ed\u00adculo tipo sed\u00e1n para 4 pasajeros, adem\u00e1s del operador.<\/span><br \/>\n<span style=\"font-size: 28px; color: #ffffff;\">Ejecutivo, en vagonetas para 12 o 15 pasajeros, adem\u00e1s del operador.<\/span>[\/vc_column_text][\/vc_column][\/vc_row][vc_row][vc_column width=\u00bb1\/5&#8243;]<a class=\"porto-sicon-box-link\" href=\"https:\/\/www.europcar.com.mx\/renta-de-autos-Toluca.php\"><div class=\"porto-sicon-box  wpb_custom_6bd3ea43243bb56571d580d187f8d1d7 style_2 top-icon\"><div class=\"porto-sicon-top\"><div id=\"porto-icon-834978269df4abaf05b6\" class=\"porto-just-icon-wrapper porto-sicon-img\" style=\"font-size: 160px;\" data-appear-animation=\"pulse\"><img decoding=\"async\" class=\"img-icon\" alt=\"\" src=\"https:\/\/www.aeropuertodetoluca.com.mx\/inicio\/wp-content\/uploads\/2022\/07\/Europcar.png\" width=\"348\" height=\"182\" \/><\/div><\/div><\/div><!-- porto-sicon-box --><\/a>[\/vc_column][vc_column width=\u00bb1\/5&#8243;]<a class=\"porto-sicon-box-link\" href=\"https:\/\/www.avis.com\/es\/locations\/mx\/toluca\/tlc\"><div class=\"porto-sicon-box  wpb_custom_6bd3ea43243bb56571d580d187f8d1d7 style_2 top-icon\"><div class=\"porto-sicon-top\"><div id=\"porto-icon-91779465269df4abaf0a5d\" class=\"porto-just-icon-wrapper porto-sicon-img\" style=\"font-size: 140px;\" data-appear-animation=\"pulse\"><img loading=\"lazy\" decoding=\"async\" class=\"img-icon\" alt=\"\" src=\"https:\/\/www.aeropuertodetoluca.com.mx\/inicio\/wp-content\/uploads\/2023\/01\/image002.png\" width=\"1366\" height=\"768\" \/><\/div><\/div><\/div><!-- porto-sicon-box --><\/a>[\/vc_column][vc_column width=\u00bb1\/5&#8243;]<a class=\"porto-sicon-box-link\" href=\"https:\/\/www.hertzmexico.com\"><div class=\"porto-sicon-box  wpb_custom_6bd3ea43243bb56571d580d187f8d1d7 style_2 top-icon\"><div class=\"porto-sicon-top\"><div id=\"porto-icon-119386750769df4abaf0e4a\" class=\"porto-just-icon-wrapper porto-sicon-img\" style=\"font-size: 160px;\" data-appear-animation=\"pulse\"><img loading=\"lazy\" decoding=\"async\" class=\"img-icon\" alt=\"\" src=\"https:\/\/www.aeropuertodetoluca.com.mx\/inicio\/wp-content\/uploads\/2022\/07\/Hertz.png\" width=\"350\" height=\"174\" \/><\/div><\/div><\/div><!-- porto-sicon-box --><\/a>[\/vc_column][vc_column width=\u00bb1\/5&#8243;]<a class=\"porto-sicon-box-link\" href=\"https:\/\/www.nationalcar.com.mx\/\" target='_blank'><div class=\"porto-sicon-box  wpb_custom_6bd3ea43243bb56571d580d187f8d1d7 style_2 top-icon\"><div class=\"porto-sicon-top\"><div id=\"porto-icon-13995464369df4abaf1231\" class=\"porto-just-icon-wrapper porto-sicon-img\" style=\"font-size: 200px;\" data-appear-animation=\"pulse\"><img loading=\"lazy\" decoding=\"async\" class=\"img-icon\" alt=\"\" src=\"https:\/\/www.aeropuertodetoluca.com.mx\/inicio\/wp-content\/uploads\/2023\/01\/image003.png\" width=\"4000\" height=\"1492\" \/><\/div><\/div><\/div><!-- porto-sicon-box --><\/a>[\/vc_column][vc_column width=\u00bb1\/5&#8243;]<a class=\"porto-sicon-box-link\" href=\"https:\/\/mexrentacar.com\/es\/renta-de-autos\" target='_blank'><div class=\"porto-sicon-box  wpb_custom_6bd3ea43243bb56571d580d187f8d1d7 style_2 top-icon\"><div class=\"porto-sicon-top\"><div id=\"porto-icon-59461993669df4abaf19a8\" class=\"porto-just-icon-wrapper porto-sicon-img\" style=\"font-size: 140px;\" data-appear-animation=\"pulse\"><img loading=\"lazy\" decoding=\"async\" class=\"img-icon\" alt=\"\" src=\"https:\/\/www.aeropuertodetoluca.com.mx\/inicio\/wp-content\/uploads\/2024\/08\/logo.svg\" width=\"200\" height=\"100\" \/><\/div><\/div><\/div><!-- porto-sicon-box --><\/a>[\/vc_column][\/vc_row]<\/p>\n","protected":false},"excerpt":{"rendered":"<p>[vc_row][vc_column][\/vc_column][\/vc_row][vc_row full_width=\u00bbstretch_row\u00bb wrap_container=\u00bbyes\u00bb el_class=\u00bbpt-5 custom-zindex\u00bb css=\u00bb.vc_custom_1655955635645{background-color: #78bc42 !important;}\u00bb][vc_column][vc_column_text css=\u00bb.vc_custom_1679522782446{margin-right: 20px !important;margin-left: 20px !important;}\u00bb] En el\u00a0Aeropuerto Internacional de Toluca\u00a0se ofrece transportaci\u00f3n privada a cualquier destino de la Rep\u00fablica Mexicana con un servicio c\u00f3modo y seguro. Los m\u00f3dulos de venta de boletos para los taxis autorizados se encuentran frente a la sala de llegadas nacionales. Las tarifas [&hellip;]<\/p>\n","protected":false},"author":1,"featured_media":0,"parent":2351,"menu_order":0,"comment_status":"closed","ping_status":"closed","template":"","meta":{"_acf_changed":false,"footnotes":""},"class_list":["post-2072","page","type-page","status-publish","hentry"],"acf":[],"yoast_head":"<!-- This site is optimized with the Yoast SEO plugin v24.0 - https:\/\/yoast.com\/wordpress\/plugins\/seo\/ -->\n<title>Arrendadoras - Aeropuerto Internacional de Toluca<\/title>\n<meta name=\"robots\" content=\"index, follow, max-snippet:-1, max-image-preview:large, max-video-preview:-1\" \/>\n<link rel=\"canonical\" href=\"https:\/\/www.aeropuertodetoluca.com.mx\/inicio\/servicios\/arrendadoras\/\" \/>\n<meta property=\"og:locale\" content=\"es_ES\" \/>\n<meta property=\"og:type\" content=\"article\" \/>\n<meta property=\"og:title\" content=\"Arrendadoras - Aeropuerto Internacional de Toluca\" \/>\n<meta property=\"og:description\" content=\"[vc_row][vc_column][\/vc_column][\/vc_row][vc_row full_width=\u00bbstretch_row\u00bb wrap_container=\u00bbyes\u00bb el_class=\u00bbpt-5 custom-zindex\u00bb css=\u00bb.vc_custom_1655955635645{background-color: #78bc42 !important;}\u00bb][vc_column][vc_column_text css=\u00bb.vc_custom_1679522782446{margin-right: 20px !important;margin-left: 20px !important;}\u00bb] En el\u00a0Aeropuerto Internacional de Toluca\u00a0se ofrece transportaci\u00f3n privada a cualquier destino de la Rep\u00fablica Mexicana con un servicio c\u00f3modo y seguro. Los m\u00f3dulos de venta de boletos para los taxis autorizados se encuentran frente a la sala de llegadas nacionales. Las tarifas [&hellip;]\" \/>\n<meta property=\"og:url\" content=\"https:\/\/www.aeropuertodetoluca.com.mx\/inicio\/servicios\/arrendadoras\/\" \/>\n<meta property=\"og:site_name\" content=\"Aeropuerto Internacional de Toluca\" \/>\n<meta property=\"article:modified_time\" content=\"2024-08-20T22:25:11+00:00\" \/>\n<meta name=\"twitter:card\" content=\"summary_large_image\" \/>\n<meta name=\"twitter:label1\" content=\"Tiempo de lectura\" \/>\n\t<meta name=\"twitter:data1\" content=\"3 minutos\" \/>\n<script type=\"application\/ld+json\" class=\"yoast-schema-graph\">{\"@context\":\"https:\/\/schema.org\",\"@graph\":[{\"@type\":\"WebPage\",\"@id\":\"https:\/\/www.aeropuertodetoluca.com.mx\/inicio\/servicios\/arrendadoras\/\",\"url\":\"https:\/\/www.aeropuertodetoluca.com.mx\/inicio\/servicios\/arrendadoras\/\",\"name\":\"Arrendadoras - Aeropuerto Internacional de Toluca\",\"isPartOf\":{\"@id\":\"https:\/\/www.aeropuertodetoluca.com.mx\/inicio\/#website\"},\"datePublished\":\"2022-07-01T11:24:58+00:00\",\"dateModified\":\"2024-08-20T22:25:11+00:00\",\"breadcrumb\":{\"@id\":\"https:\/\/www.aeropuertodetoluca.com.mx\/inicio\/servicios\/arrendadoras\/#breadcrumb\"},\"inLanguage\":\"es\",\"potentialAction\":[{\"@type\":\"ReadAction\",\"target\":[\"https:\/\/www.aeropuertodetoluca.com.mx\/inicio\/servicios\/arrendadoras\/\"]}]},{\"@type\":\"BreadcrumbList\",\"@id\":\"https:\/\/www.aeropuertodetoluca.com.mx\/inicio\/servicios\/arrendadoras\/#breadcrumb\",\"itemListElement\":[{\"@type\":\"ListItem\",\"position\":1,\"name\":\"Portada\",\"item\":\"https:\/\/www.aeropuertodetoluca.com.mx\/inicio\/\"},{\"@type\":\"ListItem\",\"position\":2,\"name\":\"servicios\",\"item\":\"https:\/\/www.aeropuertodetoluca.com.mx\/inicio\/servicios\/\"},{\"@type\":\"ListItem\",\"position\":3,\"name\":\"Arrendadoras\"}]},{\"@type\":\"WebSite\",\"@id\":\"https:\/\/www.aeropuertodetoluca.com.mx\/inicio\/#website\",\"url\":\"https:\/\/www.aeropuertodetoluca.com.mx\/inicio\/\",\"name\":\"Aeropuerto Internacional de Toluca\",\"description\":\"Por ti y para ti\",\"publisher\":{\"@id\":\"https:\/\/www.aeropuertodetoluca.com.mx\/inicio\/#organization\"},\"potentialAction\":[{\"@type\":\"SearchAction\",\"target\":{\"@type\":\"EntryPoint\",\"urlTemplate\":\"https:\/\/www.aeropuertodetoluca.com.mx\/inicio\/?s={search_term_string}\"},\"query-input\":{\"@type\":\"PropertyValueSpecification\",\"valueRequired\":true,\"valueName\":\"search_term_string\"}}],\"inLanguage\":\"es\"},{\"@type\":\"Organization\",\"@id\":\"https:\/\/www.aeropuertodetoluca.com.mx\/inicio\/#organization\",\"name\":\"Aeropuerto Internacional de Toluca\",\"url\":\"https:\/\/www.aeropuertodetoluca.com.mx\/inicio\/\",\"logo\":{\"@type\":\"ImageObject\",\"inLanguage\":\"es\",\"@id\":\"https:\/\/www.aeropuertodetoluca.com.mx\/inicio\/#\/schema\/logo\/image\/\",\"url\":\"https:\/\/www.aeropuertodetoluca.com.mx\/inicio\/wp-content\/uploads\/2022\/06\/logosmall.png\",\"contentUrl\":\"https:\/\/www.aeropuertodetoluca.com.mx\/inicio\/wp-content\/uploads\/2022\/06\/logosmall.png\",\"width\":388,\"height\":154,\"caption\":\"Aeropuerto Internacional de Toluca\"},\"image\":{\"@id\":\"https:\/\/www.aeropuertodetoluca.com.mx\/inicio\/#\/schema\/logo\/image\/\"}}]}<\/script>\n<!-- \/ Yoast SEO plugin. -->","yoast_head_json":{"title":"Arrendadoras - Aeropuerto Internacional de Toluca","robots":{"index":"index","follow":"follow","max-snippet":"max-snippet:-1","max-image-preview":"max-image-preview:large","max-video-preview":"max-video-preview:-1"},"canonical":"https:\/\/www.aeropuertodetoluca.com.mx\/inicio\/servicios\/arrendadoras\/","og_locale":"es_ES","og_type":"article","og_title":"Arrendadoras - Aeropuerto Internacional de Toluca","og_description":"[vc_row][vc_column][\/vc_column][\/vc_row][vc_row full_width=\u00bbstretch_row\u00bb wrap_container=\u00bbyes\u00bb el_class=\u00bbpt-5 custom-zindex\u00bb css=\u00bb.vc_custom_1655955635645{background-color: #78bc42 !important;}\u00bb][vc_column][vc_column_text css=\u00bb.vc_custom_1679522782446{margin-right: 20px !important;margin-left: 20px !important;}\u00bb] En el\u00a0Aeropuerto Internacional de Toluca\u00a0se ofrece transportaci\u00f3n privada a cualquier destino de la Rep\u00fablica Mexicana con un servicio c\u00f3modo y seguro. Los m\u00f3dulos de venta de boletos para los taxis autorizados se encuentran frente a la sala de llegadas nacionales. Las tarifas [&hellip;]","og_url":"https:\/\/www.aeropuertodetoluca.com.mx\/inicio\/servicios\/arrendadoras\/","og_site_name":"Aeropuerto Internacional de Toluca","article_modified_time":"2024-08-20T22:25:11+00:00","twitter_card":"summary_large_image","twitter_misc":{"Tiempo de lectura":"3 minutos"},"schema":{"@context":"https:\/\/schema.org","@graph":[{"@type":"WebPage","@id":"https:\/\/www.aeropuertodetoluca.com.mx\/inicio\/servicios\/arrendadoras\/","url":"https:\/\/www.aeropuertodetoluca.com.mx\/inicio\/servicios\/arrendadoras\/","name":"Arrendadoras - Aeropuerto Internacional de Toluca","isPartOf":{"@id":"https:\/\/www.aeropuertodetoluca.com.mx\/inicio\/#website"},"datePublished":"2022-07-01T11:24:58+00:00","dateModified":"2024-08-20T22:25:11+00:00","breadcrumb":{"@id":"https:\/\/www.aeropuertodetoluca.com.mx\/inicio\/servicios\/arrendadoras\/#breadcrumb"},"inLanguage":"es","potentialAction":[{"@type":"ReadAction","target":["https:\/\/www.aeropuertodetoluca.com.mx\/inicio\/servicios\/arrendadoras\/"]}]},{"@type":"BreadcrumbList","@id":"https:\/\/www.aeropuertodetoluca.com.mx\/inicio\/servicios\/arrendadoras\/#breadcrumb","itemListElement":[{"@type":"ListItem","position":1,"name":"Portada","item":"https:\/\/www.aeropuertodetoluca.com.mx\/inicio\/"},{"@type":"ListItem","position":2,"name":"servicios","item":"https:\/\/www.aeropuertodetoluca.com.mx\/inicio\/servicios\/"},{"@type":"ListItem","position":3,"name":"Arrendadoras"}]},{"@type":"WebSite","@id":"https:\/\/www.aeropuertodetoluca.com.mx\/inicio\/#website","url":"https:\/\/www.aeropuertodetoluca.com.mx\/inicio\/","name":"Aeropuerto Internacional de Toluca","description":"Por ti y para ti","publisher":{"@id":"https:\/\/www.aeropuertodetoluca.com.mx\/inicio\/#organization"},"potentialAction":[{"@type":"SearchAction","target":{"@type":"EntryPoint","urlTemplate":"https:\/\/www.aeropuertodetoluca.com.mx\/inicio\/?s={search_term_string}"},"query-input":{"@type":"PropertyValueSpecification","valueRequired":true,"valueName":"search_term_string"}}],"inLanguage":"es"},{"@type":"Organization","@id":"https:\/\/www.aeropuertodetoluca.com.mx\/inicio\/#organization","name":"Aeropuerto Internacional de Toluca","url":"https:\/\/www.aeropuertodetoluca.com.mx\/inicio\/","logo":{"@type":"ImageObject","inLanguage":"es","@id":"https:\/\/www.aeropuertodetoluca.com.mx\/inicio\/#\/schema\/logo\/image\/","url":"https:\/\/www.aeropuertodetoluca.com.mx\/inicio\/wp-content\/uploads\/2022\/06\/logosmall.png","contentUrl":"https:\/\/www.aeropuertodetoluca.com.mx\/inicio\/wp-content\/uploads\/2022\/06\/logosmall.png","width":388,"height":154,"caption":"Aeropuerto Internacional de Toluca"},"image":{"@id":"https:\/\/www.aeropuertodetoluca.com.mx\/inicio\/#\/schema\/logo\/image\/"}}]}},"_links":{"self":[{"href":"https:\/\/www.aeropuertodetoluca.com.mx\/inicio\/wp-json\/wp\/v2\/pages\/2072","targetHints":{"allow":["GET"]}}],"collection":[{"href":"https:\/\/www.aeropuertodetoluca.com.mx\/inicio\/wp-json\/wp\/v2\/pages"}],"about":[{"href":"https:\/\/www.aeropuertodetoluca.com.mx\/inicio\/wp-json\/wp\/v2\/types\/page"}],"author":[{"embeddable":true,"href":"https:\/\/www.aeropuertodetoluca.com.mx\/inicio\/wp-json\/wp\/v2\/users\/1"}],"replies":[{"embeddable":true,"href":"https:\/\/www.aeropuertodetoluca.com.mx\/inicio\/wp-json\/wp\/v2\/comments?post=2072"}],"version-history":[{"count":23,"href":"https:\/\/www.aeropuertodetoluca.com.mx\/inicio\/wp-json\/wp\/v2\/pages\/2072\/revisions"}],"predecessor-version":[{"id":2074,"href":"https:\/\/www.aeropuertodetoluca.com.mx\/inicio\/wp-json\/wp\/v2\/pages\/2072\/revisions\/2074"}],"up":[{"embeddable":true,"href":"https:\/\/www.aeropuertodetoluca.com.mx\/inicio\/wp-json\/wp\/v2\/pages\/2351"}],"wp:attachment":[{"href":"https:\/\/www.aeropuertodetoluca.com.mx\/inicio\/wp-json\/wp\/v2\/media?parent=2072"}],"curies":[{"name":"wp","href":"https:\/\/api.w.org\/{rel}","templated":true}]}}