{"id":2015,"date":"2022-07-01T08:24:28","date_gmt":"2022-07-01T08:24:28","guid":{"rendered":"https:\/\/www.aeropuertodetoluca.com.mx\/inicio\/?page_id=2015"},"modified":"2024-04-29T17:42:02","modified_gmt":"2024-04-29T23:42:02","slug":"transporte","status":"publish","type":"page","link":"https:\/\/www.aeropuertodetoluca.com.mx\/inicio\/servicios\/transporte\/","title":{"rendered":"Transporte"},"content":{"rendered":"<p>[vc_row][vc_column]\n\t\t\t<!-- START Transporte REVOLUTION SLIDER 6.5.24 --><p class=\"rs-p-wp-fix\"><\/p>\n\t\t\t<rs-module-wrap id=\"rev_slider_6_1_wrapper\" data-source=\"gallery\" style=\"visibility:hidden;background:transparent;padding:0;margin:0px auto;margin-top:0;margin-bottom:0;\">\n\t\t\t\t<rs-module id=\"rev_slider_6_1\" style=\"\" data-version=\"6.5.24\">\n\t\t\t\t\t<rs-slides>\n\t\t\t\t\t\t<rs-slide style=\"position: absolute;\" data-key=\"rs-6\" data-title=\"ait\" data-anim=\"f:random;\" data-in=\"o:0;sx:1.1;sy:1.1;m:true;row:5;col:5;\" data-out=\"a:false;\">\n\t\t\t\t\t\t\t<img fetchpriority=\"high\" decoding=\"async\" src=\"\/\/www.aeropuertodetoluca.com.mx\/inicio\/wp-content\/plugins\/revslider\/public\/assets\/assets\/dummy.png\" alt=\"\" title=\"camion\" width=\"2000\" height=\"1055\" class=\"rev-slidebg tp-rs-img rs-lazyload\" data-lazyload=\"\/\/www.aeropuertodetoluca.com.mx\/inicio\/wp-content\/uploads\/2022\/07\/camion-e1657639080300.jpg\" data-no-retina>\n<!--\n\t\t\t\t\t\t\t--><rs-layer\n\t\t\t\t\t\t\t\tid=\"slider-6-slide-6-layer-0\" \n\t\t\t\t\t\t\t\tdata-type=\"text\"\n\t\t\t\t\t\t\t\tdata-color=\"#fff\"\n\t\t\t\t\t\t\t\tdata-rsp_ch=\"on\"\n\t\t\t\t\t\t\t\tdata-xy=\"xo:291px,240px,182px,112px;yo:516px,426px,323px,199px;\"\n\t\t\t\t\t\t\t\tdata-text=\"w:nowrap;s:117,96,72,44;l:148,122,92,56;fw:900;a:right;\"\n\t\t\t\t\t\t\t\tdata-dim=\"w:889px,734px,557px,343px;minh:0,none,none,none;\"\n\t\t\t\t\t\t\t\tdata-frame_0=\"sX:0.9;sY:0.9;\"\n\t\t\t\t\t\t\t\tdata-frame_1=\"x:57px,47px,35px,21px;y:-45px,-37px,-28px,-17px;e:power2.inOut;st:270;sp:1000;sR:270;\"\n\t\t\t\t\t\t\t\tdata-frame_999=\"sX:0.7;sY:0.7;o:0;e:back.in;st:w;sp:500;sR:7730;\"\n\t\t\t\t\t\t\t\tstyle=\"z-index:5;background-color:rgba(120,188,66,0.33);font-family:'Roboto';text-transform:uppercase;\"\n\t\t\t\t\t\t\t>Transporte \n\t\t\t\t\t\t\t<\/rs-layer><!--\n\n\t\t\t\t\t\t\t--><rs-layer\n\t\t\t\t\t\t\t\tid=\"slider-6-slide-6-layer-1\" \n\t\t\t\t\t\t\t\tdata-type=\"image\"\n\t\t\t\t\t\t\t\tdata-rsp_ch=\"on\"\n\t\t\t\t\t\t\t\tdata-xy=\"xo:369px,304px,230px,141px;yo:490px,404px,306px,188px;\"\n\t\t\t\t\t\t\t\tdata-text=\"w:normal;s:20,16,12,7;l:0,20,15,9;\"\n\t\t\t\t\t\t\t\tdata-dim=\"w:102px,84px,63px,38px;h:102px,84px,63px,38px;\"\n\t\t\t\t\t\t\t\tdata-frame_0=\"x:-100%;\"\n\t\t\t\t\t\t\t\tdata-frame_0_mask=\"u:t;\"\n\t\t\t\t\t\t\t\tdata-frame_1=\"y:1px,0px,0px,0px;st:1570;sp:1000;\"\n\t\t\t\t\t\t\t\tdata-frame_1_mask=\"u:t;\"\n\t\t\t\t\t\t\t\tdata-frame_999=\"o:0;st:w;sR:6430;\"\n\t\t\t\t\t\t\t\tstyle=\"z-index:6;\"\n\t\t\t\t\t\t\t><img decoding=\"async\" src=\"\/\/www.aeropuertodetoluca.com.mx\/inicio\/wp-content\/plugins\/revslider\/public\/assets\/assets\/dummy.png\" alt=\"\" class=\"tp-rs-img rs-lazyload\" width=\"2134\" height=\"2134\" data-lazyload=\"\/\/www.aeropuertodetoluca.com.mx\/inicio\/wp-content\/uploads\/2022\/07\/bus-solid.png\" data-no-retina> \n\t\t\t\t\t\t\t<\/rs-layer><!--\n-->\t\t\t\t\t\t<\/rs-slide>\n\t\t\t\t\t<\/rs-slides>\n\t\t\t\t<\/rs-module>\n\t\t\t\t<script>\n\t\t\t\t\tsetREVStartSize({c: 'rev_slider_6_1',rl:[1240,1024,778,480],el:[900,743,960,720],gw:[1240,1024,778,480],gh:[900,768,960,600],type:'standard',justify:'',layout:'fullwidth',mh:\"0\"});if (window.RS_MODULES!==undefined && window.RS_MODULES.modules!==undefined && window.RS_MODULES.modules[\"revslider61\"]!==undefined) {window.RS_MODULES.modules[\"revslider61\"].once = false;window.revapi6 = undefined;if (window.RS_MODULES.checkMinimal!==undefined) window.RS_MODULES.checkMinimal()}\n\t\t\t\t<\/script>\n\t\t\t<\/rs-module-wrap>\n\t\t\t<!-- END REVOLUTION SLIDER -->\n[\/vc_column][\/vc_row][vc_row full_width=\u00bbstretch_row\u00bb wrap_container=\u00bbyes\u00bb el_class=\u00bbpt-5 custom-zindex\u00bb css=\u00bb.vc_custom_1655955635645{background-color: #78bc42 !important;}\u00bb][vc_column][vc_column_text css=\u00bb.vc_custom_1666364764518{margin-right: 20px !important;margin-left: 20px !important;}\u00bb]<\/p>\n<p style=\"color: #ffffff; font-size: 24px; text-align: center;\"><span style=\"font-size: 28px;\">Llegar al Aeropuerto Internacional de Toluca es muy f\u00e1cil. En esta secci\u00f3n encontrar\u00e1s informaci\u00f3n necesaria para que el traslado hacia y desde el AIT sea lo m\u00e1s r\u00e1pido y seguro: Si vienes en autom\u00f3vil, te mostramos las principales rutas que podr\u00e1s tomar; si prefieres un servicio de transporte privado, te ofrecemos un listado de compa\u00f1\u00edas de taxi autorizadas por el aeropuerto.<\/span><\/p>\n<p>[\/vc_column_text][\/vc_column][\/vc_row][vc_row css=\u00bb.vc_custom_1694721916206{margin-right: 50px !important;margin-left: 50px !important;}\u00bb][vc_column][vc_separator]<div class=\"porto-gallery has-ccols ccols-1 has-ccols-spacing ccols-sm-2 wpb_custom_ba52e9d1d4ab082d17874cee74679bcd porto-gallery-grid align-items-center\"><figure><img decoding=\"async\" width=\"1024\" height=\"1024\" src=\"https:\/\/www.aeropuertodetoluca.com.mx\/inicio\/wp-content\/uploads\/2023\/09\/22ARTE-TRANSPORTE-PA\u0301GINA-WEB22_Mesa-de-trabajo-1-03-1024x1024.png\" class=\"attachment-large size-large\" alt=\"\" srcset=\"https:\/\/www.aeropuertodetoluca.com.mx\/inicio\/wp-content\/uploads\/2023\/09\/22ARTE-TRANSPORTE-PA\u0301GINA-WEB22_Mesa-de-trabajo-1-03-1024x1024.png 1024w, https:\/\/www.aeropuertodetoluca.com.mx\/inicio\/wp-content\/uploads\/2023\/09\/22ARTE-TRANSPORTE-PA\u0301GINA-WEB22_Mesa-de-trabajo-1-03-768x768.png 768w, https:\/\/www.aeropuertodetoluca.com.mx\/inicio\/wp-content\/uploads\/2023\/09\/22ARTE-TRANSPORTE-PA\u0301GINA-WEB22_Mesa-de-trabajo-1-03-640x640.png 640w, https:\/\/www.aeropuertodetoluca.com.mx\/inicio\/wp-content\/uploads\/2023\/09\/22ARTE-TRANSPORTE-PA\u0301GINA-WEB22_Mesa-de-trabajo-1-03-400x400.png 400w, https:\/\/www.aeropuertodetoluca.com.mx\/inicio\/wp-content\/uploads\/2023\/09\/22ARTE-TRANSPORTE-PA\u0301GINA-WEB22_Mesa-de-trabajo-1-03-560x560.png 560w, https:\/\/www.aeropuertodetoluca.com.mx\/inicio\/wp-content\/uploads\/2023\/09\/22ARTE-TRANSPORTE-PA\u0301GINA-WEB22_Mesa-de-trabajo-1-03-367x367.png 367w\" sizes=\"(max-width: 1024px) 100vw, 1024px\" \/><\/figure><figure><img loading=\"lazy\" decoding=\"async\" width=\"1024\" height=\"1024\" src=\"https:\/\/www.aeropuertodetoluca.com.mx\/inicio\/wp-content\/uploads\/2023\/09\/22ARTE-TRANSPORTE-PA\u0301GINA-WEB22_Mesa-de-trabajo-1-02-1024x1024.png\" class=\"attachment-large size-large\" alt=\"\" srcset=\"https:\/\/www.aeropuertodetoluca.com.mx\/inicio\/wp-content\/uploads\/2023\/09\/22ARTE-TRANSPORTE-PA\u0301GINA-WEB22_Mesa-de-trabajo-1-02-1024x1024.png 1024w, https:\/\/www.aeropuertodetoluca.com.mx\/inicio\/wp-content\/uploads\/2023\/09\/22ARTE-TRANSPORTE-PA\u0301GINA-WEB22_Mesa-de-trabajo-1-02-768x768.png 768w, https:\/\/www.aeropuertodetoluca.com.mx\/inicio\/wp-content\/uploads\/2023\/09\/22ARTE-TRANSPORTE-PA\u0301GINA-WEB22_Mesa-de-trabajo-1-02-640x640.png 640w, https:\/\/www.aeropuertodetoluca.com.mx\/inicio\/wp-content\/uploads\/2023\/09\/22ARTE-TRANSPORTE-PA\u0301GINA-WEB22_Mesa-de-trabajo-1-02-400x400.png 400w, https:\/\/www.aeropuertodetoluca.com.mx\/inicio\/wp-content\/uploads\/2023\/09\/22ARTE-TRANSPORTE-PA\u0301GINA-WEB22_Mesa-de-trabajo-1-02-560x560.png 560w, https:\/\/www.aeropuertodetoluca.com.mx\/inicio\/wp-content\/uploads\/2023\/09\/22ARTE-TRANSPORTE-PA\u0301GINA-WEB22_Mesa-de-trabajo-1-02-367x367.png 367w\" sizes=\"(max-width: 1024px) 100vw, 1024px\" \/><\/figure><figure><img loading=\"lazy\" decoding=\"async\" width=\"1024\" height=\"1024\" src=\"https:\/\/www.aeropuertodetoluca.com.mx\/inicio\/wp-content\/uploads\/2023\/09\/22ARTE-TRANSPORTE-PA\u0301GINA-WEB22_Mesa-de-trabajo-1-04-1024x1024.png\" class=\"attachment-large size-large\" alt=\"\" srcset=\"https:\/\/www.aeropuertodetoluca.com.mx\/inicio\/wp-content\/uploads\/2023\/09\/22ARTE-TRANSPORTE-PA\u0301GINA-WEB22_Mesa-de-trabajo-1-04-1024x1024.png 1024w, https:\/\/www.aeropuertodetoluca.com.mx\/inicio\/wp-content\/uploads\/2023\/09\/22ARTE-TRANSPORTE-PA\u0301GINA-WEB22_Mesa-de-trabajo-1-04-768x768.png 768w, https:\/\/www.aeropuertodetoluca.com.mx\/inicio\/wp-content\/uploads\/2023\/09\/22ARTE-TRANSPORTE-PA\u0301GINA-WEB22_Mesa-de-trabajo-1-04-640x640.png 640w, https:\/\/www.aeropuertodetoluca.com.mx\/inicio\/wp-content\/uploads\/2023\/09\/22ARTE-TRANSPORTE-PA\u0301GINA-WEB22_Mesa-de-trabajo-1-04-400x400.png 400w, https:\/\/www.aeropuertodetoluca.com.mx\/inicio\/wp-content\/uploads\/2023\/09\/22ARTE-TRANSPORTE-PA\u0301GINA-WEB22_Mesa-de-trabajo-1-04-560x560.png 560w, https:\/\/www.aeropuertodetoluca.com.mx\/inicio\/wp-content\/uploads\/2023\/09\/22ARTE-TRANSPORTE-PA\u0301GINA-WEB22_Mesa-de-trabajo-1-04-367x367.png 367w\" sizes=\"(max-width: 1024px) 100vw, 1024px\" \/><\/figure><figure><img loading=\"lazy\" decoding=\"async\" width=\"1024\" height=\"1024\" src=\"https:\/\/www.aeropuertodetoluca.com.mx\/inicio\/wp-content\/uploads\/2024\/04\/Recurso-3@3x-1024x1024.png\" class=\"attachment-large size-large\" alt=\"\" srcset=\"https:\/\/www.aeropuertodetoluca.com.mx\/inicio\/wp-content\/uploads\/2024\/04\/Recurso-3@3x-1024x1024.png 1024w, https:\/\/www.aeropuertodetoluca.com.mx\/inicio\/wp-content\/uploads\/2024\/04\/Recurso-3@3x-768x768.png 768w, https:\/\/www.aeropuertodetoluca.com.mx\/inicio\/wp-content\/uploads\/2024\/04\/Recurso-3@3x-640x640.png 640w, https:\/\/www.aeropuertodetoluca.com.mx\/inicio\/wp-content\/uploads\/2024\/04\/Recurso-3@3x-400x400.png 400w, https:\/\/www.aeropuertodetoluca.com.mx\/inicio\/wp-content\/uploads\/2024\/04\/Recurso-3@3x-560x560.png 560w, https:\/\/www.aeropuertodetoluca.com.mx\/inicio\/wp-content\/uploads\/2024\/04\/Recurso-3@3x-367x367.png 367w\" sizes=\"(max-width: 1024px) 100vw, 1024px\" \/><\/figure><\/div>[\/vc_column][\/vc_row]<\/p>\n","protected":false},"excerpt":{"rendered":"<p>[vc_row][vc_column][\/vc_column][\/vc_row][vc_row full_width=\u00bbstretch_row\u00bb wrap_container=\u00bbyes\u00bb el_class=\u00bbpt-5 custom-zindex\u00bb css=\u00bb.vc_custom_1655955635645{background-color: #78bc42 !important;}\u00bb][vc_column][vc_column_text css=\u00bb.vc_custom_1666364764518{margin-right: 20px !important;margin-left: 20px !important;}\u00bb] Llegar al Aeropuerto Internacional de Toluca es muy f\u00e1cil. En esta secci\u00f3n encontrar\u00e1s informaci\u00f3n necesaria para que el traslado hacia y desde el AIT sea lo m\u00e1s r\u00e1pido y seguro: Si vienes en autom\u00f3vil, te mostramos las principales rutas que podr\u00e1s tomar; [&hellip;]<\/p>\n","protected":false},"author":1,"featured_media":0,"parent":2351,"menu_order":0,"comment_status":"closed","ping_status":"closed","template":"","meta":{"_acf_changed":false,"footnotes":""},"class_list":["post-2015","page","type-page","status-publish","hentry"],"acf":[],"yoast_head":"<!-- This site is optimized with the Yoast SEO plugin v24.0 - https:\/\/yoast.com\/wordpress\/plugins\/seo\/ -->\n<title>Transporte - Aeropuerto Internacional de Toluca<\/title>\n<meta name=\"robots\" content=\"index, follow, max-snippet:-1, max-image-preview:large, max-video-preview:-1\" \/>\n<link rel=\"canonical\" href=\"https:\/\/www.aeropuertodetoluca.com.mx\/inicio\/servicios\/transporte\/\" \/>\n<meta property=\"og:locale\" content=\"es_ES\" \/>\n<meta property=\"og:type\" content=\"article\" \/>\n<meta property=\"og:title\" content=\"Transporte - Aeropuerto Internacional de Toluca\" \/>\n<meta property=\"og:description\" content=\"[vc_row][vc_column][\/vc_column][\/vc_row][vc_row full_width=\u00bbstretch_row\u00bb wrap_container=\u00bbyes\u00bb el_class=\u00bbpt-5 custom-zindex\u00bb css=\u00bb.vc_custom_1655955635645{background-color: #78bc42 !important;}\u00bb][vc_column][vc_column_text css=\u00bb.vc_custom_1666364764518{margin-right: 20px !important;margin-left: 20px !important;}\u00bb] Llegar al Aeropuerto Internacional de Toluca es muy f\u00e1cil. En esta secci\u00f3n encontrar\u00e1s informaci\u00f3n necesaria para que el traslado hacia y desde el AIT sea lo m\u00e1s r\u00e1pido y seguro: Si vienes en autom\u00f3vil, te mostramos las principales rutas que podr\u00e1s tomar; [&hellip;]\" \/>\n<meta property=\"og:url\" content=\"https:\/\/www.aeropuertodetoluca.com.mx\/inicio\/servicios\/transporte\/\" \/>\n<meta property=\"og:site_name\" content=\"Aeropuerto Internacional de Toluca\" \/>\n<meta property=\"article:modified_time\" content=\"2024-04-29T23:42:02+00:00\" \/>\n<meta name=\"twitter:card\" content=\"summary_large_image\" \/>\n<meta name=\"twitter:label1\" content=\"Tiempo de lectura\" \/>\n\t<meta name=\"twitter:data1\" content=\"1 minuto\" \/>\n<script type=\"application\/ld+json\" class=\"yoast-schema-graph\">{\"@context\":\"https:\/\/schema.org\",\"@graph\":[{\"@type\":\"WebPage\",\"@id\":\"https:\/\/www.aeropuertodetoluca.com.mx\/inicio\/servicios\/transporte\/\",\"url\":\"https:\/\/www.aeropuertodetoluca.com.mx\/inicio\/servicios\/transporte\/\",\"name\":\"Transporte - Aeropuerto Internacional de Toluca\",\"isPartOf\":{\"@id\":\"https:\/\/www.aeropuertodetoluca.com.mx\/inicio\/#website\"},\"datePublished\":\"2022-07-01T08:24:28+00:00\",\"dateModified\":\"2024-04-29T23:42:02+00:00\",\"breadcrumb\":{\"@id\":\"https:\/\/www.aeropuertodetoluca.com.mx\/inicio\/servicios\/transporte\/#breadcrumb\"},\"inLanguage\":\"es\",\"potentialAction\":[{\"@type\":\"ReadAction\",\"target\":[\"https:\/\/www.aeropuertodetoluca.com.mx\/inicio\/servicios\/transporte\/\"]}]},{\"@type\":\"BreadcrumbList\",\"@id\":\"https:\/\/www.aeropuertodetoluca.com.mx\/inicio\/servicios\/transporte\/#breadcrumb\",\"itemListElement\":[{\"@type\":\"ListItem\",\"position\":1,\"name\":\"Portada\",\"item\":\"https:\/\/www.aeropuertodetoluca.com.mx\/inicio\/\"},{\"@type\":\"ListItem\",\"position\":2,\"name\":\"servicios\",\"item\":\"https:\/\/www.aeropuertodetoluca.com.mx\/inicio\/servicios\/\"},{\"@type\":\"ListItem\",\"position\":3,\"name\":\"Transporte\"}]},{\"@type\":\"WebSite\",\"@id\":\"https:\/\/www.aeropuertodetoluca.com.mx\/inicio\/#website\",\"url\":\"https:\/\/www.aeropuertodetoluca.com.mx\/inicio\/\",\"name\":\"Aeropuerto Internacional de Toluca\",\"description\":\"Por ti y para ti\",\"publisher\":{\"@id\":\"https:\/\/www.aeropuertodetoluca.com.mx\/inicio\/#organization\"},\"potentialAction\":[{\"@type\":\"SearchAction\",\"target\":{\"@type\":\"EntryPoint\",\"urlTemplate\":\"https:\/\/www.aeropuertodetoluca.com.mx\/inicio\/?s={search_term_string}\"},\"query-input\":{\"@type\":\"PropertyValueSpecification\",\"valueRequired\":true,\"valueName\":\"search_term_string\"}}],\"inLanguage\":\"es\"},{\"@type\":\"Organization\",\"@id\":\"https:\/\/www.aeropuertodetoluca.com.mx\/inicio\/#organization\",\"name\":\"Aeropuerto Internacional de Toluca\",\"url\":\"https:\/\/www.aeropuertodetoluca.com.mx\/inicio\/\",\"logo\":{\"@type\":\"ImageObject\",\"inLanguage\":\"es\",\"@id\":\"https:\/\/www.aeropuertodetoluca.com.mx\/inicio\/#\/schema\/logo\/image\/\",\"url\":\"https:\/\/www.aeropuertodetoluca.com.mx\/inicio\/wp-content\/uploads\/2022\/06\/logosmall.png\",\"contentUrl\":\"https:\/\/www.aeropuertodetoluca.com.mx\/inicio\/wp-content\/uploads\/2022\/06\/logosmall.png\",\"width\":388,\"height\":154,\"caption\":\"Aeropuerto Internacional de Toluca\"},\"image\":{\"@id\":\"https:\/\/www.aeropuertodetoluca.com.mx\/inicio\/#\/schema\/logo\/image\/\"}}]}<\/script>\n<!-- \/ Yoast SEO plugin. -->","yoast_head_json":{"title":"Transporte - Aeropuerto Internacional de Toluca","robots":{"index":"index","follow":"follow","max-snippet":"max-snippet:-1","max-image-preview":"max-image-preview:large","max-video-preview":"max-video-preview:-1"},"canonical":"https:\/\/www.aeropuertodetoluca.com.mx\/inicio\/servicios\/transporte\/","og_locale":"es_ES","og_type":"article","og_title":"Transporte - Aeropuerto Internacional de Toluca","og_description":"[vc_row][vc_column][\/vc_column][\/vc_row][vc_row full_width=\u00bbstretch_row\u00bb wrap_container=\u00bbyes\u00bb el_class=\u00bbpt-5 custom-zindex\u00bb css=\u00bb.vc_custom_1655955635645{background-color: #78bc42 !important;}\u00bb][vc_column][vc_column_text css=\u00bb.vc_custom_1666364764518{margin-right: 20px !important;margin-left: 20px !important;}\u00bb] Llegar al Aeropuerto Internacional de Toluca es muy f\u00e1cil. En esta secci\u00f3n encontrar\u00e1s informaci\u00f3n necesaria para que el traslado hacia y desde el AIT sea lo m\u00e1s r\u00e1pido y seguro: Si vienes en autom\u00f3vil, te mostramos las principales rutas que podr\u00e1s tomar; [&hellip;]","og_url":"https:\/\/www.aeropuertodetoluca.com.mx\/inicio\/servicios\/transporte\/","og_site_name":"Aeropuerto Internacional de Toluca","article_modified_time":"2024-04-29T23:42:02+00:00","twitter_card":"summary_large_image","twitter_misc":{"Tiempo de lectura":"1 minuto"},"schema":{"@context":"https:\/\/schema.org","@graph":[{"@type":"WebPage","@id":"https:\/\/www.aeropuertodetoluca.com.mx\/inicio\/servicios\/transporte\/","url":"https:\/\/www.aeropuertodetoluca.com.mx\/inicio\/servicios\/transporte\/","name":"Transporte - Aeropuerto Internacional de Toluca","isPartOf":{"@id":"https:\/\/www.aeropuertodetoluca.com.mx\/inicio\/#website"},"datePublished":"2022-07-01T08:24:28+00:00","dateModified":"2024-04-29T23:42:02+00:00","breadcrumb":{"@id":"https:\/\/www.aeropuertodetoluca.com.mx\/inicio\/servicios\/transporte\/#breadcrumb"},"inLanguage":"es","potentialAction":[{"@type":"ReadAction","target":["https:\/\/www.aeropuertodetoluca.com.mx\/inicio\/servicios\/transporte\/"]}]},{"@type":"BreadcrumbList","@id":"https:\/\/www.aeropuertodetoluca.com.mx\/inicio\/servicios\/transporte\/#breadcrumb","itemListElement":[{"@type":"ListItem","position":1,"name":"Portada","item":"https:\/\/www.aeropuertodetoluca.com.mx\/inicio\/"},{"@type":"ListItem","position":2,"name":"servicios","item":"https:\/\/www.aeropuertodetoluca.com.mx\/inicio\/servicios\/"},{"@type":"ListItem","position":3,"name":"Transporte"}]},{"@type":"WebSite","@id":"https:\/\/www.aeropuertodetoluca.com.mx\/inicio\/#website","url":"https:\/\/www.aeropuertodetoluca.com.mx\/inicio\/","name":"Aeropuerto Internacional de Toluca","description":"Por ti y para ti","publisher":{"@id":"https:\/\/www.aeropuertodetoluca.com.mx\/inicio\/#organization"},"potentialAction":[{"@type":"SearchAction","target":{"@type":"EntryPoint","urlTemplate":"https:\/\/www.aeropuertodetoluca.com.mx\/inicio\/?s={search_term_string}"},"query-input":{"@type":"PropertyValueSpecification","valueRequired":true,"valueName":"search_term_string"}}],"inLanguage":"es"},{"@type":"Organization","@id":"https:\/\/www.aeropuertodetoluca.com.mx\/inicio\/#organization","name":"Aeropuerto Internacional de Toluca","url":"https:\/\/www.aeropuertodetoluca.com.mx\/inicio\/","logo":{"@type":"ImageObject","inLanguage":"es","@id":"https:\/\/www.aeropuertodetoluca.com.mx\/inicio\/#\/schema\/logo\/image\/","url":"https:\/\/www.aeropuertodetoluca.com.mx\/inicio\/wp-content\/uploads\/2022\/06\/logosmall.png","contentUrl":"https:\/\/www.aeropuertodetoluca.com.mx\/inicio\/wp-content\/uploads\/2022\/06\/logosmall.png","width":388,"height":154,"caption":"Aeropuerto Internacional de Toluca"},"image":{"@id":"https:\/\/www.aeropuertodetoluca.com.mx\/inicio\/#\/schema\/logo\/image\/"}}]}},"_links":{"self":[{"href":"https:\/\/www.aeropuertodetoluca.com.mx\/inicio\/wp-json\/wp\/v2\/pages\/2015","targetHints":{"allow":["GET"]}}],"collection":[{"href":"https:\/\/www.aeropuertodetoluca.com.mx\/inicio\/wp-json\/wp\/v2\/pages"}],"about":[{"href":"https:\/\/www.aeropuertodetoluca.com.mx\/inicio\/wp-json\/wp\/v2\/types\/page"}],"author":[{"embeddable":true,"href":"https:\/\/www.aeropuertodetoluca.com.mx\/inicio\/wp-json\/wp\/v2\/users\/1"}],"replies":[{"embeddable":true,"href":"https:\/\/www.aeropuertodetoluca.com.mx\/inicio\/wp-json\/wp\/v2\/comments?post=2015"}],"version-history":[{"count":52,"href":"https:\/\/www.aeropuertodetoluca.com.mx\/inicio\/wp-json\/wp\/v2\/pages\/2015\/revisions"}],"predecessor-version":[{"id":3101,"href":"https:\/\/www.aeropuertodetoluca.com.mx\/inicio\/wp-json\/wp\/v2\/pages\/2015\/revisions\/3101"}],"up":[{"embeddable":true,"href":"https:\/\/www.aeropuertodetoluca.com.mx\/inicio\/wp-json\/wp\/v2\/pages\/2351"}],"wp:attachment":[{"href":"https:\/\/www.aeropuertodetoluca.com.mx\/inicio\/wp-json\/wp\/v2\/media?parent=2015"}],"curies":[{"name":"wp","href":"https:\/\/api.w.org\/{rel}","templated":true}]}}