{"id":1989,"date":"2022-07-01T07:10:02","date_gmt":"2022-07-01T07:10:02","guid":{"rendered":"https:\/\/www.aeropuertodetoluca.com.mx\/inicio\/?page_id=1989"},"modified":"2023-10-04T13:01:04","modified_gmt":"2023-10-04T19:01:04","slug":"restaurantes","status":"publish","type":"page","link":"https:\/\/www.aeropuertodetoluca.com.mx\/inicio\/servicios\/restaurantes\/","title":{"rendered":"Restaurantes"},"content":{"rendered":"<p>[vc_row][vc_column]\n\t\t\t<!-- START restaurante REVOLUTION SLIDER 6.5.24 --><p class=\"rs-p-wp-fix\"><\/p>\n\t\t\t<rs-module-wrap id=\"rev_slider_2_1_wrapper\" data-source=\"gallery\" style=\"visibility:hidden;background:transparent;padding:0;margin:0px auto;margin-top:0;margin-bottom:0;\">\n\t\t\t\t<rs-module id=\"rev_slider_2_1\" style=\"\" data-version=\"6.5.24\">\n\t\t\t\t\t<rs-slides>\n\t\t\t\t\t\t<rs-slide style=\"position: absolute;\" data-key=\"rs-2\" data-title=\"ait\" data-anim=\"f:random;\" data-in=\"o:0;sx:1.1;sy:1.1;m:true;row:5;col:5;\" data-out=\"a:false;\">\n\t\t\t\t\t\t\t<img fetchpriority=\"high\" decoding=\"async\" src=\"\/\/www.aeropuertodetoluca.com.mx\/inicio\/wp-content\/plugins\/revslider\/public\/assets\/assets\/dummy.png\" alt=\"\" title=\"servicios\" width=\"2560\" height=\"1109\" class=\"rev-slidebg tp-rs-img rs-lazyload\" data-lazyload=\"\/\/www.aeropuertodetoluca.com.mx\/inicio\/wp-content\/uploads\/2022\/06\/servicios-3-scaled.jpg\" data-no-retina>\n<!--\n\t\t\t\t\t\t\t--><rs-layer\n\t\t\t\t\t\t\t\tid=\"slider-2-slide-2-layer-0\" \n\t\t\t\t\t\t\t\tdata-type=\"text\"\n\t\t\t\t\t\t\t\tdata-color=\"#fff\"\n\t\t\t\t\t\t\t\tdata-rsp_ch=\"on\"\n\t\t\t\t\t\t\t\tdata-xy=\"xo:122px,100px,75px,46px;yo:504px,416px,316px,194px;\"\n\t\t\t\t\t\t\t\tdata-text=\"w:nowrap;s:117,96,72,44;l:148,122,92,56;fw:900;a:right;\"\n\t\t\t\t\t\t\t\tdata-dim=\"w:1042px,860px,653px,402px;minh:0,none,none,none;\"\n\t\t\t\t\t\t\t\tdata-frame_0=\"sX:0.9;sY:0.9;\"\n\t\t\t\t\t\t\t\tdata-frame_1=\"x:57px,47px,35px,21px;y:-45px,-37px,-28px,-17px;e:power2.inOut;st:410;sp:1000;sR:410;\"\n\t\t\t\t\t\t\t\tdata-frame_999=\"sX:0.7;sY:0.7;o:0;e:back.in;st:w;sp:500;sR:7590;\"\n\t\t\t\t\t\t\t\tstyle=\"z-index:5;background-color:rgba(119,184,44,0.33);font-family:'Roboto';text-transform:uppercase;\"\n\t\t\t\t\t\t\t>RESTAURANTES \n\t\t\t\t\t\t\t<\/rs-layer><!--\n\n\t\t\t\t\t\t\t--><rs-layer\n\t\t\t\t\t\t\t\tid=\"slider-2-slide-2-layer-1\" \n\t\t\t\t\t\t\t\tdata-type=\"image\"\n\t\t\t\t\t\t\t\tdata-rsp_ch=\"on\"\n\t\t\t\t\t\t\t\tdata-xy=\"x:c;xo:-357px,-294px,-223px,-137px;yo:476px,393px,298px,183px;\"\n\t\t\t\t\t\t\t\tdata-text=\"w:normal;s:20,16,12,7;l:0,20,15,9;\"\n\t\t\t\t\t\t\t\tdata-dim=\"w:109px,90px,68px,41px;h:108px,89px,67px,41px;\"\n\t\t\t\t\t\t\t\tdata-frame_0=\"x:-100%;\"\n\t\t\t\t\t\t\t\tdata-frame_0_mask=\"u:t;\"\n\t\t\t\t\t\t\t\tdata-frame_1=\"x:4px,3px,2px,1px;y:1px,0px,0px,0px;st:1380;sp:1000;\"\n\t\t\t\t\t\t\t\tdata-frame_1_mask=\"u:t;\"\n\t\t\t\t\t\t\t\tdata-frame_999=\"o:0;st:w;sR:6620;\"\n\t\t\t\t\t\t\t\tstyle=\"z-index:6;\"\n\t\t\t\t\t\t\t><img decoding=\"async\" src=\"\/\/www.aeropuertodetoluca.com.mx\/inicio\/wp-content\/plugins\/revslider\/public\/assets\/assets\/dummy.png\" alt=\"\" class=\"tp-rs-img rs-lazyload\" width=\"1450\" height=\"1443\" data-lazyload=\"\/\/www.aeropuertodetoluca.com.mx\/inicio\/wp-content\/uploads\/2022\/07\/restaurante.png\" data-no-retina> \n\t\t\t\t\t\t\t<\/rs-layer><!--\n-->\t\t\t\t\t\t<\/rs-slide>\n\t\t\t\t\t<\/rs-slides>\n\t\t\t\t<\/rs-module>\n\t\t\t\t<script>\n\t\t\t\t\tsetREVStartSize({c: 'rev_slider_2_1',rl:[1240,1024,778,480],el:[900,743,960,720],gw:[1240,1024,778,480],gh:[900,768,960,600],type:'standard',justify:'',layout:'fullwidth',mh:\"0\"});if (window.RS_MODULES!==undefined && window.RS_MODULES.modules!==undefined && window.RS_MODULES.modules[\"revslider21\"]!==undefined) {window.RS_MODULES.modules[\"revslider21\"].once = false;window.revapi2 = undefined;if (window.RS_MODULES.checkMinimal!==undefined) window.RS_MODULES.checkMinimal()}\n\t\t\t\t<\/script>\n\t\t\t<\/rs-module-wrap>\n\t\t\t<!-- END REVOLUTION SLIDER -->\n[\/vc_column][\/vc_row][vc_row full_width=\u00bbstretch_row\u00bb wrap_container=\u00bbyes\u00bb el_class=\u00bbpt-5 custom-zindex\u00bb css=\u00bb.vc_custom_1655955635645{background-color: #78bc42 !important;}\u00bb][vc_column][vc_custom_heading text=\u00bbDisfruta tu estancia\u00bb font_container=\u00bbtag:h2|font_size:3em|text_align:center|color:%23ffffff|line_height:1.4em\u00bb use_theme_fonts=\u00bbyes\u00bb font_weight=\u00bb700&#8243; animation_delay=\u00bb\u00bb el_class=\u00bbmb-5&#8243;][vc_column_text css=\u00bb.vc_custom_1666364401775{margin-right: 20px !important;margin-left: 20px !important;}\u00bb]<\/p>\n<p class=\"vc_custom_heading m-b-md\" style=\"text-align: center;\"><span style=\"font-size: 28px; color: #ffffff;\">En el Aeropuerto Internacional de Toluca estamos listos para recibirte. Conoce todas las facilidades que hemos preparado para ti para que tu estancia sea de lo m\u00e1s placentera.<\/span><\/p>\n<p style=\"text-align: center;\"><span style=\"font-size: 28px; color: #ffffff;\">En nuestras instalaciones encontrar\u00e1s: m\u00f3dulo de informaci\u00f3n, restaurantes; cajeros y casas de cambio; tiendas para comprar alimentos, art\u00ed\u00adculos de viaje o souvenirs; sala VIP; oficinas de autoridades aeroportuarias; entre otros.<\/span><\/p>\n<p>[\/vc_column_text][\/vc_column][\/vc_row][vc_row][vc_column][vc_custom_heading text=\u00bbRestaurantes\u00bb font_container=\u00bbtag:h2|font_size:3.5em|text_align:center\u00bb use_theme_fonts=\u00bbyes\u00bb font_weight=\u00bb900&#8243; css=\u00bb.vc_custom_1656659901760{padding-top: 50px !important;}\u00bb][\/vc_column][\/vc_row][vc_row content_placement=\u00bbmiddle\u00bb no_padding=\u00bbyes\u00bb css=\u00bb.vc_custom_1678979093311{border-top-width: 1px !important;border-right-width: 1px !important;border-bottom-width: 1px !important;border-left-width: 1px !important;padding-bottom: 20px !important;border-left-color: #e80909 !important;border-left-style: hidden !important;border-right-color: #e80909 !important;border-right-style: hidden !important;border-top-color: #e80909 !important;border-top-style: hidden !important;border-bottom-color: #e80909 !important;border-bottom-style: hidden !important;}\u00bb el_class=\u00bbheader-top-ads\u00bb][vc_column offset=\u00bbvc_col-md-4&#8243;]<a class=\"porto-sicon-box-link\" href=\"https:\/\/puntadelcielo.com.mx\/\" target='_blank'><div class=\"porto-sicon-box  wpb_custom_1efe903570d178ff0a9b7bfa5febd3a4 style_2 top-icon\"><div class=\"porto-sicon-top\"><div id=\"porto-icon-212737054869e2289b2eed3\" class=\"porto-just-icon-wrapper porto-sicon-img\" style=\"font-size: 100px;margin-bottom:50px;\" data-appear-animation=\"pulse\"><img decoding=\"async\" class=\"img-icon\" alt=\"\" src=\"https:\/\/www.aeropuertodetoluca.com.mx\/inicio\/wp-content\/uploads\/2022\/07\/cafe.jpg\" width=\"400\" height=\"400\" \/><\/div><\/div><div class=\"porto-sicon-header\"><h3 class=\"porto-sicon-title\" style=\"font-weight:700;font-size:14px;line-height:1;\">Caf\u00e9 Punta del Cielo<\/h3><p style=\"font-weight:300;font-size:13px;line-height:1.2;\">Lunes a Domingo: 06:30 a 22:30<\/p><\/div> <!-- header --><\/div><!-- porto-sicon-box --><\/a>[\/vc_column][vc_column offset=\u00bbvc_col-md-4&#8243;]<a class=\"porto-sicon-box-link\" href=\"https:\/\/www.starbucks.com.mx\/\" target='_blank'><div class=\"porto-sicon-box  wpb_custom_1efe903570d178ff0a9b7bfa5febd3a4 style_2 top-icon\"><div class=\"porto-sicon-top\"><div id=\"porto-icon-70502983269e2289b2f6d6\" class=\"porto-just-icon-wrapper porto-sicon-img\" style=\"font-size: 140px;\" data-appear-animation=\"pulse\"><img loading=\"lazy\" decoding=\"async\" class=\"img-icon\" alt=\"\" src=\"https:\/\/www.aeropuertodetoluca.com.mx\/inicio\/wp-content\/uploads\/2023\/01\/starbucks.png\" width=\"1024\" height=\"1024\" \/><\/div><\/div><div class=\"porto-sicon-header\"><h3 class=\"porto-sicon-title\" style=\"font-weight:700;font-size:14px;line-height:1;\">Starbucks<\/h3><p style=\"font-weight:300;font-size:13px;line-height:1.2;\">Lunes a Domingo: 06:00 a 22:00<\/p><\/div> <!-- header --><\/div><!-- porto-sicon-box --><\/a>[\/vc_column][vc_column offset=\u00bbvc_col-md-4&#8243;]<div class=\"porto-sicon-box  wpb_custom_1efe903570d178ff0a9b7bfa5febd3a4 style_2 top-icon\"><div class=\"porto-sicon-top\"><div id=\"porto-icon-99060910669e2289b301b6\" class=\"porto-just-icon-wrapper porto-sicon-img\" style=\"font-size: 180px;\" data-appear-animation=\"pulse\"><img loading=\"lazy\" decoding=\"async\" class=\"img-icon\" alt=\"\" src=\"https:\/\/www.aeropuertodetoluca.com.mx\/inicio\/wp-content\/uploads\/2023\/01\/image002-1.png\" width=\"200\" height=\"150\" \/><\/div><\/div><div class=\"porto-sicon-header\"><h3 class=\"porto-sicon-title\" style=\"font-weight:700;font-size:14px;line-height:1;\">Homero Ranchero<\/h3><p style=\"font-weight:300;font-size:13px;line-height:1.2;\">Lunes a viernes de 7:00 a 19:30 hrs, s\u00e1bados de 7:00 a 14:30 hrs y domingos sin servicio.<\/p><\/div> <!-- header --><\/div><!-- porto-sicon-box -->[\/vc_column][\/vc_row][vc_row content_placement=\u00bbmiddle\u00bb no_padding=\u00bbyes\u00bb css=\u00bb.vc_custom_1678977067231{border-top-width: 1px !important;border-right-width: 1px !important;border-bottom-width: 1px !important;border-left-width: 1px !important;padding-bottom: 20px !important;border-left-color: #e7e7e7 !important;border-left-style: none !important;border-right-color: #e7e7e7 !important;border-right-style: none !important;border-top-color: #e7e7e7 !important;border-top-style: none !important;border-bottom-color: #e7e7e7 !important;border-bottom-style: none !important;}\u00bb el_class=\u00bbheader-top-ads\u00bb][vc_column offset=\u00bbvc_col-md-4&#8243;]<a class=\"porto-sicon-box-link\" href=\"https:\/\/www.subway.com\/es-mx\" target='_blank'><div class=\"porto-sicon-box  wpb_custom_1efe903570d178ff0a9b7bfa5febd3a4 style_2 top-icon\"><div class=\"porto-sicon-top\"><div id=\"porto-icon-170501852869e2289b3088b\" class=\"porto-just-icon-wrapper porto-sicon-img\" style=\"font-size: 140px;margin-bottom:50px;\" data-appear-animation=\"pulse\"><img loading=\"lazy\" decoding=\"async\" class=\"img-icon\" alt=\"\" src=\"https:\/\/www.aeropuertodetoluca.com.mx\/inicio\/wp-content\/uploads\/2023\/03\/Logo-Subway.png\" width=\"2818\" height=\"754\" \/><\/div><\/div><div class=\"porto-sicon-header\"><h3 class=\"porto-sicon-title\" style=\"font-weight:700;font-size:14px;line-height:1;\">Subway<\/h3><p style=\"font-weight:300;font-size:13px;line-height:1.2;\">Lunes a Domingo: 09:00 a 20:00<\/p><\/div> <!-- header --><\/div><!-- porto-sicon-box --><\/a>[\/vc_column][vc_column offset=\u00bbvc_col-md-4&#8243;]<div class=\"porto-sicon-box  wpb_custom_1efe903570d178ff0a9b7bfa5febd3a4 style_2 top-icon\"><div class=\"porto-sicon-top\"><div id=\"porto-icon-55956452769e2289b30dc0\" class=\"porto-just-icon-wrapper porto-sicon-img\" style=\"font-size: 100px;\" data-appear-animation=\"pulse\"><img loading=\"lazy\" decoding=\"async\" class=\"img-icon\" alt=\"\" src=\"https:\/\/www.aeropuertodetoluca.com.mx\/inicio\/wp-content\/uploads\/2023\/03\/IMG_9864.png\" width=\"2951\" height=\"3875\" \/><\/div><\/div><div class=\"porto-sicon-header\"><h3 class=\"porto-sicon-title\" style=\"font-weight:700;font-size:14px;line-height:1;\">Free Flight<\/h3><p style=\"font-weight:300;font-size:13px;line-height:1.2;\">Lunes a Domingo: 09:00 a 23:00<\/p><\/div> <!-- header --><\/div><!-- porto-sicon-box -->[\/vc_column][vc_column offset=\u00bbvc_col-md-4&#8243;]<a class=\"porto-sicon-box-link\" href=\"https:\/\/www.wingsarmy.com\/mx\/\" target='_blank'><div class=\"porto-sicon-box  wpb_custom_1efe903570d178ff0a9b7bfa5febd3a4 style_2 top-icon\"><div class=\"porto-sicon-top\"><div id=\"porto-icon-170844968369e2289b3133a\" class=\"porto-just-icon-wrapper porto-sicon-img\" style=\"font-size: 120px;\" data-appear-animation=\"pulse\"><img loading=\"lazy\" decoding=\"async\" class=\"img-icon\" alt=\"\" src=\"https:\/\/www.aeropuertodetoluca.com.mx\/inicio\/wp-content\/uploads\/2023\/03\/Captura-de-pantalla-2023-03-15-a-las-17.16.33.png\" width=\"1062\" height=\"1150\" \/><\/div><\/div><div class=\"porto-sicon-header\"><h3 class=\"porto-sicon-title\" style=\"font-weight:700;font-size:14px;line-height:1;\">Wings Army<\/h3><p style=\"font-weight:300;font-size:13px;line-height:1.2;\">Lunes a Domingo de 13:00 a 21:30 hrs<\/p><\/div> <!-- header --><\/div><!-- porto-sicon-box --><\/a>[\/vc_column][\/vc_row][vc_row content_placement=\u00bbmiddle\u00bb no_padding=\u00bbyes\u00bb css=\u00bb.vc_custom_1678979113335{border-top-width: 1px !important;border-right-width: 1px !important;border-bottom-width: 1px !important;border-left-width: 1px !important;padding-bottom: 20px !important;border-left-color: #e7e7e7 !important;border-left-style: hidden !important;border-right-color: #e7e7e7 !important;border-right-style: hidden !important;border-top-color: #e7e7e7 !important;border-top-style: hidden !important;border-bottom-color: #e7e7e7 !important;border-bottom-style: hidden !important;}\u00bb el_class=\u00bbheader-top-ads\u00bb][vc_column offset=\u00bbvc_col-md-4&#8243;]<div class=\"porto-sicon-box  wpb_custom_1efe903570d178ff0a9b7bfa5febd3a4 style_2 top-icon\"><div class=\"porto-sicon-top\"><div id=\"porto-icon-196380635369e2289b31796\" class=\"porto-just-icon-wrapper porto-sicon-img\" style=\"font-size: 160px;margin-bottom:50px;\" data-appear-animation=\"pulse\"><img loading=\"lazy\" decoding=\"async\" class=\"img-icon\" alt=\"\" src=\"https:\/\/www.aeropuertodetoluca.com.mx\/inicio\/wp-content\/uploads\/2023\/03\/AIRPORT-SHOPRecurso-5@3x.png\" width=\"1025\" height=\"318\" \/><\/div><\/div><div class=\"porto-sicon-header\"><h3 class=\"porto-sicon-title\" style=\"font-weight:700;font-size:14px;line-height:1;\">Sala de \u00faltima espera<\/h3><p style=\"font-weight:300;font-size:13px;line-height:1.2;\">Lunes a Domingo: 06:30 a 22:30<\/p><\/div> <!-- header --><\/div><!-- porto-sicon-box -->[\/vc_column][vc_column offset=\u00bbvc_col-md-4&#8243;][\/vc_column][vc_column offset=\u00bbvc_col-md-4&#8243;][\/vc_column][\/vc_row]<\/p>\n","protected":false},"excerpt":{"rendered":"<p>[vc_row][vc_column][\/vc_column][\/vc_row][vc_row full_width=\u00bbstretch_row\u00bb wrap_container=\u00bbyes\u00bb el_class=\u00bbpt-5 custom-zindex\u00bb css=\u00bb.vc_custom_1655955635645{background-color: #78bc42 !important;}\u00bb][vc_column][vc_custom_heading text=\u00bbDisfruta tu estancia\u00bb font_container=\u00bbtag:h2|font_size:3em|text_align:center|color:%23ffffff|line_height:1.4em\u00bb use_theme_fonts=\u00bbyes\u00bb font_weight=\u00bb700&#8243; animation_delay=\u00bb\u00bb el_class=\u00bbmb-5&#8243;][vc_column_text css=\u00bb.vc_custom_1666364401775{margin-right: 20px !important;margin-left: 20px !important;}\u00bb] En el Aeropuerto Internacional de Toluca estamos listos para recibirte. Conoce todas las facilidades que hemos preparado para ti para que tu estancia sea de lo m\u00e1s placentera. En nuestras instalaciones encontrar\u00e1s: m\u00f3dulo de [&hellip;]<\/p>\n","protected":false},"author":1,"featured_media":0,"parent":2351,"menu_order":0,"comment_status":"closed","ping_status":"closed","template":"elementor_canvas","meta":{"_acf_changed":false,"footnotes":""},"class_list":["post-1989","page","type-page","status-publish","hentry"],"acf":[],"yoast_head":"<!-- This site is optimized with the Yoast SEO plugin v24.0 - https:\/\/yoast.com\/wordpress\/plugins\/seo\/ -->\n<title>Restaurantes - Aeropuerto Internacional de Toluca<\/title>\n<meta name=\"robots\" content=\"index, follow, max-snippet:-1, max-image-preview:large, max-video-preview:-1\" \/>\n<link rel=\"canonical\" href=\"https:\/\/www.aeropuertodetoluca.com.mx\/inicio\/servicios\/restaurantes\/\" \/>\n<meta property=\"og:locale\" content=\"es_ES\" \/>\n<meta property=\"og:type\" content=\"article\" \/>\n<meta property=\"og:title\" content=\"Restaurantes - Aeropuerto Internacional de Toluca\" \/>\n<meta property=\"og:description\" content=\"[vc_row][vc_column][\/vc_column][\/vc_row][vc_row full_width=\u00bbstretch_row\u00bb wrap_container=\u00bbyes\u00bb el_class=\u00bbpt-5 custom-zindex\u00bb css=\u00bb.vc_custom_1655955635645{background-color: #78bc42 !important;}\u00bb][vc_column][vc_custom_heading text=\u00bbDisfruta tu estancia\u00bb font_container=\u00bbtag:h2|font_size:3em|text_align:center|color:%23ffffff|line_height:1.4em\u00bb use_theme_fonts=\u00bbyes\u00bb font_weight=\u00bb700&#8243; animation_delay=\u00bb\u00bb el_class=\u00bbmb-5&#8243;][vc_column_text css=\u00bb.vc_custom_1666364401775{margin-right: 20px !important;margin-left: 20px !important;}\u00bb] En el Aeropuerto Internacional de Toluca estamos listos para recibirte. Conoce todas las facilidades que hemos preparado para ti para que tu estancia sea de lo m\u00e1s placentera. En nuestras instalaciones encontrar\u00e1s: m\u00f3dulo de [&hellip;]\" \/>\n<meta property=\"og:url\" content=\"https:\/\/www.aeropuertodetoluca.com.mx\/inicio\/servicios\/restaurantes\/\" \/>\n<meta property=\"og:site_name\" content=\"Aeropuerto Internacional de Toluca\" \/>\n<meta property=\"article:modified_time\" content=\"2023-10-04T19:01:04+00:00\" \/>\n<meta name=\"twitter:card\" content=\"summary_large_image\" \/>\n<meta name=\"twitter:label1\" content=\"Tiempo de lectura\" \/>\n\t<meta name=\"twitter:data1\" content=\"2 minutos\" \/>\n<script type=\"application\/ld+json\" class=\"yoast-schema-graph\">{\"@context\":\"https:\/\/schema.org\",\"@graph\":[{\"@type\":\"WebPage\",\"@id\":\"https:\/\/www.aeropuertodetoluca.com.mx\/inicio\/servicios\/restaurantes\/\",\"url\":\"https:\/\/www.aeropuertodetoluca.com.mx\/inicio\/servicios\/restaurantes\/\",\"name\":\"Restaurantes - Aeropuerto Internacional de Toluca\",\"isPartOf\":{\"@id\":\"https:\/\/www.aeropuertodetoluca.com.mx\/inicio\/#website\"},\"datePublished\":\"2022-07-01T07:10:02+00:00\",\"dateModified\":\"2023-10-04T19:01:04+00:00\",\"breadcrumb\":{\"@id\":\"https:\/\/www.aeropuertodetoluca.com.mx\/inicio\/servicios\/restaurantes\/#breadcrumb\"},\"inLanguage\":\"es\",\"potentialAction\":[{\"@type\":\"ReadAction\",\"target\":[\"https:\/\/www.aeropuertodetoluca.com.mx\/inicio\/servicios\/restaurantes\/\"]}]},{\"@type\":\"BreadcrumbList\",\"@id\":\"https:\/\/www.aeropuertodetoluca.com.mx\/inicio\/servicios\/restaurantes\/#breadcrumb\",\"itemListElement\":[{\"@type\":\"ListItem\",\"position\":1,\"name\":\"Portada\",\"item\":\"https:\/\/www.aeropuertodetoluca.com.mx\/inicio\/\"},{\"@type\":\"ListItem\",\"position\":2,\"name\":\"servicios\",\"item\":\"https:\/\/www.aeropuertodetoluca.com.mx\/inicio\/servicios\/\"},{\"@type\":\"ListItem\",\"position\":3,\"name\":\"Restaurantes\"}]},{\"@type\":\"WebSite\",\"@id\":\"https:\/\/www.aeropuertodetoluca.com.mx\/inicio\/#website\",\"url\":\"https:\/\/www.aeropuertodetoluca.com.mx\/inicio\/\",\"name\":\"Aeropuerto Internacional de Toluca\",\"description\":\"Por ti y para ti\",\"publisher\":{\"@id\":\"https:\/\/www.aeropuertodetoluca.com.mx\/inicio\/#organization\"},\"potentialAction\":[{\"@type\":\"SearchAction\",\"target\":{\"@type\":\"EntryPoint\",\"urlTemplate\":\"https:\/\/www.aeropuertodetoluca.com.mx\/inicio\/?s={search_term_string}\"},\"query-input\":{\"@type\":\"PropertyValueSpecification\",\"valueRequired\":true,\"valueName\":\"search_term_string\"}}],\"inLanguage\":\"es\"},{\"@type\":\"Organization\",\"@id\":\"https:\/\/www.aeropuertodetoluca.com.mx\/inicio\/#organization\",\"name\":\"Aeropuerto Internacional de Toluca\",\"url\":\"https:\/\/www.aeropuertodetoluca.com.mx\/inicio\/\",\"logo\":{\"@type\":\"ImageObject\",\"inLanguage\":\"es\",\"@id\":\"https:\/\/www.aeropuertodetoluca.com.mx\/inicio\/#\/schema\/logo\/image\/\",\"url\":\"https:\/\/www.aeropuertodetoluca.com.mx\/inicio\/wp-content\/uploads\/2022\/06\/logosmall.png\",\"contentUrl\":\"https:\/\/www.aeropuertodetoluca.com.mx\/inicio\/wp-content\/uploads\/2022\/06\/logosmall.png\",\"width\":388,\"height\":154,\"caption\":\"Aeropuerto Internacional de Toluca\"},\"image\":{\"@id\":\"https:\/\/www.aeropuertodetoluca.com.mx\/inicio\/#\/schema\/logo\/image\/\"}}]}<\/script>\n<!-- \/ Yoast SEO plugin. -->","yoast_head_json":{"title":"Restaurantes - Aeropuerto Internacional de Toluca","robots":{"index":"index","follow":"follow","max-snippet":"max-snippet:-1","max-image-preview":"max-image-preview:large","max-video-preview":"max-video-preview:-1"},"canonical":"https:\/\/www.aeropuertodetoluca.com.mx\/inicio\/servicios\/restaurantes\/","og_locale":"es_ES","og_type":"article","og_title":"Restaurantes - Aeropuerto Internacional de Toluca","og_description":"[vc_row][vc_column][\/vc_column][\/vc_row][vc_row full_width=\u00bbstretch_row\u00bb wrap_container=\u00bbyes\u00bb el_class=\u00bbpt-5 custom-zindex\u00bb css=\u00bb.vc_custom_1655955635645{background-color: #78bc42 !important;}\u00bb][vc_column][vc_custom_heading text=\u00bbDisfruta tu estancia\u00bb font_container=\u00bbtag:h2|font_size:3em|text_align:center|color:%23ffffff|line_height:1.4em\u00bb use_theme_fonts=\u00bbyes\u00bb font_weight=\u00bb700&#8243; animation_delay=\u00bb\u00bb el_class=\u00bbmb-5&#8243;][vc_column_text css=\u00bb.vc_custom_1666364401775{margin-right: 20px !important;margin-left: 20px !important;}\u00bb] En el Aeropuerto Internacional de Toluca estamos listos para recibirte. Conoce todas las facilidades que hemos preparado para ti para que tu estancia sea de lo m\u00e1s placentera. En nuestras instalaciones encontrar\u00e1s: m\u00f3dulo de [&hellip;]","og_url":"https:\/\/www.aeropuertodetoluca.com.mx\/inicio\/servicios\/restaurantes\/","og_site_name":"Aeropuerto Internacional de Toluca","article_modified_time":"2023-10-04T19:01:04+00:00","twitter_card":"summary_large_image","twitter_misc":{"Tiempo de lectura":"2 minutos"},"schema":{"@context":"https:\/\/schema.org","@graph":[{"@type":"WebPage","@id":"https:\/\/www.aeropuertodetoluca.com.mx\/inicio\/servicios\/restaurantes\/","url":"https:\/\/www.aeropuertodetoluca.com.mx\/inicio\/servicios\/restaurantes\/","name":"Restaurantes - Aeropuerto Internacional de Toluca","isPartOf":{"@id":"https:\/\/www.aeropuertodetoluca.com.mx\/inicio\/#website"},"datePublished":"2022-07-01T07:10:02+00:00","dateModified":"2023-10-04T19:01:04+00:00","breadcrumb":{"@id":"https:\/\/www.aeropuertodetoluca.com.mx\/inicio\/servicios\/restaurantes\/#breadcrumb"},"inLanguage":"es","potentialAction":[{"@type":"ReadAction","target":["https:\/\/www.aeropuertodetoluca.com.mx\/inicio\/servicios\/restaurantes\/"]}]},{"@type":"BreadcrumbList","@id":"https:\/\/www.aeropuertodetoluca.com.mx\/inicio\/servicios\/restaurantes\/#breadcrumb","itemListElement":[{"@type":"ListItem","position":1,"name":"Portada","item":"https:\/\/www.aeropuertodetoluca.com.mx\/inicio\/"},{"@type":"ListItem","position":2,"name":"servicios","item":"https:\/\/www.aeropuertodetoluca.com.mx\/inicio\/servicios\/"},{"@type":"ListItem","position":3,"name":"Restaurantes"}]},{"@type":"WebSite","@id":"https:\/\/www.aeropuertodetoluca.com.mx\/inicio\/#website","url":"https:\/\/www.aeropuertodetoluca.com.mx\/inicio\/","name":"Aeropuerto Internacional de Toluca","description":"Por ti y para ti","publisher":{"@id":"https:\/\/www.aeropuertodetoluca.com.mx\/inicio\/#organization"},"potentialAction":[{"@type":"SearchAction","target":{"@type":"EntryPoint","urlTemplate":"https:\/\/www.aeropuertodetoluca.com.mx\/inicio\/?s={search_term_string}"},"query-input":{"@type":"PropertyValueSpecification","valueRequired":true,"valueName":"search_term_string"}}],"inLanguage":"es"},{"@type":"Organization","@id":"https:\/\/www.aeropuertodetoluca.com.mx\/inicio\/#organization","name":"Aeropuerto Internacional de Toluca","url":"https:\/\/www.aeropuertodetoluca.com.mx\/inicio\/","logo":{"@type":"ImageObject","inLanguage":"es","@id":"https:\/\/www.aeropuertodetoluca.com.mx\/inicio\/#\/schema\/logo\/image\/","url":"https:\/\/www.aeropuertodetoluca.com.mx\/inicio\/wp-content\/uploads\/2022\/06\/logosmall.png","contentUrl":"https:\/\/www.aeropuertodetoluca.com.mx\/inicio\/wp-content\/uploads\/2022\/06\/logosmall.png","width":388,"height":154,"caption":"Aeropuerto Internacional de Toluca"},"image":{"@id":"https:\/\/www.aeropuertodetoluca.com.mx\/inicio\/#\/schema\/logo\/image\/"}}]}},"_links":{"self":[{"href":"https:\/\/www.aeropuertodetoluca.com.mx\/inicio\/wp-json\/wp\/v2\/pages\/1989","targetHints":{"allow":["GET"]}}],"collection":[{"href":"https:\/\/www.aeropuertodetoluca.com.mx\/inicio\/wp-json\/wp\/v2\/pages"}],"about":[{"href":"https:\/\/www.aeropuertodetoluca.com.mx\/inicio\/wp-json\/wp\/v2\/types\/page"}],"author":[{"embeddable":true,"href":"https:\/\/www.aeropuertodetoluca.com.mx\/inicio\/wp-json\/wp\/v2\/users\/1"}],"replies":[{"embeddable":true,"href":"https:\/\/www.aeropuertodetoluca.com.mx\/inicio\/wp-json\/wp\/v2\/comments?post=1989"}],"version-history":[{"count":26,"href":"https:\/\/www.aeropuertodetoluca.com.mx\/inicio\/wp-json\/wp\/v2\/pages\/1989\/revisions"}],"predecessor-version":[{"id":3280,"href":"https:\/\/www.aeropuertodetoluca.com.mx\/inicio\/wp-json\/wp\/v2\/pages\/1989\/revisions\/3280"}],"up":[{"embeddable":true,"href":"https:\/\/www.aeropuertodetoluca.com.mx\/inicio\/wp-json\/wp\/v2\/pages\/2351"}],"wp:attachment":[{"href":"https:\/\/www.aeropuertodetoluca.com.mx\/inicio\/wp-json\/wp\/v2\/media?parent=1989"}],"curies":[{"name":"wp","href":"https:\/\/api.w.org\/{rel}","templated":true}]}}