{"id":1938,"date":"2022-07-01T03:57:05","date_gmt":"2022-07-01T03:57:05","guid":{"rendered":"https:\/\/www.aeropuertodetoluca.com.mx\/inicio\/?page_id=1938"},"modified":"2022-11-23T20:12:59","modified_gmt":"2022-11-23T20:12:59","slug":"seguridad","status":"publish","type":"page","link":"https:\/\/www.aeropuertodetoluca.com.mx\/inicio\/pasajeros\/seguridad\/","title":{"rendered":"seguridad"},"content":{"rendered":"<p>[vc_row][vc_column]\n\t\t\t<!-- START Seguridad REVOLUTION SLIDER 6.5.24 --><p class=\"rs-p-wp-fix\"><\/p>\n\t\t\t<rs-module-wrap id=\"rev_slider_12_1_wrapper\" data-source=\"gallery\" style=\"visibility:hidden;background:transparent;padding:0;margin:0px auto;margin-top:0;margin-bottom:0;\">\n\t\t\t\t<rs-module id=\"rev_slider_12_1\" style=\"\" data-version=\"6.5.24\">\n\t\t\t\t\t<rs-slides>\n\t\t\t\t\t\t<rs-slide style=\"position: absolute;\" data-key=\"rs-12\" data-title=\"ait\" data-anim=\"f:random;\" data-in=\"o:0;sx:1.1;sy:1.1;m:true;row:5;col:5;\" data-out=\"a:false;\">\n\t\t\t\t\t\t\t<img fetchpriority=\"high\" decoding=\"async\" src=\"\/\/www.aeropuertodetoluca.com.mx\/inicio\/wp-content\/plugins\/revslider\/public\/assets\/assets\/dummy.png\" alt=\"\" title=\"Free catching a plane image, public domain airport CC0 photo.\" width=\"2560\" height=\"1254\" class=\"rev-slidebg tp-rs-img rs-lazyload\" data-lazyload=\"\/\/www.aeropuertodetoluca.com.mx\/inicio\/wp-content\/uploads\/2022\/07\/image-from-rawpixel-id-5920199-jpeg-scaled-e1657636849819.jpg\" data-no-retina>\n<!--\n\t\t\t\t\t\t\t--><rs-layer\n\t\t\t\t\t\t\t\tid=\"slider-12-slide-12-layer-0\" \n\t\t\t\t\t\t\t\tdata-type=\"text\"\n\t\t\t\t\t\t\t\tdata-color=\"#fff\"\n\t\t\t\t\t\t\t\tdata-rsp_ch=\"on\"\n\t\t\t\t\t\t\t\tdata-xy=\"xo:375px,309px,234px,144px;yo:407px,336px,255px,157px;\"\n\t\t\t\t\t\t\t\tdata-text=\"w:nowrap;s:117,96,72,44;l:148,122,92,56;fw:900;a:right;\"\n\t\t\t\t\t\t\t\tdata-dim=\"w:807px,666px,506px,312px;h:152px,125px,94px,57px;minh:0,none,none,none;\"\n\t\t\t\t\t\t\t\tdata-frame_0=\"sX:0.9;sY:0.9;\"\n\t\t\t\t\t\t\t\tdata-frame_1=\"x:57px,47px,35px,21px;y:-45px,-37px,-28px,-17px;e:power2.inOut;st:270;sp:1000;sR:270;\"\n\t\t\t\t\t\t\t\tdata-frame_999=\"sX:0.7;sY:0.7;o:0;e:back.in;st:w;sp:500;sR:7730;\"\n\t\t\t\t\t\t\t\tstyle=\"z-index:5;background-color:rgba(249,156,37,0.33);font-family:'Roboto';text-transform:uppercase;\"\n\t\t\t\t\t\t\t>Seguridad \n\t\t\t\t\t\t\t<\/rs-layer><!--\n\n\t\t\t\t\t\t\t--><rs-layer\n\t\t\t\t\t\t\t\tid=\"slider-12-slide-12-layer-1\" \n\t\t\t\t\t\t\t\tdata-type=\"image\"\n\t\t\t\t\t\t\t\tdata-rsp_ch=\"on\"\n\t\t\t\t\t\t\t\tdata-xy=\"xo:467px,385px,292px,180px;yo:370px,305px,231px,142px;\"\n\t\t\t\t\t\t\t\tdata-text=\"w:normal;s:20,16,12,7;l:0,20,15,9;\"\n\t\t\t\t\t\t\t\tdata-dim=\"w:102px,84px,63px,38px;h:123px,101px,76px,46px;\"\n\t\t\t\t\t\t\t\tdata-frame_0=\"x:-100%;\"\n\t\t\t\t\t\t\t\tdata-frame_0_mask=\"u:t;\"\n\t\t\t\t\t\t\t\tdata-frame_1=\"x:1px,0px,0px,0px;y:1px,0px,0px,0px;st:1570;sp:1000;\"\n\t\t\t\t\t\t\t\tdata-frame_1_mask=\"u:t;\"\n\t\t\t\t\t\t\t\tdata-frame_999=\"o:0;st:w;sR:6430;\"\n\t\t\t\t\t\t\t\tstyle=\"z-index:6;\"\n\t\t\t\t\t\t\t><img decoding=\"async\" src=\"\/\/www.aeropuertodetoluca.com.mx\/inicio\/wp-content\/plugins\/revslider\/public\/assets\/assets\/dummy.png\" alt=\"\" class=\"tp-rs-img rs-lazyload\" width=\"413\" height=\"499\" data-lazyload=\"\/\/www.aeropuertodetoluca.com.mx\/inicio\/wp-content\/uploads\/2022\/07\/AIT_SECCION_DISEN\u0303O_8_DICIEMBRE-11.png\" data-no-retina> \n\t\t\t\t\t\t\t<\/rs-layer><!--\n-->\t\t\t\t\t\t<\/rs-slide>\n\t\t\t\t\t<\/rs-slides>\n\t\t\t\t<\/rs-module>\n\t\t\t\t<script>\n\t\t\t\t\tsetREVStartSize({c: 'rev_slider_12_1',rl:[1240,1024,778,480],el:[900,743,960,720],gw:[1240,1024,778,480],gh:[900,768,960,600],type:'standard',justify:'',layout:'fullwidth',mh:\"0\"});if (window.RS_MODULES!==undefined && window.RS_MODULES.modules!==undefined && window.RS_MODULES.modules[\"revslider121\"]!==undefined) {window.RS_MODULES.modules[\"revslider121\"].once = false;window.revapi12 = undefined;if (window.RS_MODULES.checkMinimal!==undefined) window.RS_MODULES.checkMinimal()}\n\t\t\t\t<\/script>\n\t\t\t<\/rs-module-wrap>\n\t\t\t<!-- END REVOLUTION SLIDER -->\n[\/vc_column][\/vc_row][vc_row full_width=\u00bbstretch_row\u00bb wrap_container=\u00bbyes\u00bb text_align=\u00bbcenter\u00bb css=\u00bb.vc_custom_1655765735271{background-color: #f99c25 !important;}\u00bb el_class=\u00bbpt-5 custom-zindex\u00bb][vc_column][vc_custom_heading text=\u00bbPara nosotros, tu seguridad es lo m\u00e1s importante.\u00bb font_container=\u00bbtag:h2|font_size:3em|text_align:center|color:%23ffffff|line_height:1.4&#8243; use_theme_fonts=\u00bbyes\u00bb font_weight=\u00bb700&#8243; skin=\u00bblight\u00bb letter_spacing=\u00bb-0.5px\u00bb el_class=\u00bbmb-5&#8243;][vc_column_text css=\u00bb.vc_custom_1666363567503{margin-right: 20px !important;margin-left: 20px !important;}\u00bb]<\/p>\n<div class=\"vc_row wpb_row top-row pt-5 custom-zindex vc_custom_1655765134232 vc_row-has-fill porto-inner-container\" data-vc-full-width=\"true\" data-vc-full-width-init=\"true\">\n<div class=\"porto-wrap-container container\">\n<div class=\"row\">\n<div class=\"vc_column_container col-md-12\">\n<div class=\"wpb_wrapper vc_column-inner\">\n<div class=\"wpb_text_column wpb_content_element vc_custom_1656643414360\">\n<div class=\"wpb_wrapper\">\n<p style=\"text-align: center;\"><span style=\"font-size: 28px; color: #ffffff;\">En esta secci\u00f3n te sugerimos qu\u00e9 documentaci\u00f3n se debe tener a la mano en caso de ser requerida por alguna autoridad del <strong>Aeropuerto Internacional de Toluca<\/strong>, as\u00ed como los pasos a seguir una vez que te encuentres en el filtro de inspecci\u00f3n.\u00a0<\/span><\/p>\n<\/div>\n<\/div>\n<\/div>\n<\/div>\n<\/div>\n<\/div>\n<\/div>\n<div class=\"vc_row-full-width vc_clearfix\" style=\"text-align: center;\"><\/div>\n<div class=\"vc_row wpb_row row top-row vc_custom_1655752350161 vc_row-has-fill vc_row-no-padding\" data-vc-full-width=\"true\" data-vc-full-width-init=\"true\" data-vc-stretch-content=\"true\">\n<div class=\"vc_column_container col-md-12\" style=\"text-align: center;\"><\/div>\n<\/div>\n<p>[\/vc_column_text][\/vc_column][\/vc_row][vc_row wrap_container=\u00bbyes\u00bb][vc_column width=\u00bb1\/4&#8243; el_class=\u00bbhover-box\u00bb]<div class=\"porto-sicon-box  vc_custom_1657135257958 p-5  wpb_custom_1efe903570d178ff0a9b7bfa5febd3a4 style_1 top-icon\"><div class=\"porto-sicon-top\"><div id=\"porto-icon-174264467969d86ad7ba520\" class=\"porto-just-icon-wrapper porto-sicon-img\" style=\"font-size: 200px;\" data-appear-animation=\"pulse\"><img decoding=\"async\" class=\"img-icon\" alt=\"\" src=\"https:\/\/www.aeropuertodetoluca.com.mx\/inicio\/wp-content\/uploads\/2022\/07\/cinco-pasos.png\" width=\"900\" height=\"675\" \/><\/div><\/div><div class=\"porto-sicon-header\"><p style=\"font-weight:700;font-size:16.8px;color:#f99c25;\">Los 5 pasos que debes hacer en filtros de inspecci\u00f3n<\/p><\/div> <!-- header --><div class=\"porto-sicon-description\" style=\"\">\n<ol class=\"listaSeguridad\" style=\"text-align: justify;\">\n<li class=\"uno\">Mostrar identificaci\u00f3n oficial con fotograf\u00eda y pase de abordar. Atender las indicaciones del personal de seguridad.<\/li>\n<li class=\"uno\">Recuerda colocar todos los objetos met\u00e1licos que traigas contigo, ejemplo: monedas, cinturones, hebillas, cadenas, joyas, etc\u00e9tera.<\/li>\n<li class=\"uno\">Coloca tambi\u00e9n tu equipaje de mano y documentos en la bandeja de pl\u00e1stico.<\/li>\n<li class=\"uno\">Ser\u00e1 necesario sacar de su empaque o funda laptops, c\u00e1maras, tablets y equipo de c\u00f3mputo, as\u00ed como colocarlo en un contenedor aparte.<\/li>\n<li class=\"uno\">Cuando los elementos de seguridad detectan alg\u00fan objeto prohibido o inusual que no pueda acceder a la Sala de \u00daltima Espera, ellos te explicar\u00e1n el procedimiento a seguir.<\/li>\n<\/ol>\n<p><\/div> <!-- description --><\/div><!-- porto-sicon-box -->[\/vc_column][vc_column width=\u00bb1\/4&#8243; el_class=\u00bbhover-box\u00bb]<div class=\"porto-sicon-box  vc_custom_1657135241529 p-5  wpb_custom_f1f85126e1be462fc2ff4246cbfe7fa5 style_1 top-icon\"><div class=\"porto-sicon-top\"><div id=\"porto-icon-26300949669d86ad7baa0f\" class=\"porto-just-icon-wrapper porto-sicon-img\" style=\"font-size: 108px;\" data-appear-animation=\"pulse\"><img loading=\"lazy\" decoding=\"async\" class=\"img-icon\" alt=\"\" src=\"https:\/\/www.aeropuertodetoluca.com.mx\/inicio\/wp-content\/uploads\/2022\/06\/paso-2-1.png\" width=\"355\" height=\"490\" \/><\/div><\/div><div class=\"porto-sicon-header\"><p style=\"font-weight:700;font-size:16.8px;color:#f99c25;\">Liquidos, aerosoles y geles.<\/p><\/div> <!-- header --><div class=\"porto-sicon-description\" style=\"\">\n<p style=\"text-align: justify;\">Cada aerol\u00ednea tiene su normatividad en cuanto a objetos permitidos para transportar en la maleta de mano, sin embargo, nosotros como Aeropuerto para poder tener acceso a Sala de \u00daltima Espera (SUE) tenemos cantidades permitidas en cuesti\u00f3n de los l\u00edquidos, geles y aerosoles para uso cosm\u00e9tico o de higiene personal, estos deber\u00e1n estar en recipientes individuales de una capacidad no mayor a 100 ml (3.4 oz.) estos deber\u00e1n estar colocados dentro de una bolsa de pl\u00e1stico reciclable.<\/p>\n<p style=\"text-align: justify;\">El contenido debe entrar sin dificultad en la bolsa o maleta de mano misma que deber\u00e1 cerrar completamente, le recomendamos que los envases sean de una capacidad igual o menor a 100 ml (3.4 oz.), ya que los de capacidad superior aun si el contenido es menor no pueden ingresar.<\/p>\n<p><\/div> <!-- description --><\/div><!-- porto-sicon-box -->[\/vc_column][vc_column width=\u00bb1\/4&#8243; el_class=\u00bbhover-box\u00bb]<div class=\"porto-sicon-box  vc_custom_1657135427559 p-5  wpb_custom_f1f85126e1be462fc2ff4246cbfe7fa5 style_1 top-icon\"><div class=\"porto-sicon-top\"><div id=\"porto-icon-199345801269d86ad7baf41\" class=\"porto-just-icon-wrapper porto-sicon-img\" style=\"font-size: 144px;\" data-appear-animation=\"pulse\"><img loading=\"lazy\" decoding=\"async\" class=\"img-icon\" alt=\"\" src=\"https:\/\/www.aeropuertodetoluca.com.mx\/inicio\/wp-content\/uploads\/2022\/06\/paso-3-1.png\" width=\"489\" height=\"500\" \/><\/div><\/div><div class=\"porto-sicon-header\"><p style=\"font-weight:700;font-size:16.8px;color:#f99c25;\">Art\u00edculos Prohibidos<\/p><\/div> <!-- header --><div class=\"porto-sicon-description\" style=\"\">\n<p style=\"text-align: justify;\">Las Armas de fuego, explosivos o pirotecnia, objetos punzo cortantes, tijeras, corta\u00fa\u00f1as, bebidas alcoh\u00f3licas, f\u00f3sforos, encendedores y l\u00edquidos geles y aerosoles con capacidad mayor a 100ml, est\u00e1n prohibidos y\/o restringidos para transportar en equipaje de mano.<\/p>\n<p><\/div> <!-- description --><\/div><!-- porto-sicon-box -->[\/vc_column][vc_column width=\u00bb1\/4&#8243;]<div class=\"porto-sicon-box p-5  wpb_custom_298f290417809d41a93135923a83d389 style_1 top-icon\"><div class=\"porto-sicon-top\"><div id=\"porto-icon-10703519369d86ad7bb34b\" class=\"porto-just-icon-wrapper porto-sicon-img\" style=\"font-size: 194px;\" data-appear-animation=\"pulse\"><img loading=\"lazy\" decoding=\"async\" class=\"img-icon\" alt=\"\" src=\"https:\/\/www.aeropuertodetoluca.com.mx\/inicio\/wp-content\/uploads\/2022\/07\/paso-3.png\" width=\"619\" height=\"454\" \/><\/div><\/div><div class=\"porto-sicon-header\"><p style=\"color:#f99c25;\">Peso total de equipaje<\/p><\/div> <!-- header --><div class=\"porto-sicon-description\" style=\"\">\n<p style=\"text-align: justify;\">El peso para llevar a bordo, es definido por las aerol\u00edneas, esta informaci\u00f3n deber\u00e1 ser revisada directamente con las aerol\u00edneas.<\/p>\n<div style=\"border-style: solid; border-color: #f99c25; padding-left: 12px; padding-right: 12px;\">\n<p style=\"text-align: justify;\">Para brindar protecci\u00f3n y seguridad a los usuarios, la terminal a\u00e9rea cuenta con oficinas de autoridades en materia migratoria, aduanal, salud y ej\u00e9rcito. Los elementos de seguridad y vigilancia est\u00e1n preparados y capacitados para detectar cualquier situaci\u00f3n que pudiera poner en riesgo la operaci\u00f3n aeroportuaria.<\/p>\n<p style=\"text-align: justify;\">Se mantiene una estrecha y confiable coordinaci\u00f3n con las autoridades como Polic\u00eda Federal y SEDENA para atender cualquier eventualidad o situaci\u00f3n de emergencia.<\/p>\n<\/div>\n<p><\/div> <!-- description --><\/div><!-- porto-sicon-box -->[\/vc_column][\/vc_row]<\/p>\n","protected":false},"excerpt":{"rendered":"<p>[vc_row][vc_column][\/vc_column][\/vc_row][vc_row full_width=\u00bbstretch_row\u00bb wrap_container=\u00bbyes\u00bb text_align=\u00bbcenter\u00bb css=\u00bb.vc_custom_1655765735271{background-color: #f99c25 !important;}\u00bb el_class=\u00bbpt-5 custom-zindex\u00bb][vc_column][vc_custom_heading text=\u00bbPara nosotros, tu seguridad es lo m\u00e1s importante.\u00bb font_container=\u00bbtag:h2|font_size:3em|text_align:center|color:%23ffffff|line_height:1.4&#8243; use_theme_fonts=\u00bbyes\u00bb font_weight=\u00bb700&#8243; skin=\u00bblight\u00bb letter_spacing=\u00bb-0.5px\u00bb el_class=\u00bbmb-5&#8243;][vc_column_text css=\u00bb.vc_custom_1666363567503{margin-right: 20px !important;margin-left: 20px !important;}\u00bb] En esta secci\u00f3n te sugerimos qu\u00e9 documentaci\u00f3n se debe tener a la mano en caso de ser requerida por alguna autoridad del Aeropuerto Internacional de Toluca, as\u00ed [&hellip;]<\/p>\n","protected":false},"author":1,"featured_media":0,"parent":1068,"menu_order":0,"comment_status":"closed","ping_status":"closed","template":"elementor_canvas","meta":{"_acf_changed":false,"footnotes":""},"class_list":["post-1938","page","type-page","status-publish","hentry"],"acf":[],"yoast_head":"<!-- This site is optimized with the Yoast SEO plugin v24.0 - https:\/\/yoast.com\/wordpress\/plugins\/seo\/ -->\n<title>seguridad - Aeropuerto Internacional de Toluca<\/title>\n<meta name=\"robots\" content=\"index, follow, max-snippet:-1, max-image-preview:large, max-video-preview:-1\" \/>\n<link rel=\"canonical\" href=\"https:\/\/www.aeropuertodetoluca.com.mx\/inicio\/pasajeros\/seguridad\/\" \/>\n<meta property=\"og:locale\" content=\"es_ES\" \/>\n<meta property=\"og:type\" content=\"article\" \/>\n<meta property=\"og:title\" content=\"seguridad - Aeropuerto Internacional de Toluca\" \/>\n<meta property=\"og:description\" content=\"[vc_row][vc_column][\/vc_column][\/vc_row][vc_row full_width=\u00bbstretch_row\u00bb wrap_container=\u00bbyes\u00bb text_align=\u00bbcenter\u00bb css=\u00bb.vc_custom_1655765735271{background-color: #f99c25 !important;}\u00bb el_class=\u00bbpt-5 custom-zindex\u00bb][vc_column][vc_custom_heading text=\u00bbPara nosotros, tu seguridad es lo m\u00e1s importante.\u00bb font_container=\u00bbtag:h2|font_size:3em|text_align:center|color:%23ffffff|line_height:1.4&#8243; use_theme_fonts=\u00bbyes\u00bb font_weight=\u00bb700&#8243; skin=\u00bblight\u00bb letter_spacing=\u00bb-0.5px\u00bb el_class=\u00bbmb-5&#8243;][vc_column_text css=\u00bb.vc_custom_1666363567503{margin-right: 20px !important;margin-left: 20px !important;}\u00bb] En esta secci\u00f3n te sugerimos qu\u00e9 documentaci\u00f3n se debe tener a la mano en caso de ser requerida por alguna autoridad del Aeropuerto Internacional de Toluca, as\u00ed [&hellip;]\" \/>\n<meta property=\"og:url\" content=\"https:\/\/www.aeropuertodetoluca.com.mx\/inicio\/pasajeros\/seguridad\/\" \/>\n<meta property=\"og:site_name\" content=\"Aeropuerto Internacional de Toluca\" \/>\n<meta property=\"article:modified_time\" content=\"2022-11-23T20:12:59+00:00\" \/>\n<meta name=\"twitter:card\" content=\"summary_large_image\" \/>\n<meta name=\"twitter:label1\" content=\"Tiempo de lectura\" \/>\n\t<meta name=\"twitter:data1\" content=\"3 minutos\" \/>\n<script type=\"application\/ld+json\" class=\"yoast-schema-graph\">{\"@context\":\"https:\/\/schema.org\",\"@graph\":[{\"@type\":\"WebPage\",\"@id\":\"https:\/\/www.aeropuertodetoluca.com.mx\/inicio\/pasajeros\/seguridad\/\",\"url\":\"https:\/\/www.aeropuertodetoluca.com.mx\/inicio\/pasajeros\/seguridad\/\",\"name\":\"seguridad - Aeropuerto Internacional de Toluca\",\"isPartOf\":{\"@id\":\"https:\/\/www.aeropuertodetoluca.com.mx\/inicio\/#website\"},\"datePublished\":\"2022-07-01T03:57:05+00:00\",\"dateModified\":\"2022-11-23T20:12:59+00:00\",\"breadcrumb\":{\"@id\":\"https:\/\/www.aeropuertodetoluca.com.mx\/inicio\/pasajeros\/seguridad\/#breadcrumb\"},\"inLanguage\":\"es\",\"potentialAction\":[{\"@type\":\"ReadAction\",\"target\":[\"https:\/\/www.aeropuertodetoluca.com.mx\/inicio\/pasajeros\/seguridad\/\"]}]},{\"@type\":\"BreadcrumbList\",\"@id\":\"https:\/\/www.aeropuertodetoluca.com.mx\/inicio\/pasajeros\/seguridad\/#breadcrumb\",\"itemListElement\":[{\"@type\":\"ListItem\",\"position\":1,\"name\":\"Portada\",\"item\":\"https:\/\/www.aeropuertodetoluca.com.mx\/inicio\/\"},{\"@type\":\"ListItem\",\"position\":2,\"name\":\"pasajeros\",\"item\":\"https:\/\/www.aeropuertodetoluca.com.mx\/inicio\/pasajeros\/\"},{\"@type\":\"ListItem\",\"position\":3,\"name\":\"seguridad\"}]},{\"@type\":\"WebSite\",\"@id\":\"https:\/\/www.aeropuertodetoluca.com.mx\/inicio\/#website\",\"url\":\"https:\/\/www.aeropuertodetoluca.com.mx\/inicio\/\",\"name\":\"Aeropuerto Internacional de Toluca\",\"description\":\"Por ti y para ti\",\"publisher\":{\"@id\":\"https:\/\/www.aeropuertodetoluca.com.mx\/inicio\/#organization\"},\"potentialAction\":[{\"@type\":\"SearchAction\",\"target\":{\"@type\":\"EntryPoint\",\"urlTemplate\":\"https:\/\/www.aeropuertodetoluca.com.mx\/inicio\/?s={search_term_string}\"},\"query-input\":{\"@type\":\"PropertyValueSpecification\",\"valueRequired\":true,\"valueName\":\"search_term_string\"}}],\"inLanguage\":\"es\"},{\"@type\":\"Organization\",\"@id\":\"https:\/\/www.aeropuertodetoluca.com.mx\/inicio\/#organization\",\"name\":\"Aeropuerto Internacional de Toluca\",\"url\":\"https:\/\/www.aeropuertodetoluca.com.mx\/inicio\/\",\"logo\":{\"@type\":\"ImageObject\",\"inLanguage\":\"es\",\"@id\":\"https:\/\/www.aeropuertodetoluca.com.mx\/inicio\/#\/schema\/logo\/image\/\",\"url\":\"https:\/\/www.aeropuertodetoluca.com.mx\/inicio\/wp-content\/uploads\/2022\/06\/logosmall.png\",\"contentUrl\":\"https:\/\/www.aeropuertodetoluca.com.mx\/inicio\/wp-content\/uploads\/2022\/06\/logosmall.png\",\"width\":388,\"height\":154,\"caption\":\"Aeropuerto Internacional de Toluca\"},\"image\":{\"@id\":\"https:\/\/www.aeropuertodetoluca.com.mx\/inicio\/#\/schema\/logo\/image\/\"}}]}<\/script>\n<!-- \/ Yoast SEO plugin. -->","yoast_head_json":{"title":"seguridad - Aeropuerto Internacional de Toluca","robots":{"index":"index","follow":"follow","max-snippet":"max-snippet:-1","max-image-preview":"max-image-preview:large","max-video-preview":"max-video-preview:-1"},"canonical":"https:\/\/www.aeropuertodetoluca.com.mx\/inicio\/pasajeros\/seguridad\/","og_locale":"es_ES","og_type":"article","og_title":"seguridad - Aeropuerto Internacional de Toluca","og_description":"[vc_row][vc_column][\/vc_column][\/vc_row][vc_row full_width=\u00bbstretch_row\u00bb wrap_container=\u00bbyes\u00bb text_align=\u00bbcenter\u00bb css=\u00bb.vc_custom_1655765735271{background-color: #f99c25 !important;}\u00bb el_class=\u00bbpt-5 custom-zindex\u00bb][vc_column][vc_custom_heading text=\u00bbPara nosotros, tu seguridad es lo m\u00e1s importante.\u00bb font_container=\u00bbtag:h2|font_size:3em|text_align:center|color:%23ffffff|line_height:1.4&#8243; use_theme_fonts=\u00bbyes\u00bb font_weight=\u00bb700&#8243; skin=\u00bblight\u00bb letter_spacing=\u00bb-0.5px\u00bb el_class=\u00bbmb-5&#8243;][vc_column_text css=\u00bb.vc_custom_1666363567503{margin-right: 20px !important;margin-left: 20px !important;}\u00bb] En esta secci\u00f3n te sugerimos qu\u00e9 documentaci\u00f3n se debe tener a la mano en caso de ser requerida por alguna autoridad del Aeropuerto Internacional de Toluca, as\u00ed [&hellip;]","og_url":"https:\/\/www.aeropuertodetoluca.com.mx\/inicio\/pasajeros\/seguridad\/","og_site_name":"Aeropuerto Internacional de Toluca","article_modified_time":"2022-11-23T20:12:59+00:00","twitter_card":"summary_large_image","twitter_misc":{"Tiempo de lectura":"3 minutos"},"schema":{"@context":"https:\/\/schema.org","@graph":[{"@type":"WebPage","@id":"https:\/\/www.aeropuertodetoluca.com.mx\/inicio\/pasajeros\/seguridad\/","url":"https:\/\/www.aeropuertodetoluca.com.mx\/inicio\/pasajeros\/seguridad\/","name":"seguridad - Aeropuerto Internacional de Toluca","isPartOf":{"@id":"https:\/\/www.aeropuertodetoluca.com.mx\/inicio\/#website"},"datePublished":"2022-07-01T03:57:05+00:00","dateModified":"2022-11-23T20:12:59+00:00","breadcrumb":{"@id":"https:\/\/www.aeropuertodetoluca.com.mx\/inicio\/pasajeros\/seguridad\/#breadcrumb"},"inLanguage":"es","potentialAction":[{"@type":"ReadAction","target":["https:\/\/www.aeropuertodetoluca.com.mx\/inicio\/pasajeros\/seguridad\/"]}]},{"@type":"BreadcrumbList","@id":"https:\/\/www.aeropuertodetoluca.com.mx\/inicio\/pasajeros\/seguridad\/#breadcrumb","itemListElement":[{"@type":"ListItem","position":1,"name":"Portada","item":"https:\/\/www.aeropuertodetoluca.com.mx\/inicio\/"},{"@type":"ListItem","position":2,"name":"pasajeros","item":"https:\/\/www.aeropuertodetoluca.com.mx\/inicio\/pasajeros\/"},{"@type":"ListItem","position":3,"name":"seguridad"}]},{"@type":"WebSite","@id":"https:\/\/www.aeropuertodetoluca.com.mx\/inicio\/#website","url":"https:\/\/www.aeropuertodetoluca.com.mx\/inicio\/","name":"Aeropuerto Internacional de Toluca","description":"Por ti y para ti","publisher":{"@id":"https:\/\/www.aeropuertodetoluca.com.mx\/inicio\/#organization"},"potentialAction":[{"@type":"SearchAction","target":{"@type":"EntryPoint","urlTemplate":"https:\/\/www.aeropuertodetoluca.com.mx\/inicio\/?s={search_term_string}"},"query-input":{"@type":"PropertyValueSpecification","valueRequired":true,"valueName":"search_term_string"}}],"inLanguage":"es"},{"@type":"Organization","@id":"https:\/\/www.aeropuertodetoluca.com.mx\/inicio\/#organization","name":"Aeropuerto Internacional de Toluca","url":"https:\/\/www.aeropuertodetoluca.com.mx\/inicio\/","logo":{"@type":"ImageObject","inLanguage":"es","@id":"https:\/\/www.aeropuertodetoluca.com.mx\/inicio\/#\/schema\/logo\/image\/","url":"https:\/\/www.aeropuertodetoluca.com.mx\/inicio\/wp-content\/uploads\/2022\/06\/logosmall.png","contentUrl":"https:\/\/www.aeropuertodetoluca.com.mx\/inicio\/wp-content\/uploads\/2022\/06\/logosmall.png","width":388,"height":154,"caption":"Aeropuerto Internacional de Toluca"},"image":{"@id":"https:\/\/www.aeropuertodetoluca.com.mx\/inicio\/#\/schema\/logo\/image\/"}}]}},"_links":{"self":[{"href":"https:\/\/www.aeropuertodetoluca.com.mx\/inicio\/wp-json\/wp\/v2\/pages\/1938","targetHints":{"allow":["GET"]}}],"collection":[{"href":"https:\/\/www.aeropuertodetoluca.com.mx\/inicio\/wp-json\/wp\/v2\/pages"}],"about":[{"href":"https:\/\/www.aeropuertodetoluca.com.mx\/inicio\/wp-json\/wp\/v2\/types\/page"}],"author":[{"embeddable":true,"href":"https:\/\/www.aeropuertodetoluca.com.mx\/inicio\/wp-json\/wp\/v2\/users\/1"}],"replies":[{"embeddable":true,"href":"https:\/\/www.aeropuertodetoluca.com.mx\/inicio\/wp-json\/wp\/v2\/comments?post=1938"}],"version-history":[{"count":27,"href":"https:\/\/www.aeropuertodetoluca.com.mx\/inicio\/wp-json\/wp\/v2\/pages\/1938\/revisions"}],"predecessor-version":[{"id":2754,"href":"https:\/\/www.aeropuertodetoluca.com.mx\/inicio\/wp-json\/wp\/v2\/pages\/1938\/revisions\/2754"}],"up":[{"embeddable":true,"href":"https:\/\/www.aeropuertodetoluca.com.mx\/inicio\/wp-json\/wp\/v2\/pages\/1068"}],"wp:attachment":[{"href":"https:\/\/www.aeropuertodetoluca.com.mx\/inicio\/wp-json\/wp\/v2\/media?parent=1938"}],"curies":[{"name":"wp","href":"https:\/\/api.w.org\/{rel}","templated":true}]}}