{"id":1014,"date":"2022-06-19T10:20:23","date_gmt":"2022-06-19T10:20:23","guid":{"rendered":"https:\/\/www.aeropuertodetoluca.com.mx\/inicio\/?page_id=1014"},"modified":"2022-11-23T18:10:20","modified_gmt":"2022-11-23T18:10:20","slug":"documentacion","status":"publish","type":"page","link":"https:\/\/www.aeropuertodetoluca.com.mx\/inicio\/pasajeros\/documentacion\/","title":{"rendered":"documentacion"},"content":{"rendered":"<p>[vc_row][vc_column]\n\t\t\t<!-- START Documentaci\u00f3n REVOLUTION SLIDER 6.5.24 --><p class=\"rs-p-wp-fix\"><\/p>\n\t\t\t<rs-module-wrap id=\"rev_slider_11_1_wrapper\" data-source=\"gallery\" style=\"visibility:hidden;background:transparent;padding:0;margin:0px auto;margin-top:0;margin-bottom:0;\">\n\t\t\t\t<rs-module id=\"rev_slider_11_1\" style=\"\" data-version=\"6.5.24\">\n\t\t\t\t\t<rs-slides>\n\t\t\t\t\t\t<rs-slide style=\"position: absolute;\" data-key=\"rs-11\" data-title=\"ait\" data-anim=\"f:random;\" data-in=\"o:0;sx:1.1;sy:1.1;m:true;row:5;col:5;\" data-out=\"a:false;\">\n\t\t\t\t\t\t\t<img fetchpriority=\"high\" decoding=\"async\" src=\"\/\/www.aeropuertodetoluca.com.mx\/inicio\/wp-content\/plugins\/revslider\/public\/assets\/assets\/dummy.png\" alt=\"\" title=\"pasajeros\" width=\"2560\" height=\"1368\" class=\"rev-slidebg tp-rs-img rs-lazyload\" data-lazyload=\"\/\/www.aeropuertodetoluca.com.mx\/inicio\/wp-content\/uploads\/2022\/06\/pasajeros-1-scaled.jpg\" data-no-retina>\n<!--\n\t\t\t\t\t\t\t--><rs-layer\n\t\t\t\t\t\t\t\tid=\"slider-11-slide-11-layer-0\" \n\t\t\t\t\t\t\t\tdata-type=\"text\"\n\t\t\t\t\t\t\t\tdata-color=\"#fff\"\n\t\t\t\t\t\t\t\tdata-rsp_ch=\"on\"\n\t\t\t\t\t\t\t\tdata-xy=\"xo:80px,66px,50px,30px;yo:401px,331px,251px,154px;\"\n\t\t\t\t\t\t\t\tdata-text=\"w:nowrap;s:117,96,72,44;l:148,122,92,56;fw:900;a:right;\"\n\t\t\t\t\t\t\t\tdata-dim=\"w:1105px,912px,692px,426px;h:152px,125px,94px,57px;minh:0,none,none,none;\"\n\t\t\t\t\t\t\t\tdata-frame_0=\"sX:0.9;sY:0.9;\"\n\t\t\t\t\t\t\t\tdata-frame_1=\"x:57px,47px,35px,21px;y:-45px,-37px,-28px,-17px;e:power2.inOut;st:270;sp:1000;sR:270;\"\n\t\t\t\t\t\t\t\tdata-frame_999=\"sX:0.7;sY:0.7;o:0;e:back.in;st:w;sp:500;sR:7730;\"\n\t\t\t\t\t\t\t\tstyle=\"z-index:5;background-color:rgba(249,156,37,0.33);font-family:'Roboto';text-transform:uppercase;\"\n\t\t\t\t\t\t\t>Documentaci\u00f3n \n\t\t\t\t\t\t\t<\/rs-layer><!--\n\n\t\t\t\t\t\t\t--><rs-layer\n\t\t\t\t\t\t\t\tid=\"slider-11-slide-11-layer-1\" \n\t\t\t\t\t\t\t\tdata-type=\"image\"\n\t\t\t\t\t\t\t\tdata-rsp_ch=\"on\"\n\t\t\t\t\t\t\t\tdata-xy=\"xo:157px,129px,98px,60px;yo:370px,305px,231px,142px;\"\n\t\t\t\t\t\t\t\tdata-text=\"w:normal;s:20,16,12,7;l:0,20,15,9;\"\n\t\t\t\t\t\t\t\tdata-dim=\"w:102px,84px,63px,38px;h:116px,95px,72px,44px;\"\n\t\t\t\t\t\t\t\tdata-frame_0=\"x:-100%;\"\n\t\t\t\t\t\t\t\tdata-frame_0_mask=\"u:t;\"\n\t\t\t\t\t\t\t\tdata-frame_1=\"x:1px,0px,0px,0px;y:1px,0px,0px,0px;st:1570;sp:1000;\"\n\t\t\t\t\t\t\t\tdata-frame_1_mask=\"u:t;\"\n\t\t\t\t\t\t\t\tdata-frame_999=\"o:0;st:w;sR:6430;\"\n\t\t\t\t\t\t\t\tstyle=\"z-index:6;\"\n\t\t\t\t\t\t\t><img decoding=\"async\" src=\"\/\/www.aeropuertodetoluca.com.mx\/inicio\/wp-content\/plugins\/revslider\/public\/assets\/assets\/dummy.png\" alt=\"\" class=\"tp-rs-img rs-lazyload\" width=\"503\" height=\"574\" data-lazyload=\"\/\/www.aeropuertodetoluca.com.mx\/inicio\/wp-content\/uploads\/2022\/07\/passport.png\" data-no-retina> \n\t\t\t\t\t\t\t<\/rs-layer><!--\n-->\t\t\t\t\t\t<\/rs-slide>\n\t\t\t\t\t<\/rs-slides>\n\t\t\t\t<\/rs-module>\n\t\t\t\t<script>\n\t\t\t\t\tsetREVStartSize({c: 'rev_slider_11_1',rl:[1240,1024,778,480],el:[900,743,960,720],gw:[1240,1024,778,480],gh:[900,768,960,600],type:'standard',justify:'',layout:'fullwidth',mh:\"0\"});if (window.RS_MODULES!==undefined && window.RS_MODULES.modules!==undefined && window.RS_MODULES.modules[\"revslider111\"]!==undefined) {window.RS_MODULES.modules[\"revslider111\"].once = false;window.revapi11 = undefined;if (window.RS_MODULES.checkMinimal!==undefined) window.RS_MODULES.checkMinimal()}\n\t\t\t\t<\/script>\n\t\t\t<\/rs-module-wrap>\n\t\t\t<!-- END REVOLUTION SLIDER -->\n[\/vc_column][\/vc_row][vc_row full_width=\u00bbstretch_row\u00bb wrap_container=\u00bbyes\u00bb text_align=\u00bbcenter\u00bb css=\u00bb.vc_custom_1655764130296{background-color: #f99c25 !important;}\u00bb el_class=\u00bbpt-5 custom-zindex\u00bb][vc_column][vc_column_text css=\u00bb.vc_custom_1666363441825{margin-right: 20px !important;margin-left: 20px !important;}\u00bb]<\/p>\n<p style=\"text-align: center;\"><span style=\"font-size: 28px; color: #ffffff;\">Consulta con tu aerol\u00ednea los requisitos, documentaci\u00f3n y tiempos estipulados para obtener tu pase de abordar y el acceso a Sala de Ultima Espera (SUE).<\/span><\/p>\n<p>[\/vc_column_text][\/vc_column][\/vc_row][vc_row][vc_column][vc_cta h2=\u00bb\u00bb txt_align=\u00bbcenter\u00bb shape=\u00bbsquare\u00bb color=\u00bbwhite\u00bb]<\/p>\n<p style=\"font-size: 20px;\"><span style=\"font-size: 24px;\">Aseg\u00farate de llegar con el tiempo adecuado para que tu experiencia de abordaje se realice sin contratiempos.<\/span><\/p>\n<p>[\/vc_cta][\/vc_column][\/vc_row][vc_row wrap_container=\u00bbyes\u00bb][vc_column width=\u00bb1\/3&#8243; el_class=\u00bbhover-box\u00bb]<div class=\"porto-sicon-box  vc_custom_1669227016659 p-5  wpb_custom_d8e3f72707cc19ead505c0c36acff736 style_1 top-icon\"><div class=\"porto-sicon-top\"><div id=\"porto-icon-162110215269df4b0b72dd4\" class=\"porto-just-icon-wrapper porto-sicon-img\" style=\"font-size: 176px;\" data-appear-animation=\"pulse\"><img decoding=\"async\" class=\"img-icon\" alt=\"\" src=\"https:\/\/www.aeropuertodetoluca.com.mx\/inicio\/wp-content\/uploads\/2022\/06\/equipaje-a-documentar-2.png\" width=\"495\" height=\"501\" \/><\/div><\/div><div class=\"porto-sicon-header\"><p style=\"font-weight:700;font-size:16.8px;color:#f89c25;\">Equipaje a documentar<\/p><\/div> <!-- header --><div class=\"porto-sicon-description\" style=\"color:#f89c25;\">El peso m\u00e1ximo var\u00eda entre aerol\u00edneas. Verifica con ellas directamente.<\/div> <!-- description --><\/div><!-- porto-sicon-box -->[\/vc_column][vc_column width=\u00bb1\/3&#8243; el_class=\u00bbhover-box\u00bb]<div class=\"porto-sicon-box  vc_custom_1657638337173 p-5  wpb_custom_d8e3f72707cc19ead505c0c36acff736 style_1 top-icon\"><div class=\"porto-sicon-top\"><div id=\"porto-icon-35275771369df4b0b73747\" class=\"porto-just-icon-wrapper porto-sicon-img\" style=\"font-size: 300px;margin-bottom:10PX;\" data-appear-animation=\"pulse\"><img loading=\"lazy\" decoding=\"async\" class=\"img-icon\" alt=\"\" src=\"https:\/\/www.aeropuertodetoluca.com.mx\/inicio\/wp-content\/uploads\/2022\/07\/tiempo-requerido-para-documentar-1.png\" width=\"1036\" height=\"394\" \/><\/div><\/div><div class=\"porto-sicon-header\"><p style=\"font-weight:700;font-size:16.8px;color:#f89c25;\">Tiempo requerido para documentar equipaje<\/p><\/div> <!-- header --><div class=\"porto-sicon-description\" style=\"color:#f89c25;\">Vuelos nacionales: 45 minutos<\/p>\n<p>Vuelos Internacionales: 60 minutos<\/div> <!-- description --><\/div><!-- porto-sicon-box -->[\/vc_column][vc_column width=\u00bb1\/3&#8243; el_class=\u00bbhover-box\u00bb]<div class=\"porto-sicon-box  vc_custom_1657638351667 p-5  wpb_custom_d8e3f72707cc19ead505c0c36acff736 style_1 top-icon\"><div class=\"porto-sicon-top\"><div id=\"porto-icon-5293469169df4b0b74097\" class=\"porto-just-icon-wrapper porto-sicon-img\" style=\"font-size: 192px;\" data-appear-animation=\"pulse\"><img loading=\"lazy\" decoding=\"async\" class=\"img-icon\" alt=\"\" src=\"https:\/\/www.aeropuertodetoluca.com.mx\/inicio\/wp-content\/uploads\/2022\/06\/documentos-requeridos-para-documentar-1.png\" width=\"544\" height=\"501\" \/><\/div><\/div><div class=\"porto-sicon-header\"><p style=\"font-weight:700;font-size:16.8px;color:#f89c25;\">Documentos requeridos para documentar equipaje<\/p><\/div> <!-- header --><div class=\"porto-sicon-description\" style=\"color:#f89c25;\">Clave de vuelo e identificaci\u00f3n oficial del pasajero.<\/div> <!-- description --><\/div><!-- porto-sicon-box -->[\/vc_column][\/vc_row][vc_row full_width=\u00bbstretch_row\u00bb wrap_container=\u00bbyes\u00bb css=\u00bb.vc_custom_1657134755638{background-color: #f99c25 !important;}\u00bb el_class=\u00bbpt-5 custom-zindex\u00bb][vc_column][vc_custom_heading text=\u00bbRecuerda que cada aerol\u00ednea tiene requisitos diferentes para el abordaje, consultalos directamente en sus sitios web, da clic en la aerol\u00ednea con la que viajar\u00e1s para m\u00e1s informaci\u00f3n:\u00bb font_container=\u00bbtag:h6|font_size:2em|text_align:center|color:%23ffffff|line_height:1.4&#8243; use_theme_fonts=\u00bbyes\u00bb font_weight=\u00bb700&#8243; letter_spacing=\u00bb-0.5px\u00bb el_class=\u00bbmb-5&#8243; css=\u00bb.vc_custom_1657134695342{margin-right: 20px !important;margin-left: 20px !important;}\u00bb][\/vc_column][\/vc_row][vc_row][vc_column][vc_separator][\/vc_column][\/vc_row][vc_row][vc_column][vc_row_inner][vc_column_inner width=\u00bb1\/2&#8243;][vc_single_image image=\u00bb1886&#8243; img_size=\u00bbmedium\u00bb alignment=\u00bbcenter\u00bb onclick=\u00bbcustom_link\u00bb img_link_target=\u00bb_blank\u00bb link=\u00bbhttps:\/\/cms.volaris.com\/es\/informacion-util\/antes-de-tu-vuelo\/proceso-de-documentacion\/\u00bb][\/vc_column_inner][vc_column_inner width=\u00bb1\/2&#8243;][vc_single_image image=\u00bb2593&#8243; img_size=\u00bbmedium\u00bb alignment=\u00bbcenter\u00bb onclick=\u00bbcustom_link\u00bb img_link_target=\u00bb_blank\u00bb link=\u00bbhttps:\/\/soporte.vivaaerobus.com\/es-LA\/support\/solutions\/folders\/1000195341&#8243;][\/vc_column_inner][\/vc_row_inner][\/vc_column][\/vc_row]<\/p>\n","protected":false},"excerpt":{"rendered":"<p>[vc_row][vc_column][\/vc_column][\/vc_row][vc_row full_width=\u00bbstretch_row\u00bb wrap_container=\u00bbyes\u00bb text_align=\u00bbcenter\u00bb css=\u00bb.vc_custom_1655764130296{background-color: #f99c25 !important;}\u00bb el_class=\u00bbpt-5 custom-zindex\u00bb][vc_column][vc_column_text css=\u00bb.vc_custom_1666363441825{margin-right: 20px !important;margin-left: 20px !important;}\u00bb] Consulta con tu aerol\u00ednea los requisitos, documentaci\u00f3n y tiempos estipulados para obtener tu pase de abordar y el acceso a Sala de Ultima Espera (SUE). [\/vc_column_text][\/vc_column][\/vc_row][vc_row][vc_column][vc_cta h2=\u00bb\u00bb txt_align=\u00bbcenter\u00bb shape=\u00bbsquare\u00bb color=\u00bbwhite\u00bb] Aseg\u00farate de llegar con el tiempo adecuado para que tu experiencia [&hellip;]<\/p>\n","protected":false},"author":1,"featured_media":0,"parent":1068,"menu_order":0,"comment_status":"closed","ping_status":"closed","template":"","meta":{"_acf_changed":false,"footnotes":""},"class_list":["post-1014","page","type-page","status-publish","hentry"],"acf":[],"yoast_head":"<!-- This site is optimized with the Yoast SEO plugin v24.0 - https:\/\/yoast.com\/wordpress\/plugins\/seo\/ -->\n<title>documentacion - Aeropuerto Internacional de Toluca<\/title>\n<meta name=\"robots\" content=\"index, follow, max-snippet:-1, max-image-preview:large, max-video-preview:-1\" \/>\n<link rel=\"canonical\" href=\"https:\/\/www.aeropuertodetoluca.com.mx\/inicio\/pasajeros\/documentacion\/\" \/>\n<meta property=\"og:locale\" content=\"es_ES\" \/>\n<meta property=\"og:type\" content=\"article\" \/>\n<meta property=\"og:title\" content=\"documentacion - Aeropuerto Internacional de Toluca\" \/>\n<meta property=\"og:description\" content=\"[vc_row][vc_column][\/vc_column][\/vc_row][vc_row full_width=\u00bbstretch_row\u00bb wrap_container=\u00bbyes\u00bb text_align=\u00bbcenter\u00bb css=\u00bb.vc_custom_1655764130296{background-color: #f99c25 !important;}\u00bb el_class=\u00bbpt-5 custom-zindex\u00bb][vc_column][vc_column_text css=\u00bb.vc_custom_1666363441825{margin-right: 20px !important;margin-left: 20px !important;}\u00bb] Consulta con tu aerol\u00ednea los requisitos, documentaci\u00f3n y tiempos estipulados para obtener tu pase de abordar y el acceso a Sala de Ultima Espera (SUE). [\/vc_column_text][\/vc_column][\/vc_row][vc_row][vc_column][vc_cta h2=\u00bb\u00bb txt_align=\u00bbcenter\u00bb shape=\u00bbsquare\u00bb color=\u00bbwhite\u00bb] Aseg\u00farate de llegar con el tiempo adecuado para que tu experiencia [&hellip;]\" \/>\n<meta property=\"og:url\" content=\"https:\/\/www.aeropuertodetoluca.com.mx\/inicio\/pasajeros\/documentacion\/\" \/>\n<meta property=\"og:site_name\" content=\"Aeropuerto Internacional de Toluca\" \/>\n<meta property=\"article:modified_time\" content=\"2022-11-23T18:10:20+00:00\" \/>\n<meta name=\"twitter:card\" content=\"summary_large_image\" \/>\n<meta name=\"twitter:label1\" content=\"Tiempo de lectura\" \/>\n\t<meta name=\"twitter:data1\" content=\"2 minutos\" \/>\n<script type=\"application\/ld+json\" class=\"yoast-schema-graph\">{\"@context\":\"https:\/\/schema.org\",\"@graph\":[{\"@type\":\"WebPage\",\"@id\":\"https:\/\/www.aeropuertodetoluca.com.mx\/inicio\/pasajeros\/documentacion\/\",\"url\":\"https:\/\/www.aeropuertodetoluca.com.mx\/inicio\/pasajeros\/documentacion\/\",\"name\":\"documentacion - Aeropuerto Internacional de Toluca\",\"isPartOf\":{\"@id\":\"https:\/\/www.aeropuertodetoluca.com.mx\/inicio\/#website\"},\"datePublished\":\"2022-06-19T10:20:23+00:00\",\"dateModified\":\"2022-11-23T18:10:20+00:00\",\"breadcrumb\":{\"@id\":\"https:\/\/www.aeropuertodetoluca.com.mx\/inicio\/pasajeros\/documentacion\/#breadcrumb\"},\"inLanguage\":\"es\",\"potentialAction\":[{\"@type\":\"ReadAction\",\"target\":[\"https:\/\/www.aeropuertodetoluca.com.mx\/inicio\/pasajeros\/documentacion\/\"]}]},{\"@type\":\"BreadcrumbList\",\"@id\":\"https:\/\/www.aeropuertodetoluca.com.mx\/inicio\/pasajeros\/documentacion\/#breadcrumb\",\"itemListElement\":[{\"@type\":\"ListItem\",\"position\":1,\"name\":\"Portada\",\"item\":\"https:\/\/www.aeropuertodetoluca.com.mx\/inicio\/\"},{\"@type\":\"ListItem\",\"position\":2,\"name\":\"pasajeros\",\"item\":\"https:\/\/www.aeropuertodetoluca.com.mx\/inicio\/pasajeros\/\"},{\"@type\":\"ListItem\",\"position\":3,\"name\":\"documentacion\"}]},{\"@type\":\"WebSite\",\"@id\":\"https:\/\/www.aeropuertodetoluca.com.mx\/inicio\/#website\",\"url\":\"https:\/\/www.aeropuertodetoluca.com.mx\/inicio\/\",\"name\":\"Aeropuerto Internacional de Toluca\",\"description\":\"Por ti y para ti\",\"publisher\":{\"@id\":\"https:\/\/www.aeropuertodetoluca.com.mx\/inicio\/#organization\"},\"potentialAction\":[{\"@type\":\"SearchAction\",\"target\":{\"@type\":\"EntryPoint\",\"urlTemplate\":\"https:\/\/www.aeropuertodetoluca.com.mx\/inicio\/?s={search_term_string}\"},\"query-input\":{\"@type\":\"PropertyValueSpecification\",\"valueRequired\":true,\"valueName\":\"search_term_string\"}}],\"inLanguage\":\"es\"},{\"@type\":\"Organization\",\"@id\":\"https:\/\/www.aeropuertodetoluca.com.mx\/inicio\/#organization\",\"name\":\"Aeropuerto Internacional de Toluca\",\"url\":\"https:\/\/www.aeropuertodetoluca.com.mx\/inicio\/\",\"logo\":{\"@type\":\"ImageObject\",\"inLanguage\":\"es\",\"@id\":\"https:\/\/www.aeropuertodetoluca.com.mx\/inicio\/#\/schema\/logo\/image\/\",\"url\":\"https:\/\/www.aeropuertodetoluca.com.mx\/inicio\/wp-content\/uploads\/2022\/06\/logosmall.png\",\"contentUrl\":\"https:\/\/www.aeropuertodetoluca.com.mx\/inicio\/wp-content\/uploads\/2022\/06\/logosmall.png\",\"width\":388,\"height\":154,\"caption\":\"Aeropuerto Internacional de Toluca\"},\"image\":{\"@id\":\"https:\/\/www.aeropuertodetoluca.com.mx\/inicio\/#\/schema\/logo\/image\/\"}}]}<\/script>\n<!-- \/ Yoast SEO plugin. -->","yoast_head_json":{"title":"documentacion - Aeropuerto Internacional de Toluca","robots":{"index":"index","follow":"follow","max-snippet":"max-snippet:-1","max-image-preview":"max-image-preview:large","max-video-preview":"max-video-preview:-1"},"canonical":"https:\/\/www.aeropuertodetoluca.com.mx\/inicio\/pasajeros\/documentacion\/","og_locale":"es_ES","og_type":"article","og_title":"documentacion - Aeropuerto Internacional de Toluca","og_description":"[vc_row][vc_column][\/vc_column][\/vc_row][vc_row full_width=\u00bbstretch_row\u00bb wrap_container=\u00bbyes\u00bb text_align=\u00bbcenter\u00bb css=\u00bb.vc_custom_1655764130296{background-color: #f99c25 !important;}\u00bb el_class=\u00bbpt-5 custom-zindex\u00bb][vc_column][vc_column_text css=\u00bb.vc_custom_1666363441825{margin-right: 20px !important;margin-left: 20px !important;}\u00bb] Consulta con tu aerol\u00ednea los requisitos, documentaci\u00f3n y tiempos estipulados para obtener tu pase de abordar y el acceso a Sala de Ultima Espera (SUE). [\/vc_column_text][\/vc_column][\/vc_row][vc_row][vc_column][vc_cta h2=\u00bb\u00bb txt_align=\u00bbcenter\u00bb shape=\u00bbsquare\u00bb color=\u00bbwhite\u00bb] Aseg\u00farate de llegar con el tiempo adecuado para que tu experiencia [&hellip;]","og_url":"https:\/\/www.aeropuertodetoluca.com.mx\/inicio\/pasajeros\/documentacion\/","og_site_name":"Aeropuerto Internacional de Toluca","article_modified_time":"2022-11-23T18:10:20+00:00","twitter_card":"summary_large_image","twitter_misc":{"Tiempo de lectura":"2 minutos"},"schema":{"@context":"https:\/\/schema.org","@graph":[{"@type":"WebPage","@id":"https:\/\/www.aeropuertodetoluca.com.mx\/inicio\/pasajeros\/documentacion\/","url":"https:\/\/www.aeropuertodetoluca.com.mx\/inicio\/pasajeros\/documentacion\/","name":"documentacion - Aeropuerto Internacional de Toluca","isPartOf":{"@id":"https:\/\/www.aeropuertodetoluca.com.mx\/inicio\/#website"},"datePublished":"2022-06-19T10:20:23+00:00","dateModified":"2022-11-23T18:10:20+00:00","breadcrumb":{"@id":"https:\/\/www.aeropuertodetoluca.com.mx\/inicio\/pasajeros\/documentacion\/#breadcrumb"},"inLanguage":"es","potentialAction":[{"@type":"ReadAction","target":["https:\/\/www.aeropuertodetoluca.com.mx\/inicio\/pasajeros\/documentacion\/"]}]},{"@type":"BreadcrumbList","@id":"https:\/\/www.aeropuertodetoluca.com.mx\/inicio\/pasajeros\/documentacion\/#breadcrumb","itemListElement":[{"@type":"ListItem","position":1,"name":"Portada","item":"https:\/\/www.aeropuertodetoluca.com.mx\/inicio\/"},{"@type":"ListItem","position":2,"name":"pasajeros","item":"https:\/\/www.aeropuertodetoluca.com.mx\/inicio\/pasajeros\/"},{"@type":"ListItem","position":3,"name":"documentacion"}]},{"@type":"WebSite","@id":"https:\/\/www.aeropuertodetoluca.com.mx\/inicio\/#website","url":"https:\/\/www.aeropuertodetoluca.com.mx\/inicio\/","name":"Aeropuerto Internacional de Toluca","description":"Por ti y para ti","publisher":{"@id":"https:\/\/www.aeropuertodetoluca.com.mx\/inicio\/#organization"},"potentialAction":[{"@type":"SearchAction","target":{"@type":"EntryPoint","urlTemplate":"https:\/\/www.aeropuertodetoluca.com.mx\/inicio\/?s={search_term_string}"},"query-input":{"@type":"PropertyValueSpecification","valueRequired":true,"valueName":"search_term_string"}}],"inLanguage":"es"},{"@type":"Organization","@id":"https:\/\/www.aeropuertodetoluca.com.mx\/inicio\/#organization","name":"Aeropuerto Internacional de Toluca","url":"https:\/\/www.aeropuertodetoluca.com.mx\/inicio\/","logo":{"@type":"ImageObject","inLanguage":"es","@id":"https:\/\/www.aeropuertodetoluca.com.mx\/inicio\/#\/schema\/logo\/image\/","url":"https:\/\/www.aeropuertodetoluca.com.mx\/inicio\/wp-content\/uploads\/2022\/06\/logosmall.png","contentUrl":"https:\/\/www.aeropuertodetoluca.com.mx\/inicio\/wp-content\/uploads\/2022\/06\/logosmall.png","width":388,"height":154,"caption":"Aeropuerto Internacional de Toluca"},"image":{"@id":"https:\/\/www.aeropuertodetoluca.com.mx\/inicio\/#\/schema\/logo\/image\/"}}]}},"_links":{"self":[{"href":"https:\/\/www.aeropuertodetoluca.com.mx\/inicio\/wp-json\/wp\/v2\/pages\/1014","targetHints":{"allow":["GET"]}}],"collection":[{"href":"https:\/\/www.aeropuertodetoluca.com.mx\/inicio\/wp-json\/wp\/v2\/pages"}],"about":[{"href":"https:\/\/www.aeropuertodetoluca.com.mx\/inicio\/wp-json\/wp\/v2\/types\/page"}],"author":[{"embeddable":true,"href":"https:\/\/www.aeropuertodetoluca.com.mx\/inicio\/wp-json\/wp\/v2\/users\/1"}],"replies":[{"embeddable":true,"href":"https:\/\/www.aeropuertodetoluca.com.mx\/inicio\/wp-json\/wp\/v2\/comments?post=1014"}],"version-history":[{"count":104,"href":"https:\/\/www.aeropuertodetoluca.com.mx\/inicio\/wp-json\/wp\/v2\/pages\/1014\/revisions"}],"predecessor-version":[{"id":3102,"href":"https:\/\/www.aeropuertodetoluca.com.mx\/inicio\/wp-json\/wp\/v2\/pages\/1014\/revisions\/3102"}],"up":[{"embeddable":true,"href":"https:\/\/www.aeropuertodetoluca.com.mx\/inicio\/wp-json\/wp\/v2\/pages\/1068"}],"wp:attachment":[{"href":"https:\/\/www.aeropuertodetoluca.com.mx\/inicio\/wp-json\/wp\/v2\/media?parent=1014"}],"curies":[{"name":"wp","href":"https:\/\/api.w.org\/{rel}","templated":true}]}}